{"id":24961,"date":"2025-04-06T15:20:45","date_gmt":"2025-04-06T13:20:45","guid":{"rendered":"https:\/\/fondazionebarbavarley.org\/fondazione-scientific-committee\/"},"modified":"2025-09-13T19:49:35","modified_gmt":"2025-09-13T17:49:35","slug":"foundation-scientific-committee","status":"publish","type":"page","link":"https:\/\/fondazionebarbavarley.org\/en\/foundation-scientific-committee\/","title":{"rendered":"Foundation Scientific Committee"},"content":{"rendered":"\t\t<div data-elementor-type=\"wp-page\" data-elementor-id=\"24961\" class=\"elementor elementor-24961 elementor-21883\" data-elementor-post-type=\"page\">\n\t\t\t\t\t\t<section class=\"elementor-section elementor-top-section elementor-element elementor-element-4cec8d1b elementor-section-full_width elementor-section-height-default elementor-section-height-default\" data-id=\"4cec8d1b\" data-element_type=\"section\" data-e-type=\"section\">\n\t\t\t\t\t\t<div class=\"elementor-container elementor-column-gap-no\">\n\t\t\t\t\t<div class=\"elementor-column elementor-col-100 elementor-top-column elementor-element elementor-element-7ead0e05\" data-id=\"7ead0e05\" data-element_type=\"column\" data-e-type=\"column\">\n\t\t\t<div class=\"elementor-widget-wrap elementor-element-populated\">\n\t\t\t\t\t\t<div class=\"elementor-element elementor-element-12e0f7e elementor-widget__width-inherit elementor-widget elementor-widget-image\" data-id=\"12e0f7e\" data-element_type=\"widget\" data-e-type=\"widget\" data-widget_type=\"image.default\">\n\t\t\t\t<div class=\"elementor-widget-container\">\n\t\t\t\t\t\t\t\t\t\t\t\t\t\t\t<img fetchpriority=\"high\" decoding=\"async\" width=\"1600\" height=\"468\" src=\"https:\/\/fondazionebarbavarley.org\/wp-content\/uploads\/2025\/07\/header-comitato-scientifico.jpg\" class=\"attachment-full size-full wp-image-24467\" alt=\"\" srcset=\"https:\/\/fondazionebarbavarley.org\/wp-content\/uploads\/2025\/07\/header-comitato-scientifico.jpg 1600w, https:\/\/fondazionebarbavarley.org\/wp-content\/uploads\/2025\/07\/header-comitato-scientifico-300x88.jpg 300w, https:\/\/fondazionebarbavarley.org\/wp-content\/uploads\/2025\/07\/header-comitato-scientifico-1024x300.jpg 1024w, https:\/\/fondazionebarbavarley.org\/wp-content\/uploads\/2025\/07\/header-comitato-scientifico-768x225.jpg 768w, https:\/\/fondazionebarbavarley.org\/wp-content\/uploads\/2025\/07\/header-comitato-scientifico-1536x449.jpg 1536w, https:\/\/fondazionebarbavarley.org\/wp-content\/uploads\/2025\/07\/header-comitato-scientifico-1568x459.jpg 1568w, https:\/\/fondazionebarbavarley.org\/wp-content\/uploads\/2025\/07\/header-comitato-scientifico-1320x386.jpg 1320w, https:\/\/fondazionebarbavarley.org\/wp-content\/uploads\/2025\/07\/header-comitato-scientifico-600x176.jpg 600w\" sizes=\"(max-width: 1600px) 100vw, 1600px\" \/>\t\t\t\t\t\t\t\t\t\t\t\t\t\t\t<\/div>\n\t\t\t\t<\/div>\n\t\t\t\t\t<\/div>\n\t\t<\/div>\n\t\t\t\t\t<\/div>\n\t\t<\/section>\n\t\t\t\t<section class=\"elementor-section elementor-top-section elementor-element elementor-element-f04acd6 elementor-section-boxed elementor-section-height-default elementor-section-height-default\" data-id=\"f04acd6\" data-element_type=\"section\" data-e-type=\"section\">\n\t\t\t\t\t\t<div class=\"elementor-container elementor-column-gap-default\">\n\t\t\t\t\t<div class=\"elementor-column elementor-col-100 elementor-top-column elementor-element elementor-element-19444b3\" data-id=\"19444b3\" data-element_type=\"column\" data-e-type=\"column\">\n\t\t\t<div class=\"elementor-widget-wrap elementor-element-populated\">\n\t\t\t\t\t\t<div class=\"elementor-element elementor-element-b63cb46 elementor-widget elementor-widget-heading\" data-id=\"b63cb46\" data-element_type=\"widget\" data-e-type=\"widget\" data-widget_type=\"heading.default\">\n\t\t\t\t<div class=\"elementor-widget-container\">\n\t\t\t\t\t<h1 class=\"elementor-heading-title elementor-size-default\">Fondazione Scientific Committee<\/h1>\t\t\t\t<\/div>\n\t\t\t\t<\/div>\n\t\t\t\t\t<\/div>\n\t\t<\/div>\n\t\t\t\t\t<\/div>\n\t\t<\/section>\n\t\t\t\t<section class=\"elementor-section elementor-top-section elementor-element elementor-element-2126e874 elementor-section-boxed elementor-section-height-default elementor-section-height-default\" data-id=\"2126e874\" data-element_type=\"section\" data-e-type=\"section\">\n\t\t\t\t\t\t<div class=\"elementor-container elementor-column-gap-default\">\n\t\t\t\t\t<div class=\"elementor-column elementor-col-100 elementor-top-column elementor-element elementor-element-486c4bfd\" data-id=\"486c4bfd\" data-element_type=\"column\" data-e-type=\"column\">\n\t\t\t<div class=\"elementor-widget-wrap elementor-element-populated\">\n\t\t\t\t\t\t<div class=\"elementor-element elementor-element-487730b elementor-widget elementor-widget-heading\" data-id=\"487730b\" data-element_type=\"widget\" data-e-type=\"widget\" data-widget_type=\"heading.default\">\n\t\t\t\t<div class=\"elementor-widget-container\">\n\t\t\t\t\t<h2 class=\"elementor-heading-title elementor-size-default\">President: Ariane Mnouchkine (France)<\/h2>\t\t\t\t<\/div>\n\t\t\t\t<\/div>\n\t\t\t\t<div class=\"elementor-element elementor-element-1d2739a elementor-widget elementor-widget-text-editor\" data-id=\"1d2739a\" data-element_type=\"widget\" data-e-type=\"widget\" data-widget_type=\"text-editor.default\">\n\t\t\t\t<div class=\"elementor-widget-container\">\n\t\t\t\t\t\t\t\t\t<p>Theatre and film director. In 1964, after attending the Jacques Lecoq School, she created the Th\u00e9\u00e2tre du Soleil, a theatre collective still active today.<\/p><p>She has translated and staged various Shakespeare plays, collaborating with H\u00e9l\u00e8ne Cixous for plays and films. She has a professorship in artistic creation at the Coll\u00e8ge de France, and two H.C. from the University of Rome (2005) and Oxford (2008). European Theatre Prize (1987), Ibsen Prize (2009) and Goethe Medal (2011).<\/p>\t\t\t\t\t\t\t\t<\/div>\n\t\t\t\t<\/div>\n\t\t\t\t\t<\/div>\n\t\t<\/div>\n\t\t\t\t\t<\/div>\n\t\t<\/section>\n\t\t\t\t<section class=\"elementor-section elementor-top-section elementor-element elementor-element-b3fdac9 elementor-section-boxed elementor-section-height-default elementor-section-height-default\" data-id=\"b3fdac9\" data-element_type=\"section\" data-e-type=\"section\">\n\t\t\t\t\t\t<div class=\"elementor-container elementor-column-gap-default\">\n\t\t\t\t\t<div class=\"elementor-column elementor-col-100 elementor-top-column elementor-element elementor-element-33329ac\" data-id=\"33329ac\" data-element_type=\"column\" data-e-type=\"column\">\n\t\t\t<div class=\"elementor-widget-wrap elementor-element-populated\">\n\t\t\t\t\t\t<div class=\"elementor-element elementor-element-583e8f7 elementor-widget elementor-widget-heading\" data-id=\"583e8f7\" data-element_type=\"widget\" data-e-type=\"widget\" data-widget_type=\"heading.default\">\n\t\t\t\t<div class=\"elementor-widget-container\">\n\t\t\t\t\t<h2 class=\"elementor-heading-title elementor-size-default\">Patricia Ariza (Colombia) <\/h2>\t\t\t\t<\/div>\n\t\t\t\t<\/div>\n\t\t\t\t<div class=\"elementor-element elementor-element-cd9a5af elementor-widget elementor-widget-text-editor\" data-id=\"cd9a5af\" data-element_type=\"widget\" data-e-type=\"widget\" data-widget_type=\"text-editor.default\">\n\t\t\t\t<div class=\"elementor-widget-container\">\n\t\t\t\t\t\t\t\t\t<p>Founding member of Teatro La Candelaria, actress, director, poet, playwright and activist for peace and women\u2019s movement. She is active in the production, direction and organisation of performances and other activities in support of young people, prostitutes, drug addicts, and people displaced by war. Patricia Ariza founded the Corporaci\u00f3n Colombiana de Teatro whose artistic, cultural and social projects promote theatre, peace and human rights.<\/p><p>She is part of The Magdalena Project network and since 2006 she has organised the Magdalena Antigona Festival in Bogot\u00e1. As well as the Women for Peace Festival.<\/p>\t\t\t\t\t\t\t\t<\/div>\n\t\t\t\t<\/div>\n\t\t\t\t\t<\/div>\n\t\t<\/div>\n\t\t\t\t\t<\/div>\n\t\t<\/section>\n\t\t\t\t<section class=\"elementor-section elementor-top-section elementor-element elementor-element-ff03bc4 elementor-section-boxed elementor-section-height-default elementor-section-height-default\" data-id=\"ff03bc4\" data-element_type=\"section\" data-e-type=\"section\">\n\t\t\t\t\t\t<div class=\"elementor-container elementor-column-gap-default\">\n\t\t\t\t\t<div class=\"elementor-column elementor-col-100 elementor-top-column elementor-element elementor-element-100fc27\" data-id=\"100fc27\" data-element_type=\"column\" data-e-type=\"column\">\n\t\t\t<div class=\"elementor-widget-wrap elementor-element-populated\">\n\t\t\t\t\t\t<div class=\"elementor-element elementor-element-f1094ee elementor-widget elementor-widget-heading\" data-id=\"f1094ee\" data-element_type=\"widget\" data-e-type=\"widget\" data-widget_type=\"heading.default\">\n\t\t\t\t<div class=\"elementor-widget-container\">\n\t\t\t\t\t<h2 class=\"elementor-heading-title elementor-size-default\">Nora Amin (Egypt) <\/h2>\t\t\t\t<\/div>\n\t\t\t\t<\/div>\n\t\t\t\t<div class=\"elementor-element elementor-element-a39a02b elementor-widget elementor-widget-text-editor\" data-id=\"a39a02b\" data-element_type=\"widget\" data-e-type=\"widget\" data-widget_type=\"text-editor.default\">\n\t\t\t\t<div class=\"elementor-widget-container\">\n\t\t\t\t\t\t\t\t\tEgyptian writer, performer, choreographer and director. She began her professional career as a member of the modern dance company at the Cairo Opera House (1993\/94), and performed as a leading actress at the Hanager Arts Center until 2002. \n\nIn 2000 she founded La Musica, an independent theatre group in Cairo. She has published two novels and four collections of short stories.\t\t\t\t\t\t\t\t<\/div>\n\t\t\t\t<\/div>\n\t\t\t\t\t<\/div>\n\t\t<\/div>\n\t\t\t\t\t<\/div>\n\t\t<\/section>\n\t\t\t\t<section class=\"elementor-section elementor-top-section elementor-element elementor-element-b76786b elementor-section-boxed elementor-section-height-default elementor-section-height-default\" data-id=\"b76786b\" data-element_type=\"section\" data-e-type=\"section\">\n\t\t\t\t\t\t<div class=\"elementor-container elementor-column-gap-default\">\n\t\t\t\t\t<div class=\"elementor-column elementor-col-100 elementor-top-column elementor-element elementor-element-3976705\" data-id=\"3976705\" data-element_type=\"column\" data-e-type=\"column\">\n\t\t\t<div class=\"elementor-widget-wrap elementor-element-populated\">\n\t\t\t\t\t\t<div class=\"elementor-element elementor-element-1dc077e elementor-widget elementor-widget-heading\" data-id=\"1dc077e\" data-element_type=\"widget\" data-e-type=\"widget\" data-widget_type=\"heading.default\">\n\t\t\t\t<div class=\"elementor-widget-container\">\n\t\t\t\t\t<h2 class=\"elementor-heading-title elementor-size-default\">Patrick Campbell (United Kingdom)<\/h2>\t\t\t\t<\/div>\n\t\t\t\t<\/div>\n\t\t\t\t<div class=\"elementor-element elementor-element-7c39ef9 elementor-widget elementor-widget-text-editor\" data-id=\"7c39ef9\" data-element_type=\"widget\" data-e-type=\"widget\" data-widget_type=\"text-editor.default\">\n\t\t\t\t<div class=\"elementor-widget-container\">\n\t\t\t\t\t\t\t\t\tActor, director and professor of contemporary theatre and performance at Manchester Metropolitan University. He is a member of Cross Pollination, an open and nomadic laboratory for dialogue between theatre practices, and is Associate Editor of the Brazilian Journal on Presence Studies. Patrick began doing theatre as a child in Coventry with Carran Waterfield. \t\t\t\t\t\t\t\t<\/div>\n\t\t\t\t<\/div>\n\t\t\t\t\t<\/div>\n\t\t<\/div>\n\t\t\t\t\t<\/div>\n\t\t<\/section>\n\t\t\t\t<section class=\"elementor-section elementor-top-section elementor-element elementor-element-4592ed1 elementor-section-boxed elementor-section-height-default elementor-section-height-default\" data-id=\"4592ed1\" data-element_type=\"section\" data-e-type=\"section\">\n\t\t\t\t\t\t<div class=\"elementor-container elementor-column-gap-default\">\n\t\t\t\t\t<div class=\"elementor-column elementor-col-100 elementor-top-column elementor-element elementor-element-36933b2\" data-id=\"36933b2\" data-element_type=\"column\" data-e-type=\"column\">\n\t\t\t<div class=\"elementor-widget-wrap elementor-element-populated\">\n\t\t\t\t\t\t<div class=\"elementor-element elementor-element-7dad35c elementor-widget elementor-widget-heading\" data-id=\"7dad35c\" data-element_type=\"widget\" data-e-type=\"widget\" data-widget_type=\"heading.default\">\n\t\t\t\t<div class=\"elementor-widget-container\">\n\t\t\t\t\t<h2 class=\"elementor-heading-title elementor-size-default\">Parvathy Baul (India)<\/h2>\t\t\t\t<\/div>\n\t\t\t\t<\/div>\n\t\t\t\t<div class=\"elementor-element elementor-element-b4d4dc1 elementor-widget elementor-widget-text-editor\" data-id=\"b4d4dc1\" data-element_type=\"widget\" data-e-type=\"widget\" data-widget_type=\"text-editor.default\">\n\t\t\t\t<div class=\"elementor-widget-container\">\n\t\t\t\t\t\t\t\t\tWest Bengal singer, painter and storyteller. Her encounter with the Baul living tradition led her to choose a Baul self-taught condition rather than an institutional degree. Since 1995 she has performed in her home state of Bengal, throughout India and at various international festivals. In 2012 Parvathy Baul organised India\u2019s first women\u2019s theatre festival, Tantidhatri, in connection with The Magdalena Project. Since 2021 she organises the Baul Mela on-line. \t\t\t\t\t\t\t\t<\/div>\n\t\t\t\t<\/div>\n\t\t\t\t\t<\/div>\n\t\t<\/div>\n\t\t\t\t\t<\/div>\n\t\t<\/section>\n\t\t\t\t<section class=\"elementor-section elementor-top-section elementor-element elementor-element-1fca45e elementor-section-boxed elementor-section-height-default elementor-section-height-default\" data-id=\"1fca45e\" data-element_type=\"section\" data-e-type=\"section\">\n\t\t\t\t\t\t<div class=\"elementor-container elementor-column-gap-default\">\n\t\t\t\t\t<div class=\"elementor-column elementor-col-100 elementor-top-column elementor-element elementor-element-1bc86fe\" data-id=\"1bc86fe\" data-element_type=\"column\" data-e-type=\"column\">\n\t\t\t<div class=\"elementor-widget-wrap elementor-element-populated\">\n\t\t\t\t\t\t<div class=\"elementor-element elementor-element-11bebaf elementor-widget elementor-widget-heading\" data-id=\"11bebaf\" data-element_type=\"widget\" data-e-type=\"widget\" data-widget_type=\"heading.default\">\n\t\t\t\t<div class=\"elementor-widget-container\">\n\t\t\t\t\t<h2 class=\"elementor-heading-title elementor-size-default\">Claudio La Camera (Italy)<\/h2>\t\t\t\t<\/div>\n\t\t\t\t<\/div>\n\t\t\t\t<div class=\"elementor-element elementor-element-e165931 elementor-widget elementor-widget-text-editor\" data-id=\"e165931\" data-element_type=\"widget\" data-e-type=\"widget\" data-widget_type=\"text-editor.default\">\n\t\t\t\t<div class=\"elementor-widget-container\">\n\t\t\t\t\t\t\t\t\tAdviser for prevention and international cooperation programmes, he has worked in many emergency areas around the world for the United Nations and for third sector organisations. He founded Teatro Proskenion and Linea Trasversale theatre network, and from 1996 to 2010 he organised the activities of the University of Eurasian Theatre directed by Eugenio Barba. \t\t\t\t\t\t\t\t<\/div>\n\t\t\t\t<\/div>\n\t\t\t\t\t<\/div>\n\t\t<\/div>\n\t\t\t\t\t<\/div>\n\t\t<\/section>\n\t\t\t\t<\/div>\n\t\t","protected":false},"excerpt":{"rendered":"<p>Fondazione Scientific Committee President: Ariane Mnouchkine (France) Theatre and film director. In 1964, after attending the Jacques Lecoq School, she created the Th\u00e9\u00e2tre du Soleil, a theatre collective still active [&hellip;]<\/p>\n","protected":false},"author":5,"featured_media":0,"parent":0,"menu_order":0,"comment_status":"closed","ping_status":"closed","template":"elementor_header_footer","meta":{"_acf_changed":false,"footnotes":""},"class_list":["post-24961","page","type-page","status-publish","hentry","entry"],"acf":[],"yoast_head":"<!-- This site is optimized with the Yoast SEO plugin v27.4 - https:\/\/yoast.com\/product\/yoast-seo-wordpress\/ -->\n<title>Foundation Scientific Committee | Fondazione Barba Varley - ETS<\/title>\n<meta name=\"robots\" content=\"index, follow, max-snippet:-1, max-image-preview:large, max-video-preview:-1\" \/>\n<link rel=\"canonical\" href=\"https:\/\/fondazionebarbavarley.org\/en\/foundation-scientific-committee\/\" \/>\n<meta property=\"og:locale\" content=\"en_US\" \/>\n<meta property=\"og:type\" content=\"article\" \/>\n<meta property=\"og:title\" content=\"Foundation Scientific Committee | Fondazione Barba Varley - ETS\" \/>\n<meta property=\"og:description\" content=\"Fondazione Scientific Committee President: Ariane Mnouchkine (France) Theatre and film director. In 1964, after attending the Jacques Lecoq School, she created the Th\u00e9\u00e2tre du Soleil, a theatre collective still active [&hellip;]\" \/>\n<meta property=\"og:url\" content=\"https:\/\/fondazionebarbavarley.org\/en\/foundation-scientific-committee\/\" \/>\n<meta property=\"og:site_name\" content=\"Fondazione Barba Varley - ETS\" \/>\n<meta property=\"article:publisher\" content=\"https:\/\/www.facebook.com\/FondazioneBarbaVarley\" \/>\n<meta property=\"article:modified_time\" content=\"2025-09-13T17:49:35+00:00\" \/>\n<meta property=\"og:image\" content=\"https:\/\/fondazionebarbavarley.org\/wp-content\/uploads\/2025\/07\/header-comitato-scientifico.jpg\" \/>\n<meta name=\"twitter:card\" content=\"summary_large_image\" \/>\n<!-- \/ Yoast SEO plugin. -->","yoast_head_json":{"title":"Foundation Scientific Committee | Fondazione Barba Varley - ETS","robots":{"index":"index","follow":"follow","max-snippet":"max-snippet:-1","max-image-preview":"max-image-preview:large","max-video-preview":"max-video-preview:-1"},"canonical":"https:\/\/fondazionebarbavarley.org\/en\/foundation-scientific-committee\/","og_locale":"en_US","og_type":"article","og_title":"Foundation Scientific Committee | Fondazione Barba Varley - ETS","og_description":"Fondazione Scientific Committee President: Ariane Mnouchkine (France) Theatre and film director. In 1964, after attending the Jacques Lecoq School, she created the Th\u00e9\u00e2tre du Soleil, a theatre collective still active [&hellip;]","og_url":"https:\/\/fondazionebarbavarley.org\/en\/foundation-scientific-committee\/","og_site_name":"Fondazione Barba Varley - ETS","article_publisher":"https:\/\/www.facebook.com\/FondazioneBarbaVarley","article_modified_time":"2025-09-13T17:49:35+00:00","og_image":[{"url":"https:\/\/fondazionebarbavarley.org\/wp-content\/uploads\/2025\/07\/header-comitato-scientifico.jpg","type":"","width":"","height":""}],"twitter_card":"summary_large_image","schema":{"@context":"https:\/\/schema.org","@graph":[{"@type":"WebPage","@id":"https:\/\/fondazionebarbavarley.org\/en\/foundation-scientific-committee\/","url":"https:\/\/fondazionebarbavarley.org\/en\/foundation-scientific-committee\/","name":"Foundation Scientific Committee | Fondazione Barba Varley - ETS","isPartOf":{"@id":"https:\/\/fondazionebarbavarley.org\/en\/#website"},"primaryImageOfPage":{"@id":"https:\/\/fondazionebarbavarley.org\/en\/foundation-scientific-committee\/#primaryimage"},"image":{"@id":"https:\/\/fondazionebarbavarley.org\/en\/foundation-scientific-committee\/#primaryimage"},"thumbnailUrl":"https:\/\/fondazionebarbavarley.org\/wp-content\/uploads\/2025\/07\/header-comitato-scientifico.jpg","datePublished":"2025-04-06T13:20:45+00:00","dateModified":"2025-09-13T17:49:35+00:00","breadcrumb":{"@id":"https:\/\/fondazionebarbavarley.org\/en\/foundation-scientific-committee\/#breadcrumb"},"inLanguage":"en-US","potentialAction":[{"@type":"ReadAction","target":["https:\/\/fondazionebarbavarley.org\/en\/foundation-scientific-committee\/"]}]},{"@type":"ImageObject","inLanguage":"en-US","@id":"https:\/\/fondazionebarbavarley.org\/en\/foundation-scientific-committee\/#primaryimage","url":"https:\/\/fondazionebarbavarley.org\/wp-content\/uploads\/2025\/07\/header-comitato-scientifico.jpg","contentUrl":"https:\/\/fondazionebarbavarley.org\/wp-content\/uploads\/2025\/07\/header-comitato-scientifico.jpg"},{"@type":"BreadcrumbList","@id":"https:\/\/fondazionebarbavarley.org\/en\/foundation-scientific-committee\/#breadcrumb","itemListElement":[{"@type":"ListItem","position":1,"name":"Home"},{"@type":"ListItem","position":2,"name":"Foundation Scientific Committee"}]},{"@type":"WebSite","@id":"https:\/\/fondazionebarbavarley.org\/en\/#website","url":"https:\/\/fondazionebarbavarley.org\/en\/","name":"Fondazione Barba Varley - ETS","description":"","publisher":{"@id":"https:\/\/fondazionebarbavarley.org\/en\/#organization"},"potentialAction":[{"@type":"SearchAction","target":{"@type":"EntryPoint","urlTemplate":"https:\/\/fondazionebarbavarley.org\/en\/?s={search_term_string}"},"query-input":{"@type":"PropertyValueSpecification","valueRequired":true,"valueName":"search_term_string"}}],"inLanguage":"en-US"},{"@type":"Organization","@id":"https:\/\/fondazionebarbavarley.org\/en\/#organization","name":"Fondazione Barba Varley - ETS","url":"https:\/\/fondazionebarbavarley.org\/en\/","logo":{"@type":"ImageObject","inLanguage":"en-US","@id":"https:\/\/fondazionebarbavarley.org\/en\/#\/schema\/logo\/image\/","url":"https:\/\/fondazionebarbavarley.org\/wp-content\/uploads\/2025\/06\/logo_bv-e1612267139930.png","contentUrl":"https:\/\/fondazionebarbavarley.org\/wp-content\/uploads\/2025\/06\/logo_bv-e1612267139930.png","width":300,"height":290,"caption":"Fondazione Barba Varley - ETS"},"image":{"@id":"https:\/\/fondazionebarbavarley.org\/en\/#\/schema\/logo\/image\/"},"sameAs":["https:\/\/www.facebook.com\/FondazioneBarbaVarley","https:\/\/www.youtube.com\/c\/FondazioneBarbaVarley"]}]}},"_links":{"self":[{"href":"https:\/\/fondazionebarbavarley.org\/en\/wp-json\/wp\/v2\/pages\/24961","targetHints":{"allow":["GET"]}}],"collection":[{"href":"https:\/\/fondazionebarbavarley.org\/en\/wp-json\/wp\/v2\/pages"}],"about":[{"href":"https:\/\/fondazionebarbavarley.org\/en\/wp-json\/wp\/v2\/types\/page"}],"author":[{"embeddable":true,"href":"https:\/\/fondazionebarbavarley.org\/en\/wp-json\/wp\/v2\/users\/5"}],"replies":[{"embeddable":true,"href":"https:\/\/fondazionebarbavarley.org\/en\/wp-json\/wp\/v2\/comments?post=24961"}],"version-history":[{"count":3,"href":"https:\/\/fondazionebarbavarley.org\/en\/wp-json\/wp\/v2\/pages\/24961\/revisions"}],"predecessor-version":[{"id":25160,"href":"https:\/\/fondazionebarbavarley.org\/en\/wp-json\/wp\/v2\/pages\/24961\/revisions\/25160"}],"wp:attachment":[{"href":"https:\/\/fondazionebarbavarley.org\/en\/wp-json\/wp\/v2\/media?parent=24961"}],"curies":[{"name":"wp","href":"https:\/\/api.w.org\/{rel}","templated":true}]}}