{"id":23484,"date":"2025-08-12T16:17:03","date_gmt":"2025-08-12T14:17:03","guid":{"rendered":"https:\/\/fondazionebarbavarley.org\/?page_id=23484"},"modified":"2025-08-12T20:25:00","modified_gmt":"2025-08-12T18:25:00","slug":"julia-varley","status":"publish","type":"page","link":"https:\/\/fondazionebarbavarley.org\/es\/julia-varley\/","title":{"rendered":"Julia Varley"},"content":{"rendered":"\t\t<div data-elementor-type=\"wp-page\" data-elementor-id=\"23484\" class=\"elementor elementor-23484\" data-elementor-post-type=\"page\">\n\t\t\t\t\t\t<section class=\"elementor-section elementor-top-section elementor-element elementor-element-26eea4ab elementor-section-full_width elementor-section-height-default elementor-section-height-default\" data-id=\"26eea4ab\" data-element_type=\"section\" data-e-type=\"section\">\n\t\t\t\t\t\t<div class=\"elementor-container elementor-column-gap-no\">\n\t\t\t\t\t<div class=\"elementor-column elementor-col-100 elementor-top-column elementor-element elementor-element-703b82c0\" data-id=\"703b82c0\" data-element_type=\"column\" data-e-type=\"column\">\n\t\t\t<div class=\"elementor-widget-wrap elementor-element-populated\">\n\t\t\t\t\t\t<div class=\"elementor-element elementor-element-f7e53f0 elementor-widget__width-inherit elementor-widget elementor-widget-image\" data-id=\"f7e53f0\" data-element_type=\"widget\" data-e-type=\"widget\" data-widget_type=\"image.default\">\n\t\t\t\t<div class=\"elementor-widget-container\">\n\t\t\t\t\t\t\t\t\t\t\t\t\t\t\t<img fetchpriority=\"high\" decoding=\"async\" width=\"1500\" height=\"439\" src=\"https:\/\/fondazionebarbavarley.org\/wp-content\/uploads\/2025\/07\/cropped-fondazione-barba-varley-header.jpg\" class=\"attachment-full size-full wp-image-24597\" alt=\"fondazione barba varley\" srcset=\"https:\/\/fondazionebarbavarley.org\/wp-content\/uploads\/2025\/07\/cropped-fondazione-barba-varley-header.jpg 1500w, https:\/\/fondazionebarbavarley.org\/wp-content\/uploads\/2025\/07\/cropped-fondazione-barba-varley-header-300x88.jpg 300w, https:\/\/fondazionebarbavarley.org\/wp-content\/uploads\/2025\/07\/cropped-fondazione-barba-varley-header-1024x300.jpg 1024w, https:\/\/fondazionebarbavarley.org\/wp-content\/uploads\/2025\/07\/cropped-fondazione-barba-varley-header-768x225.jpg 768w, https:\/\/fondazionebarbavarley.org\/wp-content\/uploads\/2025\/07\/cropped-fondazione-barba-varley-header-1320x386.jpg 1320w\" sizes=\"(max-width: 1500px) 100vw, 1500px\" \/>\t\t\t\t\t\t\t\t\t\t\t\t\t\t\t<\/div>\n\t\t\t\t<\/div>\n\t\t\t\t\t<\/div>\n\t\t<\/div>\n\t\t\t\t\t<\/div>\n\t\t<\/section>\n\t\t\t\t<section class=\"elementor-section elementor-top-section elementor-element elementor-element-17b2d177 elementor-section-boxed elementor-section-height-default elementor-section-height-default\" data-id=\"17b2d177\" data-element_type=\"section\" data-e-type=\"section\">\n\t\t\t\t\t\t<div class=\"elementor-container elementor-column-gap-default\">\n\t\t\t\t\t<div class=\"elementor-column elementor-col-100 elementor-top-column elementor-element elementor-element-7fdb54fd\" data-id=\"7fdb54fd\" data-element_type=\"column\" data-e-type=\"column\">\n\t\t\t<div class=\"elementor-widget-wrap elementor-element-populated\">\n\t\t\t\t\t\t<div class=\"elementor-element elementor-element-72f7e2d8 elementor-widget elementor-widget-heading\" data-id=\"72f7e2d8\" data-element_type=\"widget\" data-e-type=\"widget\" data-widget_type=\"heading.default\">\n\t\t\t\t<div class=\"elementor-widget-container\">\n\t\t\t\t\t<h1 class=\"elementor-heading-title elementor-size-default\">Julia Varley<\/h1>\t\t\t\t<\/div>\n\t\t\t\t<\/div>\n\t\t\t\t\t<\/div>\n\t\t<\/div>\n\t\t\t\t\t<\/div>\n\t\t<\/section>\n\t\t\t\t<section class=\"elementor-section elementor-top-section elementor-element elementor-element-70022a1 elementor-section-boxed elementor-section-height-default elementor-section-height-default\" data-id=\"70022a1\" data-element_type=\"section\" data-e-type=\"section\">\n\t\t\t\t\t\t<div class=\"elementor-container elementor-column-gap-default\">\n\t\t\t\t\t<div class=\"elementor-column elementor-col-33 elementor-top-column elementor-element elementor-element-53e64ad\" data-id=\"53e64ad\" data-element_type=\"column\" data-e-type=\"column\">\n\t\t\t<div class=\"elementor-widget-wrap elementor-element-populated\">\n\t\t\t\t\t\t<div class=\"elementor-element elementor-element-20770866 elementor-widget elementor-widget-image\" data-id=\"20770866\" data-element_type=\"widget\" data-e-type=\"widget\" data-widget_type=\"image.default\">\n\t\t\t\t<div class=\"elementor-widget-container\">\n\t\t\t\t\t\t\t\t\t\t\t\t\t\t\t<img decoding=\"async\" width=\"647\" height=\"700\" src=\"https:\/\/fondazionebarbavarley.org\/wp-content\/uploads\/2025\/08\/foto-julia-v.jpg\" class=\"attachment-full size-full wp-image-24713\" alt=\"\" srcset=\"https:\/\/fondazionebarbavarley.org\/wp-content\/uploads\/2025\/08\/foto-julia-v.jpg 647w, https:\/\/fondazionebarbavarley.org\/wp-content\/uploads\/2025\/08\/foto-julia-v-277x300.jpg 277w\" sizes=\"(max-width: 647px) 100vw, 647px\" \/>\t\t\t\t\t\t\t\t\t\t\t\t\t\t\t<\/div>\n\t\t\t\t<\/div>\n\t\t\t\t\t<\/div>\n\t\t<\/div>\n\t\t\t\t<div class=\"elementor-column elementor-col-66 elementor-top-column elementor-element elementor-element-0f4a435\" data-id=\"0f4a435\" data-element_type=\"column\" data-e-type=\"column\">\n\t\t\t<div class=\"elementor-widget-wrap elementor-element-populated\">\n\t\t\t\t\t\t<div class=\"elementor-element elementor-element-10db43ed elementor-widget elementor-widget-text-editor\" data-id=\"10db43ed\" data-element_type=\"widget\" data-e-type=\"widget\" data-widget_type=\"text-editor.default\">\n\t\t\t\t<div class=\"elementor-widget-container\">\n\t\t\t\t\t\t\t\t\t<p>Abbiamo creato la Fondazione Barba Varley per propugnare attivamente l\u2019impegno per le cause e i valori che hanno motivato la nostra vita nell\u2019Odin Teatret.<\/p><p>Esiste nel teatro una tradizione dell\u2019impossibile.<\/p><p>La conferma ne \u00e8 la vita di Eleonora Duse, Sarah Bernhardt, Isadora Duncan, Konstantin Stanislavski, Ellen Terry, Gordon Craig, Vsevolod Meyerhold, Helena Modrzejewska, Adolphe Appia, Mar\u00eda Guerrero, Antonin Artaud e Bertolt Brecht.<\/p><p>Questi artisti seppero immaginare e a volte realizzare un teatro considerato impossibile dai loro contemporanei.<\/p><p>Oggi ci appaiono come pionieri che trascesero l\u2019orizzonte del teatro, dando un\u2019altra dimensione alla nostra professione sorta come intrattenimento.<\/p>\t\t\t\t\t\t\t\t<\/div>\n\t\t\t\t<\/div>\n\t\t\t\t\t<\/div>\n\t\t<\/div>\n\t\t\t\t\t<\/div>\n\t\t<\/section>\n\t\t\t\t<section class=\"elementor-section elementor-top-section elementor-element elementor-element-c8d84eb elementor-section-boxed elementor-section-height-default elementor-section-height-default\" data-id=\"c8d84eb\" data-element_type=\"section\" data-e-type=\"section\">\n\t\t\t\t\t\t<div class=\"elementor-container elementor-column-gap-default\">\n\t\t\t\t\t<div class=\"elementor-column elementor-col-66 elementor-top-column elementor-element elementor-element-b2d883e\" data-id=\"b2d883e\" data-element_type=\"column\" data-e-type=\"column\">\n\t\t\t<div class=\"elementor-widget-wrap elementor-element-populated\">\n\t\t\t\t\t\t<div class=\"elementor-element elementor-element-2d68c31 elementor-widget elementor-widget-text-editor\" data-id=\"2d68c31\" data-element_type=\"widget\" data-e-type=\"widget\" data-widget_type=\"text-editor.default\">\n\t\t\t\t<div class=\"elementor-widget-container\">\n\t\t\t\t\t\t\t\t\t<p>Nel 1976 <strong>Julia Varley<\/strong> si \u00e8 unita all\u2019<strong>Odin Teatret<\/strong> in Danimarca lavorando come attrice in spettacoli di gruppo, solo, interni e di strada, tutti con la regia di <strong>Eugenio Barba<\/strong> (Anabasis, J.S. Bach, Il Milione, Ceneri di Brecht, Il Vangelo secondo Oxyrhincus, Talabot, Il Castello di Holstebro I e II, Le stanze del palazzo dell\u2019imperatore, Kaosmos, Nello scheletro della balena, Le farfalle di Do\u00f1a Musica, Mythos, Ode al progresso, Le grandi citt\u00e0 sotto la luna, Il sogno di Andersen, Don Giovanni all\u2019Inferno, Ur-Hamlet, Il matrimonio di Medea, Killing Time, La vita cronica, Ave Maria, L\u2019albero, Un personaggio che non pu\u00f2 morire).<\/p><p>L\u2019attivit\u00e0 principale di<strong> Julia Varley<\/strong> \u00e8 ancora oggi essere attrice dell\u2019<strong>Odin Teatret<\/strong>. Dice che tutto quello che sa viene da un modo di pensare radicato nei piedi e dall\u2019esperienza di creare, ripetere, saper cambiare e condividere azioni sceniche. Dal 1978, <strong>Julia Varley<\/strong> insegna in scuole e universit\u00e0, tiene seminari e segue gruppi teatrale e artisti in tutto il mondo. Ha sintetizzato la sua esperienza in cinque dimostrazioni di lavoro: L\u2019eco del silenzio, Il fratello morto, I venti che sussurrano, Testo &#8211; Azione &#8211; Relazioni, Il tappeto volante.<\/p><p>Dal 1983; <strong>Julia Varley<\/strong> partecipa alla ideazione e organizzazione del <strong>Magdalena Project<\/strong>, una rete di donne nel teatro contemporaneo. \u00c8 la direttrice artistica del <strong>Festival Internazionale Transit<\/strong>, Holstebro, dedicato a temi di interesse per donne che lavorano in teatro. Julia ha organizzato i primi incontri del Magdalena Project a Holstebro nel 1987 e il primo Festival Transit nel 1992.<\/p>\t\t\t\t\t\t\t\t<\/div>\n\t\t\t\t<\/div>\n\t\t\t\t\t<\/div>\n\t\t<\/div>\n\t\t\t\t<div class=\"elementor-column elementor-col-33 elementor-top-column elementor-element elementor-element-93326c1\" data-id=\"93326c1\" data-element_type=\"column\" data-e-type=\"column\">\n\t\t\t<div class=\"elementor-widget-wrap elementor-element-populated\">\n\t\t\t\t\t\t<div class=\"elementor-element elementor-element-5ced763 elementor-widget elementor-widget-image\" data-id=\"5ced763\" data-element_type=\"widget\" data-e-type=\"widget\" data-widget_type=\"image.default\">\n\t\t\t\t<div class=\"elementor-widget-container\">\n\t\t\t\t\t\t\t\t\t\t\t\t\t\t\t<img decoding=\"async\" width=\"602\" height=\"800\" src=\"https:\/\/fondazionebarbavarley.org\/wp-content\/uploads\/2025\/08\/foto-jv-2.jpg\" class=\"attachment-full size-full wp-image-24715\" alt=\"\" srcset=\"https:\/\/fondazionebarbavarley.org\/wp-content\/uploads\/2025\/08\/foto-jv-2.jpg 602w, https:\/\/fondazionebarbavarley.org\/wp-content\/uploads\/2025\/08\/foto-jv-2-226x300.jpg 226w\" sizes=\"(max-width: 602px) 100vw, 602px\" \/>\t\t\t\t\t\t\t\t\t\t\t\t\t\t\t<\/div>\n\t\t\t\t<\/div>\n\t\t\t\t\t<\/div>\n\t\t<\/div>\n\t\t\t\t\t<\/div>\n\t\t<\/section>\n\t\t\t\t<section class=\"elementor-section elementor-top-section elementor-element elementor-element-51b878a elementor-section-boxed elementor-section-height-default elementor-section-height-default\" data-id=\"51b878a\" data-element_type=\"section\" data-e-type=\"section\">\n\t\t\t\t\t\t<div class=\"elementor-container elementor-column-gap-default\">\n\t\t\t\t\t<div class=\"elementor-column elementor-col-33 elementor-top-column elementor-element elementor-element-dd20d44\" data-id=\"dd20d44\" data-element_type=\"column\" data-e-type=\"column\">\n\t\t\t<div class=\"elementor-widget-wrap elementor-element-populated\">\n\t\t\t\t\t\t<div class=\"elementor-element elementor-element-976a79b elementor-widget elementor-widget-image\" data-id=\"976a79b\" data-element_type=\"widget\" data-e-type=\"widget\" data-widget_type=\"image.default\">\n\t\t\t\t<div class=\"elementor-widget-container\">\n\t\t\t\t\t\t\t\t\t\t\t\t\t\t\t<img loading=\"lazy\" decoding=\"async\" width=\"579\" height=\"750\" src=\"https:\/\/fondazionebarbavarley.org\/wp-content\/uploads\/2025\/08\/foto-jv3.jpg\" class=\"attachment-full size-full wp-image-24717\" alt=\"\" srcset=\"https:\/\/fondazionebarbavarley.org\/wp-content\/uploads\/2025\/08\/foto-jv3.jpg 579w, https:\/\/fondazionebarbavarley.org\/wp-content\/uploads\/2025\/08\/foto-jv3-232x300.jpg 232w\" sizes=\"(max-width: 579px) 100vw, 579px\" \/>\t\t\t\t\t\t\t\t\t\t\t\t\t\t\t<\/div>\n\t\t\t\t<\/div>\n\t\t\t\t\t<\/div>\n\t\t<\/div>\n\t\t\t\t<div class=\"elementor-column elementor-col-66 elementor-top-column elementor-element elementor-element-312fcea\" data-id=\"312fcea\" data-element_type=\"column\" data-e-type=\"column\">\n\t\t\t<div class=\"elementor-widget-wrap elementor-element-populated\">\n\t\t\t\t\t\t<div class=\"elementor-element elementor-element-24403ff elementor-widget elementor-widget-text-editor\" data-id=\"24403ff\" data-element_type=\"widget\" data-e-type=\"widget\" data-widget_type=\"text-editor.default\">\n\t\t\t\t<div class=\"elementor-widget-container\">\n\t\t\t\t\t\t\t\t\t<p>Da allora i <strong>Festival Transit<\/strong> sono stati organizzati ogni tre anni. Dal 1990 <strong>Julia Varley<\/strong> \u00e8 coinvolta nell\u2019ideazione e organizzazione dell\u2019<strong>ISTA<\/strong> (Scuola Internazionale di Antropologia Teatrale) e dal 1992 nell\u2019ideazione e organizzazione dell\u2019Universit\u00e0 del <strong>Teatro Eurasiano<\/strong>, entrambe dirette da <strong>Eugenio Barba<\/strong>. Dal 2008, <strong>Julia Varley<\/strong> e <strong>Eugenio Barba<\/strong> hanno ideato la residenza annuale per attori e registi L\u2019arte segreta dell\u2019attore a Brasilia, in collaborazione con <strong>Luciana Martuchelli<\/strong> e la sua compagnia <strong>YinsPira\u00e7\u00e3o<\/strong>. Dal 2019 al 2021 <strong>Julia Varley<\/strong> \u00e8 stata coordinatrice artistica del <strong>Nordisk Teaterlaboratorium-Odin Teatret<\/strong> (NTL), organizzando il suo festival annuale ogni gennaio. <strong>Julia Varley<\/strong> ha curato la regia di 21 spettacoli con diverse compagnie: con <strong>Pumpenhaus Theater<\/strong> in Germania (Auf den Spuren des Yeti e Blau), con <strong>Ana Woolf<\/strong> dall\u2019Argentina (Semi di Memoria, Dietro il sipario, Bianca \u00e8 la notte), uno spettacolo di bambini con <strong>Hisako Miura<\/strong> dal Giappone (Matrimonio della Volpe), con <strong>Lorenzo Gleijeses<\/strong> e <strong>Manolo Muoio<\/strong> (Il Figlio di Gertrude, L\u2019esausto o il profondo azzurro, Una giornata qualsiasi del danzatore Gregorio Samsa); con <strong>Gabriella Sacco<\/strong> (Il gusto delle arance) dall\u2019Italia; con <strong>Carolina Pizarro<\/strong> dal Cile (Tierra de fuego e De Amagaki a shibugaki, geograf\u00eda de un aprendizaje)\u00b8con <strong>Marilyn Nunes<\/strong> dal Brasile (Estrelas, O oposto, O pesadelo de uma borboleta)\u00b8con <strong>Amaranta Osorio<\/strong> e <strong>Teresa Garc\u00eda<\/strong> dal Messico e dalla Spagna (An\u00f3nimas); con l\u2019italiana <strong>Teresa Ruggeri<\/strong> (Rovine del tempo); con il gruppo internazionale <strong>The Jasonites<\/strong> (Banana Revival e Tomorrow)\u00b8con <strong>Cia Pessoal<\/strong> de Teatro dal Brasile (EntreN\u00e3oLugares); con <strong>YinsPira\u00e7\u00e3o<\/strong> dal Brasile (Mare Serenitatis).<\/p>\t\t\t\t\t\t\t\t<\/div>\n\t\t\t\t<\/div>\n\t\t\t\t\t<\/div>\n\t\t<\/div>\n\t\t\t\t\t<\/div>\n\t\t<\/section>\n\t\t\t\t<section class=\"elementor-section elementor-top-section elementor-element elementor-element-2b839bc elementor-section-boxed elementor-section-height-default elementor-section-height-default\" data-id=\"2b839bc\" data-element_type=\"section\" data-e-type=\"section\">\n\t\t\t\t\t\t<div class=\"elementor-container elementor-column-gap-default\">\n\t\t\t\t\t<div class=\"elementor-column elementor-col-66 elementor-top-column elementor-element elementor-element-1df7b3f\" data-id=\"1df7b3f\" data-element_type=\"column\" data-e-type=\"column\">\n\t\t\t<div class=\"elementor-widget-wrap elementor-element-populated\">\n\t\t\t\t\t\t<div class=\"elementor-element elementor-element-d9d1256 elementor-widget elementor-widget-text-editor\" data-id=\"d9d1256\" data-element_type=\"widget\" data-e-type=\"widget\" data-widget_type=\"text-editor.default\">\n\t\t\t\t<div class=\"elementor-widget-container\">\n\t\t\t\t\t\t\t\t\t<p><strong>Julia Varley<\/strong> ha pubblicato: Vento ad Ovest; Pietre d\u2019Acqua e Un\u2019attrice tra i suoi personaggi, tradotti in italiano, inglese, francese, greco, spagnolo, portoghese, arabo e cinese; e insieme a <strong>Vicky Ann<\/strong> Cremona e <strong>Francesco Galli<\/strong> Pensare con i piedi, e insieme a <strong>Eugenio Barba<\/strong> e <strong>Francesco Galli Genius Loci<\/strong> \u2013 La casa dell\u2019<strong>Odin<\/strong>. Ha scritto diversi articoli e saggi pubblicati in riviste come \u201cTeatro e Storia\u201d, \u201cLapis\u201d, \u201cPerformance Research\u201d, \u201cNew Theatre Quarterly\u201d, \u201cConjunto\u201d, \u201cTeatro XXI\u201d, \u201cThe Mime Journal\u201d. <strong>Julia Varley<\/strong> \u00e8 redattrice di <strong>\u201cThe Open Page\u201d<\/strong>, una rivista di donne in teatro pubblicata ogni anno dal 1996 al 2008, ed \u00e8 redattrice di <strong>The Open Page<\/strong> Publications che ha prodotto quattro libri sulla storia del <strong>Magdalena Project<\/strong> dal 1986 al 2019. Dal 2020 \u00e8 redattrice del <strong>\u201cJournal of Theatre Anthropology\u201d<\/strong> fondato da <strong>Eugenio Barba<\/strong>. Nel 2020, insieme a <strong>Eugenio Barba<\/strong>, fonda la <strong>Fondazione Barba Varley<\/strong> per sostenere artisti in situazioni di svantaggio dal punto di vista razziale, di genere, opinioni politiche e appartenenza sociale.<\/p>\t\t\t\t\t\t\t\t<\/div>\n\t\t\t\t<\/div>\n\t\t\t\t\t<\/div>\n\t\t<\/div>\n\t\t\t\t<div class=\"elementor-column elementor-col-33 elementor-top-column elementor-element elementor-element-a81b325\" data-id=\"a81b325\" data-element_type=\"column\" data-e-type=\"column\">\n\t\t\t<div class=\"elementor-widget-wrap elementor-element-populated\">\n\t\t\t\t\t\t<div class=\"elementor-element elementor-element-6657f5c elementor-widget elementor-widget-image\" data-id=\"6657f5c\" data-element_type=\"widget\" data-e-type=\"widget\" data-widget_type=\"image.default\">\n\t\t\t\t<div class=\"elementor-widget-container\">\n\t\t\t\t\t\t\t\t\t\t\t\t\t\t\t<img loading=\"lazy\" decoding=\"async\" width=\"750\" height=\"637\" src=\"https:\/\/fondazionebarbavarley.org\/wp-content\/uploads\/2025\/08\/foto-jv-6.jpg\" class=\"attachment-full size-full wp-image-24719\" alt=\"\" srcset=\"https:\/\/fondazionebarbavarley.org\/wp-content\/uploads\/2025\/08\/foto-jv-6.jpg 750w, https:\/\/fondazionebarbavarley.org\/wp-content\/uploads\/2025\/08\/foto-jv-6-300x255.jpg 300w\" sizes=\"(max-width: 750px) 100vw, 750px\" \/>\t\t\t\t\t\t\t\t\t\t\t\t\t\t\t<\/div>\n\t\t\t\t<\/div>\n\t\t\t\t\t<\/div>\n\t\t<\/div>\n\t\t\t\t\t<\/div>\n\t\t<\/section>\n\t\t\t\t<section class=\"elementor-section elementor-top-section elementor-element elementor-element-db03441 elementor-section-boxed elementor-section-height-default elementor-section-height-default\" data-id=\"db03441\" data-element_type=\"section\" data-e-type=\"section\">\n\t\t\t\t\t\t<div class=\"elementor-container elementor-column-gap-default\">\n\t\t\t\t\t<div class=\"elementor-column elementor-col-100 elementor-top-column elementor-element elementor-element-ed1ff7e\" data-id=\"ed1ff7e\" data-element_type=\"column\" data-e-type=\"column\">\n\t\t\t<div class=\"elementor-widget-wrap elementor-element-populated\">\n\t\t\t\t\t\t<div class=\"elementor-element elementor-element-a67452d elementor-widget elementor-widget-image\" data-id=\"a67452d\" data-element_type=\"widget\" data-e-type=\"widget\" data-widget_type=\"image.default\">\n\t\t\t\t<div class=\"elementor-widget-container\">\n\t\t\t\t\t\t\t\t\t\t\t\t\t\t\t<img loading=\"lazy\" decoding=\"async\" width=\"1536\" height=\"1072\" src=\"https:\/\/fondazionebarbavarley.org\/wp-content\/uploads\/2025\/08\/foto-jv-4-1536x1072-1.jpg\" class=\"attachment-full size-full wp-image-24721\" alt=\"\" srcset=\"https:\/\/fondazionebarbavarley.org\/wp-content\/uploads\/2025\/08\/foto-jv-4-1536x1072-1.jpg 1536w, https:\/\/fondazionebarbavarley.org\/wp-content\/uploads\/2025\/08\/foto-jv-4-1536x1072-1-300x209.jpg 300w, https:\/\/fondazionebarbavarley.org\/wp-content\/uploads\/2025\/08\/foto-jv-4-1536x1072-1-1024x715.jpg 1024w, https:\/\/fondazionebarbavarley.org\/wp-content\/uploads\/2025\/08\/foto-jv-4-1536x1072-1-768x536.jpg 768w, https:\/\/fondazionebarbavarley.org\/wp-content\/uploads\/2025\/08\/foto-jv-4-1536x1072-1-1320x921.jpg 1320w\" sizes=\"(max-width: 1536px) 100vw, 1536px\" \/>\t\t\t\t\t\t\t\t\t\t\t\t\t\t\t<\/div>\n\t\t\t\t<\/div>\n\t\t\t\t\t<\/div>\n\t\t<\/div>\n\t\t\t\t\t<\/div>\n\t\t<\/section>\n\t\t\t\t<\/div>\n\t\t","protected":false},"excerpt":{"rendered":"<p>Julia Varley Abbiamo creato la Fondazione Barba Varley per propugnare attivamente l\u2019impegno per le cause e i valori che hanno motivato la nostra vita nell\u2019Odin Teatret. Esiste nel teatro una [&hellip;]<\/p>\n","protected":false},"author":5,"featured_media":0,"parent":0,"menu_order":0,"comment_status":"closed","ping_status":"closed","template":"elementor_header_footer","meta":{"_acf_changed":false,"footnotes":""},"class_list":["post-23484","page","type-page","status-publish","hentry","entry"],"acf":[],"yoast_head":"<!-- This site is optimized with the Yoast SEO plugin v27.4 - https:\/\/yoast.com\/product\/yoast-seo-wordpress\/ -->\n<title>Julia Varley | Fondazione Barba Varley - ETS<\/title>\n<meta name=\"robots\" content=\"index, follow, max-snippet:-1, max-image-preview:large, max-video-preview:-1\" \/>\n<link rel=\"canonical\" href=\"https:\/\/fondazionebarbavarley.org\/es\/julia-varley\/\" \/>\n<meta property=\"og:locale\" content=\"es_ES\" \/>\n<meta property=\"og:type\" content=\"article\" \/>\n<meta property=\"og:title\" content=\"Julia Varley | Fondazione Barba Varley - ETS\" \/>\n<meta property=\"og:description\" content=\"Julia Varley Abbiamo creato la Fondazione Barba Varley per propugnare attivamente l\u2019impegno per le cause e i valori che hanno motivato la nostra vita nell\u2019Odin Teatret. Esiste nel teatro una [&hellip;]\" \/>\n<meta property=\"og:url\" content=\"https:\/\/fondazionebarbavarley.org\/es\/julia-varley\/\" \/>\n<meta property=\"og:site_name\" content=\"Fondazione Barba Varley - ETS\" \/>\n<meta property=\"article:publisher\" content=\"https:\/\/www.facebook.com\/FondazioneBarbaVarley\" \/>\n<meta property=\"article:modified_time\" content=\"2025-08-12T18:25:00+00:00\" \/>\n<meta property=\"og:image\" content=\"https:\/\/fondazionebarbavarley.org\/wp-content\/uploads\/2025\/07\/cropped-fondazione-barba-varley-header.jpg\" \/>\n<meta name=\"twitter:card\" content=\"summary_large_image\" \/>\n<!-- \/ Yoast SEO plugin. -->","yoast_head_json":{"title":"Julia Varley | Fondazione Barba Varley - ETS","robots":{"index":"index","follow":"follow","max-snippet":"max-snippet:-1","max-image-preview":"max-image-preview:large","max-video-preview":"max-video-preview:-1"},"canonical":"https:\/\/fondazionebarbavarley.org\/es\/julia-varley\/","og_locale":"es_ES","og_type":"article","og_title":"Julia Varley | Fondazione Barba Varley - ETS","og_description":"Julia Varley Abbiamo creato la Fondazione Barba Varley per propugnare attivamente l\u2019impegno per le cause e i valori che hanno motivato la nostra vita nell\u2019Odin Teatret. Esiste nel teatro una [&hellip;]","og_url":"https:\/\/fondazionebarbavarley.org\/es\/julia-varley\/","og_site_name":"Fondazione Barba Varley - ETS","article_publisher":"https:\/\/www.facebook.com\/FondazioneBarbaVarley","article_modified_time":"2025-08-12T18:25:00+00:00","og_image":[{"url":"https:\/\/fondazionebarbavarley.org\/wp-content\/uploads\/2025\/07\/cropped-fondazione-barba-varley-header.jpg","type":"","width":"","height":""}],"twitter_card":"summary_large_image","schema":{"@context":"https:\/\/schema.org","@graph":[{"@type":"WebPage","@id":"https:\/\/fondazionebarbavarley.org\/es\/julia-varley\/","url":"https:\/\/fondazionebarbavarley.org\/es\/julia-varley\/","name":"Julia Varley | Fondazione Barba Varley - ETS","isPartOf":{"@id":"https:\/\/fondazionebarbavarley.org\/es\/#website"},"primaryImageOfPage":{"@id":"https:\/\/fondazionebarbavarley.org\/es\/julia-varley\/#primaryimage"},"image":{"@id":"https:\/\/fondazionebarbavarley.org\/es\/julia-varley\/#primaryimage"},"thumbnailUrl":"https:\/\/fondazionebarbavarley.org\/wp-content\/uploads\/2025\/07\/cropped-fondazione-barba-varley-header.jpg","datePublished":"2025-08-12T14:17:03+00:00","dateModified":"2025-08-12T18:25:00+00:00","breadcrumb":{"@id":"https:\/\/fondazionebarbavarley.org\/es\/julia-varley\/#breadcrumb"},"inLanguage":"es","potentialAction":[{"@type":"ReadAction","target":["https:\/\/fondazionebarbavarley.org\/es\/julia-varley\/"]}]},{"@type":"ImageObject","inLanguage":"es","@id":"https:\/\/fondazionebarbavarley.org\/es\/julia-varley\/#primaryimage","url":"https:\/\/fondazionebarbavarley.org\/wp-content\/uploads\/2025\/07\/cropped-fondazione-barba-varley-header.jpg","contentUrl":"https:\/\/fondazionebarbavarley.org\/wp-content\/uploads\/2025\/07\/cropped-fondazione-barba-varley-header.jpg"},{"@type":"BreadcrumbList","@id":"https:\/\/fondazionebarbavarley.org\/es\/julia-varley\/#breadcrumb","itemListElement":[{"@type":"ListItem","position":1,"name":"Home"},{"@type":"ListItem","position":2,"name":"Julia Varley"}]},{"@type":"WebSite","@id":"https:\/\/fondazionebarbavarley.org\/es\/#website","url":"https:\/\/fondazionebarbavarley.org\/es\/","name":"Fondazione Barba Varley - ETS","description":"","publisher":{"@id":"https:\/\/fondazionebarbavarley.org\/es\/#organization"},"potentialAction":[{"@type":"SearchAction","target":{"@type":"EntryPoint","urlTemplate":"https:\/\/fondazionebarbavarley.org\/es\/?s={search_term_string}"},"query-input":{"@type":"PropertyValueSpecification","valueRequired":true,"valueName":"search_term_string"}}],"inLanguage":"es"},{"@type":"Organization","@id":"https:\/\/fondazionebarbavarley.org\/es\/#organization","name":"Fondazione Barba Varley - ETS","url":"https:\/\/fondazionebarbavarley.org\/es\/","logo":{"@type":"ImageObject","inLanguage":"es","@id":"https:\/\/fondazionebarbavarley.org\/es\/#\/schema\/logo\/image\/","url":"https:\/\/fondazionebarbavarley.org\/wp-content\/uploads\/2025\/06\/logo_bv-e1612267139930.png","contentUrl":"https:\/\/fondazionebarbavarley.org\/wp-content\/uploads\/2025\/06\/logo_bv-e1612267139930.png","width":300,"height":290,"caption":"Fondazione Barba Varley - ETS"},"image":{"@id":"https:\/\/fondazionebarbavarley.org\/es\/#\/schema\/logo\/image\/"},"sameAs":["https:\/\/www.facebook.com\/FondazioneBarbaVarley","https:\/\/www.youtube.com\/c\/FondazioneBarbaVarley"]}]}},"_links":{"self":[{"href":"https:\/\/fondazionebarbavarley.org\/es\/wp-json\/wp\/v2\/pages\/23484","targetHints":{"allow":["GET"]}}],"collection":[{"href":"https:\/\/fondazionebarbavarley.org\/es\/wp-json\/wp\/v2\/pages"}],"about":[{"href":"https:\/\/fondazionebarbavarley.org\/es\/wp-json\/wp\/v2\/types\/page"}],"author":[{"embeddable":true,"href":"https:\/\/fondazionebarbavarley.org\/es\/wp-json\/wp\/v2\/users\/5"}],"replies":[{"embeddable":true,"href":"https:\/\/fondazionebarbavarley.org\/es\/wp-json\/wp\/v2\/comments?post=23484"}],"version-history":[{"count":46,"href":"https:\/\/fondazionebarbavarley.org\/es\/wp-json\/wp\/v2\/pages\/23484\/revisions"}],"predecessor-version":[{"id":23608,"href":"https:\/\/fondazionebarbavarley.org\/es\/wp-json\/wp\/v2\/pages\/23484\/revisions\/23608"}],"wp:attachment":[{"href":"https:\/\/fondazionebarbavarley.org\/es\/wp-json\/wp\/v2\/media?parent=23484"}],"curies":[{"name":"wp","href":"https:\/\/api.w.org\/{rel}","templated":true}]}}