{"id":24932,"date":"2025-07-10T19:29:01","date_gmt":"2025-07-10T17:29:01","guid":{"rendered":"https:\/\/fondazionebarbavarley.org\/lettera-di-fondazione\/"},"modified":"2025-09-06T17:40:29","modified_gmt":"2025-09-06T15:40:29","slug":"lettera-di-fondazione","status":"publish","type":"page","link":"https:\/\/fondazionebarbavarley.org\/es\/lettera-di-fondazione\/","title":{"rendered":"Carta de fundaci\u00f3n"},"content":{"rendered":"\t\t<div data-elementor-type=\"wp-page\" data-elementor-id=\"24932\" class=\"elementor elementor-24932 elementor-22170\" data-elementor-post-type=\"page\">\n\t\t\t\t\t\t<section class=\"elementor-section elementor-top-section elementor-element elementor-element-f76f854 elementor-section-full_width elementor-section-height-default elementor-section-height-default\" data-id=\"f76f854\" data-element_type=\"section\" data-e-type=\"section\">\n\t\t\t\t\t\t<div class=\"elementor-container elementor-column-gap-no\">\n\t\t\t\t\t<div class=\"elementor-column elementor-col-100 elementor-top-column elementor-element elementor-element-5ecdc62\" data-id=\"5ecdc62\" data-element_type=\"column\" data-e-type=\"column\">\n\t\t\t<div class=\"elementor-widget-wrap elementor-element-populated\">\n\t\t\t\t\t\t<div class=\"elementor-element elementor-element-7775663 elementor-widget__width-inherit elementor-widget elementor-widget-image\" data-id=\"7775663\" data-element_type=\"widget\" data-e-type=\"widget\" data-widget_type=\"image.default\">\n\t\t\t\t<div class=\"elementor-widget-container\">\n\t\t\t\t\t\t\t\t\t\t\t\t\t\t\t<img fetchpriority=\"high\" decoding=\"async\" width=\"1600\" height=\"628\" src=\"https:\/\/fondazionebarbavarley.org\/wp-content\/uploads\/2025\/07\/lettera-fondazione-barba-varley.jpg\" class=\"attachment-full size-full wp-image-24448\" alt=\"Lettera Fondazione Barba Varley\" srcset=\"https:\/\/fondazionebarbavarley.org\/wp-content\/uploads\/2025\/07\/lettera-fondazione-barba-varley.jpg 1600w, https:\/\/fondazionebarbavarley.org\/wp-content\/uploads\/2025\/07\/lettera-fondazione-barba-varley-300x118.jpg 300w, https:\/\/fondazionebarbavarley.org\/wp-content\/uploads\/2025\/07\/lettera-fondazione-barba-varley-1024x402.jpg 1024w, https:\/\/fondazionebarbavarley.org\/wp-content\/uploads\/2025\/07\/lettera-fondazione-barba-varley-768x301.jpg 768w, https:\/\/fondazionebarbavarley.org\/wp-content\/uploads\/2025\/07\/lettera-fondazione-barba-varley-1536x603.jpg 1536w, https:\/\/fondazionebarbavarley.org\/wp-content\/uploads\/2025\/07\/lettera-fondazione-barba-varley-1568x615.jpg 1568w, https:\/\/fondazionebarbavarley.org\/wp-content\/uploads\/2025\/07\/lettera-fondazione-barba-varley-1320x518.jpg 1320w\" sizes=\"(max-width: 34.9rem) calc(100vw - 2rem), (max-width: 53rem) calc(8 * (100vw \/ 12)), (min-width: 53rem) calc(6 * (100vw \/ 12)), 100vw\" \/>\t\t\t\t\t\t\t\t\t\t\t\t\t\t\t<\/div>\n\t\t\t\t<\/div>\n\t\t\t\t\t<\/div>\n\t\t<\/div>\n\t\t\t\t\t<\/div>\n\t\t<\/section>\n\t\t\t\t<section class=\"elementor-section elementor-top-section elementor-element elementor-element-8f98686 elementor-section-boxed elementor-section-height-default elementor-section-height-default\" data-id=\"8f98686\" data-element_type=\"section\" data-e-type=\"section\">\n\t\t\t\t\t\t<div class=\"elementor-container elementor-column-gap-default\">\n\t\t\t\t\t<div class=\"elementor-column elementor-col-100 elementor-top-column elementor-element elementor-element-4100e0e\" data-id=\"4100e0e\" data-element_type=\"column\" data-e-type=\"column\">\n\t\t\t<div class=\"elementor-widget-wrap elementor-element-populated\">\n\t\t\t\t\t\t<div class=\"elementor-element elementor-element-8e6667a elementor-widget elementor-widget-heading\" data-id=\"8e6667a\" data-element_type=\"widget\" data-e-type=\"widget\" data-widget_type=\"heading.default\">\n\t\t\t\t<div class=\"elementor-widget-container\">\n\t\t\t\t\t<h1 class=\"elementor-heading-title elementor-size-default\">Carta de fundaci\u00f3n<\/h1>\t\t\t\t<\/div>\n\t\t\t\t<\/div>\n\t\t\t\t\t<\/div>\n\t\t<\/div>\n\t\t\t\t\t<\/div>\n\t\t<\/section>\n\t\t\t\t<section class=\"elementor-section elementor-top-section elementor-element elementor-element-b295e7b elementor-section-boxed elementor-section-height-default elementor-section-height-default\" data-id=\"b295e7b\" data-element_type=\"section\" data-e-type=\"section\">\n\t\t\t\t\t\t<div class=\"elementor-container elementor-column-gap-default\">\n\t\t\t\t\t<div class=\"elementor-column elementor-col-50 elementor-top-column elementor-element elementor-element-f94ef1b\" data-id=\"f94ef1b\" data-element_type=\"column\" data-e-type=\"column\">\n\t\t\t<div class=\"elementor-widget-wrap elementor-element-populated\">\n\t\t\t\t\t\t<div class=\"elementor-element elementor-element-b30b7ab elementor-widget elementor-widget-heading\" data-id=\"b30b7ab\" data-element_type=\"widget\" data-e-type=\"widget\" data-widget_type=\"heading.default\">\n\t\t\t\t<div class=\"elementor-widget-container\">\n\t\t\t\t\t<h2 class=\"elementor-heading-title elementor-size-default\">Belleza, vulnerabilidad, obstinaci\u00f3n, rechazo<\/h2>\t\t\t\t<\/div>\n\t\t\t\t<\/div>\n\t\t\t\t<div class=\"elementor-element elementor-element-132962d elementor-widget elementor-widget-text-editor\" data-id=\"132962d\" data-element_type=\"widget\" data-e-type=\"widget\" data-widget_type=\"text-editor.default\">\n\t\t\t\t<div class=\"elementor-widget-container\">\n\t\t\t\t\t\t\t\t\t<p>Hemos creado la Fundaci\u00f3n Barba Varley para promover activamente el compromiso con las causas y valores que han motivado nuestra vida en el Odin Teatret. Existe en el teatro una tradici\u00f3n de lo imposible. <\/p><p>Esto se corrobora con las vidas de Eleonora Duse, Sarah Bernhardt, Isadora Duncan, Konstantin Stanislavski, Ellen Terry, Gordon Craig, Vsevolod Meyerhold, Helena Modrzejewska, Adolphe Appia, Mar\u00eda Guerrero, Antonin Artaud y Bertolt Brecht.<\/p><p>Esos artistas supieron imaginar y a veces concretar un teatro considerado imposible por sus contempor\u00e1neos. Hoy se nos presentan como pioneros que trascendieron el horizonte del teatro, dando otra dimensi\u00f3n a nuestra profesi\u00f3n surgida como entretenimiento. <\/p>\t\t\t\t\t\t\t\t<\/div>\n\t\t\t\t<\/div>\n\t\t\t\t\t<\/div>\n\t\t<\/div>\n\t\t\t\t<div class=\"elementor-column elementor-col-50 elementor-top-column elementor-element elementor-element-ce4a9ac\" data-id=\"ce4a9ac\" data-element_type=\"column\" data-e-type=\"column\">\n\t\t\t<div class=\"elementor-widget-wrap elementor-element-populated\">\n\t\t\t\t\t\t<div class=\"elementor-element elementor-element-7a4cb80 elementor-widget elementor-widget-image\" data-id=\"7a4cb80\" data-element_type=\"widget\" data-e-type=\"widget\" data-widget_type=\"image.default\">\n\t\t\t\t<div class=\"elementor-widget-container\">\n\t\t\t\t\t\t\t\t\t\t\t\t\t\t\t<img decoding=\"async\" width=\"700\" height=\"521\" src=\"https:\/\/fondazionebarbavarley.org\/wp-content\/uploads\/2025\/07\/bellezza-vulnerabilita.jpg\" class=\"attachment-full size-full wp-image-24450\" alt=\"\" srcset=\"https:\/\/fondazionebarbavarley.org\/wp-content\/uploads\/2025\/07\/bellezza-vulnerabilita.jpg 700w, https:\/\/fondazionebarbavarley.org\/wp-content\/uploads\/2025\/07\/bellezza-vulnerabilita-300x223.jpg 300w\" sizes=\"(max-width: 34.9rem) calc(100vw - 2rem), (max-width: 53rem) calc(8 * (100vw \/ 12)), (min-width: 53rem) calc(6 * (100vw \/ 12)), 100vw\" \/>\t\t\t\t\t\t\t\t\t\t\t\t\t\t\t<\/div>\n\t\t\t\t<\/div>\n\t\t\t\t\t<\/div>\n\t\t<\/div>\n\t\t\t\t\t<\/div>\n\t\t<\/section>\n\t\t\t\t<section class=\"elementor-section elementor-top-section elementor-element elementor-element-b16b83f elementor-section-boxed elementor-section-height-default elementor-section-height-default\" data-id=\"b16b83f\" data-element_type=\"section\" data-e-type=\"section\">\n\t\t\t\t\t\t<div class=\"elementor-container elementor-column-gap-default\">\n\t\t\t\t\t<div class=\"elementor-column elementor-col-50 elementor-top-column elementor-element elementor-element-71bf30e\" data-id=\"71bf30e\" data-element_type=\"column\" data-e-type=\"column\">\n\t\t\t<div class=\"elementor-widget-wrap elementor-element-populated\">\n\t\t\t\t\t\t<div class=\"elementor-element elementor-element-1e7f328 elementor-widget elementor-widget-image\" data-id=\"1e7f328\" data-element_type=\"widget\" data-e-type=\"widget\" data-widget_type=\"image.default\">\n\t\t\t\t<div class=\"elementor-widget-container\">\n\t\t\t\t\t\t\t\t\t\t\t\t\t\t\t<img decoding=\"async\" width=\"700\" height=\"599\" src=\"https:\/\/fondazionebarbavarley.org\/wp-content\/uploads\/2025\/07\/lettera-fondazione.jpg\" class=\"attachment-full size-full wp-image-24452\" alt=\"Lettera Fondazione Barba Varley\" srcset=\"https:\/\/fondazionebarbavarley.org\/wp-content\/uploads\/2025\/07\/lettera-fondazione.jpg 700w, https:\/\/fondazionebarbavarley.org\/wp-content\/uploads\/2025\/07\/lettera-fondazione-300x257.jpg 300w\" sizes=\"(max-width: 34.9rem) calc(100vw - 2rem), (max-width: 53rem) calc(8 * (100vw \/ 12)), (min-width: 53rem) calc(6 * (100vw \/ 12)), 100vw\" \/>\t\t\t\t\t\t\t\t\t\t\t\t\t\t\t<\/div>\n\t\t\t\t<\/div>\n\t\t\t\t\t<\/div>\n\t\t<\/div>\n\t\t\t\t<div class=\"elementor-column elementor-col-50 elementor-top-column elementor-element elementor-element-57f2fe6\" data-id=\"57f2fe6\" data-element_type=\"column\" data-e-type=\"column\">\n\t\t\t<div class=\"elementor-widget-wrap elementor-element-populated\">\n\t\t\t\t\t\t<div class=\"elementor-element elementor-element-99880cc elementor-widget elementor-widget-text-editor\" data-id=\"99880cc\" data-element_type=\"widget\" data-e-type=\"widget\" data-widget_type=\"text-editor.default\">\n\t\t\t\t<div class=\"elementor-widget-container\">\n\t\t\t\t\t\t\t\t\t<p>Es en esta tradici\u00f3n de lo imposible donde nuestra Fundaci\u00f3n tiene sus ra\u00edces. Es una tradici\u00f3n que va m\u00e1s all\u00e1 de un Primer Teatro centrado en el texto y un Segundo Teatro dedicado a la experimentaci\u00f3n. Florece en la diversidad de la cultura de los grupos del Tercer Teatro y de muchos otros teatros que operan en las periferias geogr\u00e1ficas, sociales y art\u00edsticas.  <\/p><p>Nuestra Fondazione se inspira en las visiones, los intereses y los campos de acci\u00f3n de mujeres y hombres que, desde elLiving Theater en Estados Unidos hasta elTeatr LaboratoriumdeGrotowski en Europa, desdeLa Candelariaen Am\u00e9rica Latina hasta la Tenda Rossa del Teatro Karakumien han injertado de diferentes maneras la vida del teatro en la realidad de la vida.<\/p><p>Pensamos en los grupos y artistas de teatro que desde la d\u00e9cada de 1970 se han consolidado como c\u00e9lulas aut\u00f3nomas de un nuevo sistema de producci\u00f3n y relaciones, demostrando la funci\u00f3n transformadora del teatro para quienes participan en sus procesos y para quienes se benefician de los resultados.<\/p>\t\t\t\t\t\t\t\t<\/div>\n\t\t\t\t<\/div>\n\t\t\t\t\t<\/div>\n\t\t<\/div>\n\t\t\t\t\t<\/div>\n\t\t<\/section>\n\t\t\t\t<section class=\"elementor-section elementor-top-section elementor-element elementor-element-a839622 elementor-section-boxed elementor-section-height-default elementor-section-height-default\" data-id=\"a839622\" data-element_type=\"section\" data-e-type=\"section\">\n\t\t\t\t\t\t<div class=\"elementor-container elementor-column-gap-default\">\n\t\t\t\t\t<div class=\"elementor-column elementor-col-50 elementor-top-column elementor-element elementor-element-cb8e389\" data-id=\"cb8e389\" data-element_type=\"column\" data-e-type=\"column\">\n\t\t\t<div class=\"elementor-widget-wrap elementor-element-populated\">\n\t\t\t\t\t\t<div class=\"elementor-element elementor-element-fc3a802 elementor-widget elementor-widget-text-editor\" data-id=\"fc3a802\" data-element_type=\"widget\" data-e-type=\"widget\" data-widget_type=\"text-editor.default\">\n\t\t\t\t<div class=\"elementor-widget-container\">\n\t\t\t\t\t\t\t\t\t<p>Es en esta tradici\u00f3n de lo imposible donde nuestra Fundaci\u00f3n tiene sus ra\u00edces. Es una tradici\u00f3n que va m\u00e1s all\u00e1 de un Primer Teatro centrado en el texto y un Segundo Teatro dedicado a la experimentaci\u00f3n. Florece en la diversidad de la cultura de los grupos del Tercer Teatro y de muchos otros teatros que operan en las periferias geogr\u00e1ficas, sociales y art\u00edsticas.  <\/p><p>Nuestra Fondazione se inspira en las visiones, los intereses y los campos de acci\u00f3n de mujeres y hombres que, desde elLiving Theater en Estados Unidos hasta elTeatr LaboratoriumdeGrotowski en Europa, desdeLa Candelariaen Am\u00e9rica Latina hasta la Tenda Rossa del Teatro Karakumien han injertado de diferentes maneras la vida del teatro en la realidad de la vida.<\/p><p>Pensamos en los grupos y artistas de teatro que desde la d\u00e9cada de 1970 se han consolidado como c\u00e9lulas aut\u00f3nomas de un nuevo sistema de producci\u00f3n y relaciones, demostrando la funci\u00f3n transformadora del teatro para quienes participan en sus procesos y para quienes se benefician de los resultados.<\/p>\t\t\t\t\t\t\t\t<\/div>\n\t\t\t\t<\/div>\n\t\t\t\t\t<\/div>\n\t\t<\/div>\n\t\t\t\t<div class=\"elementor-column elementor-col-50 elementor-top-column elementor-element elementor-element-32db7ff\" data-id=\"32db7ff\" data-element_type=\"column\" data-e-type=\"column\">\n\t\t\t<div class=\"elementor-widget-wrap elementor-element-populated\">\n\t\t\t\t\t\t<div class=\"elementor-element elementor-element-d2fc4d6 elementor-widget elementor-widget-image\" data-id=\"d2fc4d6\" data-element_type=\"widget\" data-e-type=\"widget\" data-widget_type=\"image.default\">\n\t\t\t\t<div class=\"elementor-widget-container\">\n\t\t\t\t\t\t\t\t\t\t\t\t\t\t\t<img loading=\"lazy\" decoding=\"async\" width=\"700\" height=\"520\" src=\"https:\/\/fondazionebarbavarley.org\/wp-content\/uploads\/2025\/07\/odin-teatret.jpg\" class=\"attachment-full size-full wp-image-24454\" alt=\"\" srcset=\"https:\/\/fondazionebarbavarley.org\/wp-content\/uploads\/2025\/07\/odin-teatret.jpg 700w, https:\/\/fondazionebarbavarley.org\/wp-content\/uploads\/2025\/07\/odin-teatret-300x223.jpg 300w\" sizes=\"(max-width: 34.9rem) calc(100vw - 2rem), (max-width: 53rem) calc(8 * (100vw \/ 12)), (min-width: 53rem) calc(6 * (100vw \/ 12)), 100vw\" \/>\t\t\t\t\t\t\t\t\t\t\t\t\t\t\t<\/div>\n\t\t\t\t<\/div>\n\t\t\t\t\t<\/div>\n\t\t<\/div>\n\t\t\t\t\t<\/div>\n\t\t<\/section>\n\t\t\t\t<section class=\"elementor-section elementor-top-section elementor-element elementor-element-c70a40c elementor-section-boxed elementor-section-height-default elementor-section-height-default\" data-id=\"c70a40c\" data-element_type=\"section\" data-e-type=\"section\">\n\t\t\t\t\t\t<div class=\"elementor-container elementor-column-gap-default\">\n\t\t\t\t\t<div class=\"elementor-column elementor-col-100 elementor-top-column elementor-element elementor-element-a85d9cf\" data-id=\"a85d9cf\" data-element_type=\"column\" data-e-type=\"column\">\n\t\t\t<div class=\"elementor-widget-wrap elementor-element-populated\">\n\t\t\t\t\t\t<div class=\"elementor-element elementor-element-762b178 elementor-widget elementor-widget-heading\" data-id=\"762b178\" data-element_type=\"widget\" data-e-type=\"widget\" data-widget_type=\"heading.default\">\n\t\t\t\t<div class=\"elementor-widget-container\">\n\t\t\t\t\t<h3 class=\"elementor-heading-title elementor-size-default\">La Fundaci\u00f3n se identifica con algunas caracter\u00edsticas transformadoras del teatro: <\/h3>\t\t\t\t<\/div>\n\t\t\t\t<\/div>\n\t\t\t\t<div class=\"elementor-element elementor-element-815e65b elementor-widget elementor-widget-text-editor\" data-id=\"815e65b\" data-element_type=\"widget\" data-e-type=\"widget\" data-widget_type=\"text-editor.default\">\n\t\t\t\t<div class=\"elementor-widget-container\">\n\t\t\t\t\t\t\t\t\t<ol>\n \t<li><strong>&#8211;<\/strong> simplicidad de acci\u00f3n que incluye diversidad y complementariedad, y afronta lo inexplicable y la complejidad que nos rodea;<\/li>\n \t<li><strong>&#8211;<\/strong> continuidad y persistencia de acci\u00f3n, en una \u00e9poca en la que se tiende cada vez m\u00e1s al use y tire;<\/li>\n \t<li><strong>&#8211;<\/strong> utop\u00eda de acci\u00f3n que afilia a individuos que piensan y obran de manera diferente al del esp\u00edritu del tiempo.<\/li>\n<\/ol>\nEl teatro puede ser un laboratorio antropol\u00f3gico que subvierte ideas y pr\u00e1cticas establecidas. Creemos que el teatro es pol\u00edtica con otros medios: los de la Belleza, la Vulnerabilidad, la Obstinaci\u00f3n y el Rechazo. Comenzamos en peque\u00f1os grupos de amateurs, <strong>Eugenio en el Odin Teatret<\/strong> en Oslo y <strong>Julia nel Teatro del Drago<\/strong> de Mil\u00e1n. Durante m\u00e1s de medio siglo, nuestras motivaciones nos han instado a no rendirnos. Hoy nos alientan a poner en marcha esta Fundaci\u00f3n.    \n\nSepan utilizarla todos los que quieran sembrar mariposas en la imaginaci\u00f3n de sus espectadores y de aquellos que no lo ser\u00e1n.\n\n&nbsp;\n<p style=\"text-align: right;\"><strong>Holstebro-Roma, 15 octubre 2020<\/strong><\/p> \t\t\t\t\t\t\t\t<\/div>\n\t\t\t\t<\/div>\n\t\t\t\t\t<\/div>\n\t\t<\/div>\n\t\t\t\t\t<\/div>\n\t\t<\/section>\n\t\t\t\t<\/div>\n\t\t","protected":false},"excerpt":{"rendered":"<p>Carta de fundaci\u00f3n Belleza, vulnerabilidad, obstinaci\u00f3n, rechazo Hemos creado la Fundaci\u00f3n Barba Varley para promover activamente el compromiso con las causas y valores que han motivado nuestra vida en el [&hellip;]<\/p>\n","protected":false},"author":5,"featured_media":24448,"parent":0,"menu_order":0,"comment_status":"closed","ping_status":"closed","template":"","meta":{"_acf_changed":false,"footnotes":""},"class_list":["post-24932","page","type-page","status-publish","has-post-thumbnail","hentry","entry"],"acf":[],"yoast_head":"<!-- This site is optimized with the Yoast SEO plugin v27.4 - https:\/\/yoast.com\/product\/yoast-seo-wordpress\/ -->\n<title>Carta de fundaci\u00f3n | Fondazione Barba Varley - ETS<\/title>\n<meta name=\"robots\" content=\"index, follow, max-snippet:-1, max-image-preview:large, max-video-preview:-1\" \/>\n<link rel=\"canonical\" href=\"https:\/\/fondazionebarbavarley.org\/es\/lettera-di-fondazione\/\" \/>\n<meta property=\"og:locale\" content=\"es_ES\" \/>\n<meta property=\"og:type\" content=\"article\" \/>\n<meta property=\"og:title\" content=\"Carta de fundaci\u00f3n | Fondazione Barba Varley - ETS\" \/>\n<meta property=\"og:description\" content=\"Carta de fundaci\u00f3n Belleza, vulnerabilidad, obstinaci\u00f3n, rechazo Hemos creado la Fundaci\u00f3n Barba Varley para promover activamente el compromiso con las causas y valores que han motivado nuestra vida en el [&hellip;]\" \/>\n<meta property=\"og:url\" content=\"https:\/\/fondazionebarbavarley.org\/es\/lettera-di-fondazione\/\" \/>\n<meta property=\"og:site_name\" content=\"Fondazione Barba Varley - ETS\" \/>\n<meta property=\"article:publisher\" content=\"https:\/\/www.facebook.com\/FondazioneBarbaVarley\" \/>\n<meta property=\"article:modified_time\" content=\"2025-09-06T15:40:29+00:00\" \/>\n<meta property=\"og:image\" content=\"https:\/\/fondazionebarbavarley.org\/wp-content\/uploads\/2025\/07\/lettera-fondazione-barba-varley.jpg\" \/>\n\t<meta property=\"og:image:width\" content=\"1600\" \/>\n\t<meta property=\"og:image:height\" content=\"628\" \/>\n\t<meta property=\"og:image:type\" content=\"image\/jpeg\" \/>\n<meta name=\"twitter:card\" content=\"summary_large_image\" \/>\n<!-- \/ Yoast SEO plugin. -->","yoast_head_json":{"title":"Carta de fundaci\u00f3n | Fondazione Barba Varley - ETS","robots":{"index":"index","follow":"follow","max-snippet":"max-snippet:-1","max-image-preview":"max-image-preview:large","max-video-preview":"max-video-preview:-1"},"canonical":"https:\/\/fondazionebarbavarley.org\/es\/lettera-di-fondazione\/","og_locale":"es_ES","og_type":"article","og_title":"Carta de fundaci\u00f3n | Fondazione Barba Varley - ETS","og_description":"Carta de fundaci\u00f3n Belleza, vulnerabilidad, obstinaci\u00f3n, rechazo Hemos creado la Fundaci\u00f3n Barba Varley para promover activamente el compromiso con las causas y valores que han motivado nuestra vida en el [&hellip;]","og_url":"https:\/\/fondazionebarbavarley.org\/es\/lettera-di-fondazione\/","og_site_name":"Fondazione Barba Varley - ETS","article_publisher":"https:\/\/www.facebook.com\/FondazioneBarbaVarley","article_modified_time":"2025-09-06T15:40:29+00:00","og_image":[{"width":1600,"height":628,"url":"https:\/\/fondazionebarbavarley.org\/wp-content\/uploads\/2025\/07\/lettera-fondazione-barba-varley.jpg","type":"image\/jpeg"}],"twitter_card":"summary_large_image","schema":{"@context":"https:\/\/schema.org","@graph":[{"@type":"WebPage","@id":"https:\/\/fondazionebarbavarley.org\/es\/lettera-di-fondazione\/","url":"https:\/\/fondazionebarbavarley.org\/es\/lettera-di-fondazione\/","name":"Carta de fundaci\u00f3n | Fondazione Barba Varley - ETS","isPartOf":{"@id":"https:\/\/fondazionebarbavarley.org\/es\/#website"},"primaryImageOfPage":{"@id":"https:\/\/fondazionebarbavarley.org\/es\/lettera-di-fondazione\/#primaryimage"},"image":{"@id":"https:\/\/fondazionebarbavarley.org\/es\/lettera-di-fondazione\/#primaryimage"},"thumbnailUrl":"https:\/\/fondazionebarbavarley.org\/wp-content\/uploads\/2025\/07\/lettera-fondazione-barba-varley.jpg","datePublished":"2025-07-10T17:29:01+00:00","dateModified":"2025-09-06T15:40:29+00:00","breadcrumb":{"@id":"https:\/\/fondazionebarbavarley.org\/es\/lettera-di-fondazione\/#breadcrumb"},"inLanguage":"es","potentialAction":[{"@type":"ReadAction","target":["https:\/\/fondazionebarbavarley.org\/es\/lettera-di-fondazione\/"]}]},{"@type":"ImageObject","inLanguage":"es","@id":"https:\/\/fondazionebarbavarley.org\/es\/lettera-di-fondazione\/#primaryimage","url":"https:\/\/fondazionebarbavarley.org\/wp-content\/uploads\/2025\/07\/lettera-fondazione-barba-varley.jpg","contentUrl":"https:\/\/fondazionebarbavarley.org\/wp-content\/uploads\/2025\/07\/lettera-fondazione-barba-varley.jpg","width":1600,"height":628,"caption":"Lettera Fondazione Barba Varley"},{"@type":"BreadcrumbList","@id":"https:\/\/fondazionebarbavarley.org\/es\/lettera-di-fondazione\/#breadcrumb","itemListElement":[{"@type":"ListItem","position":1,"name":"Home"},{"@type":"ListItem","position":2,"name":"Carta de fundaci\u00f3n"}]},{"@type":"WebSite","@id":"https:\/\/fondazionebarbavarley.org\/es\/#website","url":"https:\/\/fondazionebarbavarley.org\/es\/","name":"Fondazione Barba Varley - ETS","description":"","publisher":{"@id":"https:\/\/fondazionebarbavarley.org\/es\/#organization"},"potentialAction":[{"@type":"SearchAction","target":{"@type":"EntryPoint","urlTemplate":"https:\/\/fondazionebarbavarley.org\/es\/?s={search_term_string}"},"query-input":{"@type":"PropertyValueSpecification","valueRequired":true,"valueName":"search_term_string"}}],"inLanguage":"es"},{"@type":"Organization","@id":"https:\/\/fondazionebarbavarley.org\/es\/#organization","name":"Fondazione Barba Varley - ETS","url":"https:\/\/fondazionebarbavarley.org\/es\/","logo":{"@type":"ImageObject","inLanguage":"es","@id":"https:\/\/fondazionebarbavarley.org\/es\/#\/schema\/logo\/image\/","url":"https:\/\/fondazionebarbavarley.org\/wp-content\/uploads\/2025\/06\/logo_bv-e1612267139930.png","contentUrl":"https:\/\/fondazionebarbavarley.org\/wp-content\/uploads\/2025\/06\/logo_bv-e1612267139930.png","width":300,"height":290,"caption":"Fondazione Barba Varley - ETS"},"image":{"@id":"https:\/\/fondazionebarbavarley.org\/es\/#\/schema\/logo\/image\/"},"sameAs":["https:\/\/www.facebook.com\/FondazioneBarbaVarley","https:\/\/www.youtube.com\/c\/FondazioneBarbaVarley"]}]}},"_links":{"self":[{"href":"https:\/\/fondazionebarbavarley.org\/es\/wp-json\/wp\/v2\/pages\/24932","targetHints":{"allow":["GET"]}}],"collection":[{"href":"https:\/\/fondazionebarbavarley.org\/es\/wp-json\/wp\/v2\/pages"}],"about":[{"href":"https:\/\/fondazionebarbavarley.org\/es\/wp-json\/wp\/v2\/types\/page"}],"author":[{"embeddable":true,"href":"https:\/\/fondazionebarbavarley.org\/es\/wp-json\/wp\/v2\/users\/5"}],"replies":[{"embeddable":true,"href":"https:\/\/fondazionebarbavarley.org\/es\/wp-json\/wp\/v2\/comments?post=24932"}],"version-history":[{"count":2,"href":"https:\/\/fondazionebarbavarley.org\/es\/wp-json\/wp\/v2\/pages\/24932\/revisions"}],"predecessor-version":[{"id":24935,"href":"https:\/\/fondazionebarbavarley.org\/es\/wp-json\/wp\/v2\/pages\/24932\/revisions\/24935"}],"wp:featuredmedia":[{"embeddable":true,"href":"https:\/\/fondazionebarbavarley.org\/es\/wp-json\/wp\/v2\/media\/24448"}],"wp:attachment":[{"href":"https:\/\/fondazionebarbavarley.org\/es\/wp-json\/wp\/v2\/media?parent=24932"}],"curies":[{"name":"wp","href":"https:\/\/api.w.org\/{rel}","templated":true}]}}