{"id":24963,"date":"2025-04-06T15:20:45","date_gmt":"2025-04-06T13:20:45","guid":{"rendered":"https:\/\/fondazionebarbavarley.org\/comite-cientifico-de-la-fundacion\/"},"modified":"2025-09-07T14:45:40","modified_gmt":"2025-09-07T12:45:40","slug":"comite-cientifico-de-la-fundacion","status":"publish","type":"page","link":"https:\/\/fondazionebarbavarley.org\/es\/comite-cientifico-de-la-fundacion\/","title":{"rendered":"Comit\u00e9 cient\u00edfico de la Fundaci\u00f3n"},"content":{"rendered":"\t\t<div data-elementor-type=\"wp-page\" data-elementor-id=\"24963\" class=\"elementor elementor-24963 elementor-21883\" data-elementor-post-type=\"page\">\n\t\t\t\t\t\t<section class=\"elementor-section elementor-top-section elementor-element elementor-element-4cec8d1b elementor-section-full_width elementor-section-height-default elementor-section-height-default\" data-id=\"4cec8d1b\" data-element_type=\"section\" data-e-type=\"section\">\n\t\t\t\t\t\t<div class=\"elementor-container elementor-column-gap-no\">\n\t\t\t\t\t<div class=\"elementor-column elementor-col-100 elementor-top-column elementor-element elementor-element-7ead0e05\" data-id=\"7ead0e05\" data-element_type=\"column\" data-e-type=\"column\">\n\t\t\t<div class=\"elementor-widget-wrap elementor-element-populated\">\n\t\t\t\t\t\t<div class=\"elementor-element elementor-element-12e0f7e elementor-widget__width-inherit elementor-widget elementor-widget-image\" data-id=\"12e0f7e\" data-element_type=\"widget\" data-e-type=\"widget\" data-widget_type=\"image.default\">\n\t\t\t\t<div class=\"elementor-widget-container\">\n\t\t\t\t\t\t\t\t\t\t\t\t\t\t\t<img fetchpriority=\"high\" decoding=\"async\" width=\"1600\" height=\"468\" src=\"https:\/\/fondazionebarbavarley.org\/wp-content\/uploads\/2025\/07\/header-comitato-scientifico.jpg\" class=\"attachment-full size-full wp-image-24468\" alt=\"\" srcset=\"https:\/\/fondazionebarbavarley.org\/wp-content\/uploads\/2025\/07\/header-comitato-scientifico.jpg 1600w, https:\/\/fondazionebarbavarley.org\/wp-content\/uploads\/2025\/07\/header-comitato-scientifico-300x88.jpg 300w, https:\/\/fondazionebarbavarley.org\/wp-content\/uploads\/2025\/07\/header-comitato-scientifico-1024x300.jpg 1024w, https:\/\/fondazionebarbavarley.org\/wp-content\/uploads\/2025\/07\/header-comitato-scientifico-768x225.jpg 768w, https:\/\/fondazionebarbavarley.org\/wp-content\/uploads\/2025\/07\/header-comitato-scientifico-1536x449.jpg 1536w, https:\/\/fondazionebarbavarley.org\/wp-content\/uploads\/2025\/07\/header-comitato-scientifico-1568x459.jpg 1568w, https:\/\/fondazionebarbavarley.org\/wp-content\/uploads\/2025\/07\/header-comitato-scientifico-1320x386.jpg 1320w, https:\/\/fondazionebarbavarley.org\/wp-content\/uploads\/2025\/07\/header-comitato-scientifico-600x176.jpg 600w\" sizes=\"(max-width: 1600px) 100vw, 1600px\" \/>\t\t\t\t\t\t\t\t\t\t\t\t\t\t\t<\/div>\n\t\t\t\t<\/div>\n\t\t\t\t\t<\/div>\n\t\t<\/div>\n\t\t\t\t\t<\/div>\n\t\t<\/section>\n\t\t\t\t<section class=\"elementor-section elementor-top-section elementor-element elementor-element-f04acd6 elementor-section-boxed elementor-section-height-default elementor-section-height-default\" data-id=\"f04acd6\" data-element_type=\"section\" data-e-type=\"section\">\n\t\t\t\t\t\t<div class=\"elementor-container elementor-column-gap-default\">\n\t\t\t\t\t<div class=\"elementor-column elementor-col-100 elementor-top-column elementor-element elementor-element-19444b3\" data-id=\"19444b3\" data-element_type=\"column\" data-e-type=\"column\">\n\t\t\t<div class=\"elementor-widget-wrap elementor-element-populated\">\n\t\t\t\t\t\t<div class=\"elementor-element elementor-element-b63cb46 elementor-widget elementor-widget-heading\" data-id=\"b63cb46\" data-element_type=\"widget\" data-e-type=\"widget\" data-widget_type=\"heading.default\">\n\t\t\t\t<div class=\"elementor-widget-container\">\n\t\t\t\t\t<h1 class=\"elementor-heading-title elementor-size-default\">Comit\u00e9 cient\u00edfico de la Fundaci\u00f3n<\/h1>\t\t\t\t<\/div>\n\t\t\t\t<\/div>\n\t\t\t\t\t<\/div>\n\t\t<\/div>\n\t\t\t\t\t<\/div>\n\t\t<\/section>\n\t\t\t\t<section class=\"elementor-section elementor-top-section elementor-element elementor-element-2126e874 elementor-section-boxed elementor-section-height-default elementor-section-height-default\" data-id=\"2126e874\" data-element_type=\"section\" data-e-type=\"section\">\n\t\t\t\t\t\t<div class=\"elementor-container elementor-column-gap-default\">\n\t\t\t\t\t<div class=\"elementor-column elementor-col-100 elementor-top-column elementor-element elementor-element-486c4bfd\" data-id=\"486c4bfd\" data-element_type=\"column\" data-e-type=\"column\">\n\t\t\t<div class=\"elementor-widget-wrap elementor-element-populated\">\n\t\t\t\t\t\t<div class=\"elementor-element elementor-element-487730b elementor-widget elementor-widget-heading\" data-id=\"487730b\" data-element_type=\"widget\" data-e-type=\"widget\" data-widget_type=\"heading.default\">\n\t\t\t\t<div class=\"elementor-widget-container\">\n\t\t\t\t\t<h2 class=\"elementor-heading-title elementor-size-default\">Presidente: Ariane Mnouchkine (Francia)<\/h2>\t\t\t\t<\/div>\n\t\t\t\t<\/div>\n\t\t\t\t<div class=\"elementor-element elementor-element-1d2739a elementor-widget elementor-widget-text-editor\" data-id=\"1d2739a\" data-element_type=\"widget\" data-e-type=\"widget\" data-widget_type=\"text-editor.default\">\n\t\t\t\t<div class=\"elementor-widget-container\">\n\t\t\t\t\t\t\t\t\t<p>Directora de teatro y cine. En 1964, despu\u00e9s de terminar la escuela de Jacques Lecoq, crea el Th\u00e9\u00e2tre du Soleil, un teatro de pensamiento colectivo activo todav\u00eda hoy.<\/p><p>Tradujo y puso en escena varias obras de Shakespeare, colabora con H\u00e9l\u00e8ne Cixous en textos y films. Tiene un profesorado en creaci\u00f3n art\u00edstica en el Coll\u00e8ge de France, y dos H.C. de las Universidades de Roma (2005) y Oxford (2008). European Theatre Prize (1987), Ibsen Prize (2009) y Goethe Medal (2011).<\/p>\t\t\t\t\t\t\t\t<\/div>\n\t\t\t\t<\/div>\n\t\t\t\t\t<\/div>\n\t\t<\/div>\n\t\t\t\t\t<\/div>\n\t\t<\/section>\n\t\t\t\t<section class=\"elementor-section elementor-top-section elementor-element elementor-element-b3fdac9 elementor-section-boxed elementor-section-height-default elementor-section-height-default\" data-id=\"b3fdac9\" data-element_type=\"section\" data-e-type=\"section\">\n\t\t\t\t\t\t<div class=\"elementor-container elementor-column-gap-default\">\n\t\t\t\t\t<div class=\"elementor-column elementor-col-100 elementor-top-column elementor-element elementor-element-33329ac\" data-id=\"33329ac\" data-element_type=\"column\" data-e-type=\"column\">\n\t\t\t<div class=\"elementor-widget-wrap elementor-element-populated\">\n\t\t\t\t\t\t<div class=\"elementor-element elementor-element-583e8f7 elementor-widget elementor-widget-heading\" data-id=\"583e8f7\" data-element_type=\"widget\" data-e-type=\"widget\" data-widget_type=\"heading.default\">\n\t\t\t\t<div class=\"elementor-widget-container\">\n\t\t\t\t\t<h2 class=\"elementor-heading-title elementor-size-default\">Patricia Ariza (Colombia) <\/h2>\t\t\t\t<\/div>\n\t\t\t\t<\/div>\n\t\t\t\t<div class=\"elementor-element elementor-element-cd9a5af elementor-widget elementor-widget-text-editor\" data-id=\"cd9a5af\" data-element_type=\"widget\" data-e-type=\"widget\" data-widget_type=\"text-editor.default\">\n\t\t\t\t<div class=\"elementor-widget-container\">\n\t\t\t\t\t\t\t\t\t<p>Fundadora del Teatro La Candelaria, actriz, directora, dramaturga y activista en el movimiento por la paz y por las mujeres. Organiza, dirige y produce espect\u00e1culos y otras actividades para sostener a j\u00f3venes, prostitutas, adictos, y desplazados por la guerra interna. Patricia Ariza funda la Corporaci\u00f3n Colombiana de Teatro cuyos proyectos culturales, art\u00edsticos y sociales promueven el teatro, la paz y los derechos humanos<\/p><p>Es parte de la red The Magdalena Project y desde el 2006 organiza el Festival Magdalena Ant\u00edgona en Bogot\u00e1 as\u00ed como el Festival de Mujeres por la Paz.<\/p>\t\t\t\t\t\t\t\t<\/div>\n\t\t\t\t<\/div>\n\t\t\t\t\t<\/div>\n\t\t<\/div>\n\t\t\t\t\t<\/div>\n\t\t<\/section>\n\t\t\t\t<section class=\"elementor-section elementor-top-section elementor-element elementor-element-ff03bc4 elementor-section-boxed elementor-section-height-default elementor-section-height-default\" data-id=\"ff03bc4\" data-element_type=\"section\" data-e-type=\"section\">\n\t\t\t\t\t\t<div class=\"elementor-container elementor-column-gap-default\">\n\t\t\t\t\t<div class=\"elementor-column elementor-col-100 elementor-top-column elementor-element elementor-element-100fc27\" data-id=\"100fc27\" data-element_type=\"column\" data-e-type=\"column\">\n\t\t\t<div class=\"elementor-widget-wrap elementor-element-populated\">\n\t\t\t\t\t\t<div class=\"elementor-element elementor-element-f1094ee elementor-widget elementor-widget-heading\" data-id=\"f1094ee\" data-element_type=\"widget\" data-e-type=\"widget\" data-widget_type=\"heading.default\">\n\t\t\t\t<div class=\"elementor-widget-container\">\n\t\t\t\t\t<h2 class=\"elementor-heading-title elementor-size-default\">Nora Amin (Egipto) <\/h2>\t\t\t\t<\/div>\n\t\t\t\t<\/div>\n\t\t\t\t<div class=\"elementor-element elementor-element-a39a02b elementor-widget elementor-widget-text-editor\" data-id=\"a39a02b\" data-element_type=\"widget\" data-e-type=\"widget\" data-widget_type=\"text-editor.default\">\n\t\t\t\t<div class=\"elementor-widget-container\">\n\t\t\t\t\t\t\t\t\tEscritora, performer, core\u00f3grafa y directora egipcia. Escritora, performer, core\u00f3grafa y directora egipcia. Comenz\u00f3 su carrera profesional como miembro de la compa\u00f1\u00eda de danza moderna en Cairo Opera House (1993\/94), y actu\u00f3 como actriz en el Hanager Arts Center hasta el 2002 \n\nEn el 2000, en el Cairo, funda La M\u00fasica, un grupo de teatro independiente. Public\u00f3 dos novelas y cuatro colecciones de historias breves.\t\t\t\t\t\t\t\t<\/div>\n\t\t\t\t<\/div>\n\t\t\t\t\t<\/div>\n\t\t<\/div>\n\t\t\t\t\t<\/div>\n\t\t<\/section>\n\t\t\t\t<section class=\"elementor-section elementor-top-section elementor-element elementor-element-b76786b elementor-section-boxed elementor-section-height-default elementor-section-height-default\" data-id=\"b76786b\" data-element_type=\"section\" data-e-type=\"section\">\n\t\t\t\t\t\t<div class=\"elementor-container elementor-column-gap-default\">\n\t\t\t\t\t<div class=\"elementor-column elementor-col-100 elementor-top-column elementor-element elementor-element-3976705\" data-id=\"3976705\" data-element_type=\"column\" data-e-type=\"column\">\n\t\t\t<div class=\"elementor-widget-wrap elementor-element-populated\">\n\t\t\t\t\t\t<div class=\"elementor-element elementor-element-1dc077e elementor-widget elementor-widget-heading\" data-id=\"1dc077e\" data-element_type=\"widget\" data-e-type=\"widget\" data-widget_type=\"heading.default\">\n\t\t\t\t<div class=\"elementor-widget-container\">\n\t\t\t\t\t<h2 class=\"elementor-heading-title elementor-size-default\">Patrick Campbell (Reino Unido)<\/h2>\t\t\t\t<\/div>\n\t\t\t\t<\/div>\n\t\t\t\t<div class=\"elementor-element elementor-element-7c39ef9 elementor-widget elementor-widget-text-editor\" data-id=\"7c39ef9\" data-element_type=\"widget\" data-e-type=\"widget\" data-widget_type=\"text-editor.default\">\n\t\t\t\t<div class=\"elementor-widget-container\">\n\t\t\t\t\t\t\t\t\tActor, director y profesor de teatro contempor\u00e1neo y performance en Manchester Metropolitan University. Es miembro de Cross Pollination, un laboratorio abierto y n\u00f3made que fomenta el di\u00e1logo entre pr\u00e1cticas teatrales, es editor asociado del \u201cBrazilian Journal on Presence Studies\u201d. Patrick comienza a hacer teatro desde ni\u00f1o en Coventry con Carran Waterfield. \t\t\t\t\t\t\t\t<\/div>\n\t\t\t\t<\/div>\n\t\t\t\t\t<\/div>\n\t\t<\/div>\n\t\t\t\t\t<\/div>\n\t\t<\/section>\n\t\t\t\t<section class=\"elementor-section elementor-top-section elementor-element elementor-element-4592ed1 elementor-section-boxed elementor-section-height-default elementor-section-height-default\" data-id=\"4592ed1\" data-element_type=\"section\" data-e-type=\"section\">\n\t\t\t\t\t\t<div class=\"elementor-container elementor-column-gap-default\">\n\t\t\t\t\t<div class=\"elementor-column elementor-col-100 elementor-top-column elementor-element elementor-element-36933b2\" data-id=\"36933b2\" data-element_type=\"column\" data-e-type=\"column\">\n\t\t\t<div class=\"elementor-widget-wrap elementor-element-populated\">\n\t\t\t\t\t\t<div class=\"elementor-element elementor-element-7dad35c elementor-widget elementor-widget-heading\" data-id=\"7dad35c\" data-element_type=\"widget\" data-e-type=\"widget\" data-widget_type=\"heading.default\">\n\t\t\t\t<div class=\"elementor-widget-container\">\n\t\t\t\t\t<h2 class=\"elementor-heading-title elementor-size-default\">Parvathy Baul (India)<\/h2>\t\t\t\t<\/div>\n\t\t\t\t<\/div>\n\t\t\t\t<div class=\"elementor-element elementor-element-b4d4dc1 elementor-widget elementor-widget-text-editor\" data-id=\"b4d4dc1\" data-element_type=\"widget\" data-e-type=\"widget\" data-widget_type=\"text-editor.default\">\n\t\t\t\t<div class=\"elementor-widget-container\">\n\t\t\t\t\t\t\t\t\tCantante, pintora y narradora de Bengala occidental. Su encuentro con la tradici\u00f3n viva Baul la llev\u00f3 a elegir la forma de aprendizaje Baul m\u00e1s que a buscar un t\u00edtulo universitario. Desde 1995 actu\u00f3 en su lugar de morada, Bengala, recorriendo tambi\u00e9n India y varios festivales internacionales. En el 2012 Parvathy Baul organiza en India el 1er festival de mujeres, Tantidhatri, en conexi\u00f3n con The Magdalena Project. Desde el 2021 organiza el Baul Mela on-line. \t\t\t\t\t\t\t\t<\/div>\n\t\t\t\t<\/div>\n\t\t\t\t\t<\/div>\n\t\t<\/div>\n\t\t\t\t\t<\/div>\n\t\t<\/section>\n\t\t\t\t<section class=\"elementor-section elementor-top-section elementor-element elementor-element-1fca45e elementor-section-boxed elementor-section-height-default elementor-section-height-default\" data-id=\"1fca45e\" data-element_type=\"section\" data-e-type=\"section\">\n\t\t\t\t\t\t<div class=\"elementor-container elementor-column-gap-default\">\n\t\t\t\t\t<div class=\"elementor-column elementor-col-100 elementor-top-column elementor-element elementor-element-1bc86fe\" data-id=\"1bc86fe\" data-element_type=\"column\" data-e-type=\"column\">\n\t\t\t<div class=\"elementor-widget-wrap elementor-element-populated\">\n\t\t\t\t\t\t<div class=\"elementor-element elementor-element-11bebaf elementor-widget elementor-widget-heading\" data-id=\"11bebaf\" data-element_type=\"widget\" data-e-type=\"widget\" data-widget_type=\"heading.default\">\n\t\t\t\t<div class=\"elementor-widget-container\">\n\t\t\t\t\t<h2 class=\"elementor-heading-title elementor-size-default\">Claudio La Camera (Italia)<\/h2>\t\t\t\t<\/div>\n\t\t\t\t<\/div>\n\t\t\t\t<div class=\"elementor-element elementor-element-e165931 elementor-widget elementor-widget-text-editor\" data-id=\"e165931\" data-element_type=\"widget\" data-e-type=\"widget\" data-widget_type=\"text-editor.default\">\n\t\t\t\t<div class=\"elementor-widget-container\">\n\t\t\t\t\t\t\t\t\tConsejero en programas de prevenci\u00f3n y cooperaci\u00f3n internacional. Trabaj\u00f3 en todo el mundo en zonas de emergencia para las Naciones Unidas y para organizaciones del tercer sector. Funda Teatro Proskenion y la red de teatro Linea Trasversale, y desde 1996 al 2010 organiza las actividades de la Universidad del Teatro Eurasiano dirigido por Eugenio Barba. \t\t\t\t\t\t\t\t<\/div>\n\t\t\t\t<\/div>\n\t\t\t\t\t<\/div>\n\t\t<\/div>\n\t\t\t\t\t<\/div>\n\t\t<\/section>\n\t\t\t\t<\/div>\n\t\t","protected":false},"excerpt":{"rendered":"<p>Comit\u00e9 cient\u00edfico de la Fundaci\u00f3n Presidente: Ariane Mnouchkine (Francia) Directora de teatro y cine. En 1964, despu\u00e9s de terminar la escuela de Jacques Lecoq, crea el Th\u00e9\u00e2tre du Soleil, un [&hellip;]<\/p>\n","protected":false},"author":5,"featured_media":0,"parent":0,"menu_order":0,"comment_status":"closed","ping_status":"closed","template":"elementor_header_footer","meta":{"_acf_changed":false,"footnotes":""},"class_list":["post-24963","page","type-page","status-publish","hentry","entry"],"acf":[],"yoast_head":"<!-- This site is optimized with the Yoast SEO plugin v27.4 - https:\/\/yoast.com\/product\/yoast-seo-wordpress\/ -->\n<title>Comit\u00e9 cient\u00edfico de la Fundaci\u00f3n | Fondazione Barba Varley - ETS<\/title>\n<meta name=\"robots\" content=\"index, follow, max-snippet:-1, max-image-preview:large, max-video-preview:-1\" \/>\n<link rel=\"canonical\" href=\"https:\/\/fondazionebarbavarley.org\/es\/comite-cientifico-de-la-fundacion\/\" \/>\n<meta property=\"og:locale\" content=\"es_ES\" \/>\n<meta property=\"og:type\" content=\"article\" \/>\n<meta property=\"og:title\" content=\"Comit\u00e9 cient\u00edfico de la Fundaci\u00f3n | Fondazione Barba Varley - ETS\" \/>\n<meta property=\"og:description\" content=\"Comit\u00e9 cient\u00edfico de la Fundaci\u00f3n Presidente: Ariane Mnouchkine (Francia) Directora de teatro y cine. En 1964, despu\u00e9s de terminar la escuela de Jacques Lecoq, crea el Th\u00e9\u00e2tre du Soleil, un [&hellip;]\" \/>\n<meta property=\"og:url\" content=\"https:\/\/fondazionebarbavarley.org\/es\/comite-cientifico-de-la-fundacion\/\" \/>\n<meta property=\"og:site_name\" content=\"Fondazione Barba Varley - ETS\" \/>\n<meta property=\"article:publisher\" content=\"https:\/\/www.facebook.com\/FondazioneBarbaVarley\" \/>\n<meta property=\"article:modified_time\" content=\"2025-09-07T12:45:40+00:00\" \/>\n<meta property=\"og:image\" content=\"https:\/\/fondazionebarbavarley.org\/wp-content\/uploads\/2025\/07\/header-comitato-scientifico.jpg\" \/>\n<meta name=\"twitter:card\" content=\"summary_large_image\" \/>\n<!-- \/ Yoast SEO plugin. -->","yoast_head_json":{"title":"Comit\u00e9 cient\u00edfico de la Fundaci\u00f3n | Fondazione Barba Varley - ETS","robots":{"index":"index","follow":"follow","max-snippet":"max-snippet:-1","max-image-preview":"max-image-preview:large","max-video-preview":"max-video-preview:-1"},"canonical":"https:\/\/fondazionebarbavarley.org\/es\/comite-cientifico-de-la-fundacion\/","og_locale":"es_ES","og_type":"article","og_title":"Comit\u00e9 cient\u00edfico de la Fundaci\u00f3n | Fondazione Barba Varley - ETS","og_description":"Comit\u00e9 cient\u00edfico de la Fundaci\u00f3n Presidente: Ariane Mnouchkine (Francia) Directora de teatro y cine. En 1964, despu\u00e9s de terminar la escuela de Jacques Lecoq, crea el Th\u00e9\u00e2tre du Soleil, un [&hellip;]","og_url":"https:\/\/fondazionebarbavarley.org\/es\/comite-cientifico-de-la-fundacion\/","og_site_name":"Fondazione Barba Varley - ETS","article_publisher":"https:\/\/www.facebook.com\/FondazioneBarbaVarley","article_modified_time":"2025-09-07T12:45:40+00:00","og_image":[{"url":"https:\/\/fondazionebarbavarley.org\/wp-content\/uploads\/2025\/07\/header-comitato-scientifico.jpg","type":"","width":"","height":""}],"twitter_card":"summary_large_image","schema":{"@context":"https:\/\/schema.org","@graph":[{"@type":"WebPage","@id":"https:\/\/fondazionebarbavarley.org\/es\/comite-cientifico-de-la-fundacion\/","url":"https:\/\/fondazionebarbavarley.org\/es\/comite-cientifico-de-la-fundacion\/","name":"Comit\u00e9 cient\u00edfico de la Fundaci\u00f3n | Fondazione Barba Varley - ETS","isPartOf":{"@id":"https:\/\/fondazionebarbavarley.org\/es\/#website"},"primaryImageOfPage":{"@id":"https:\/\/fondazionebarbavarley.org\/es\/comite-cientifico-de-la-fundacion\/#primaryimage"},"image":{"@id":"https:\/\/fondazionebarbavarley.org\/es\/comite-cientifico-de-la-fundacion\/#primaryimage"},"thumbnailUrl":"https:\/\/fondazionebarbavarley.org\/wp-content\/uploads\/2025\/07\/header-comitato-scientifico.jpg","datePublished":"2025-04-06T13:20:45+00:00","dateModified":"2025-09-07T12:45:40+00:00","breadcrumb":{"@id":"https:\/\/fondazionebarbavarley.org\/es\/comite-cientifico-de-la-fundacion\/#breadcrumb"},"inLanguage":"es","potentialAction":[{"@type":"ReadAction","target":["https:\/\/fondazionebarbavarley.org\/es\/comite-cientifico-de-la-fundacion\/"]}]},{"@type":"ImageObject","inLanguage":"es","@id":"https:\/\/fondazionebarbavarley.org\/es\/comite-cientifico-de-la-fundacion\/#primaryimage","url":"https:\/\/fondazionebarbavarley.org\/wp-content\/uploads\/2025\/07\/header-comitato-scientifico.jpg","contentUrl":"https:\/\/fondazionebarbavarley.org\/wp-content\/uploads\/2025\/07\/header-comitato-scientifico.jpg"},{"@type":"BreadcrumbList","@id":"https:\/\/fondazionebarbavarley.org\/es\/comite-cientifico-de-la-fundacion\/#breadcrumb","itemListElement":[{"@type":"ListItem","position":1,"name":"Home"},{"@type":"ListItem","position":2,"name":"Comit\u00e9 cient\u00edfico de la Fundaci\u00f3n"}]},{"@type":"WebSite","@id":"https:\/\/fondazionebarbavarley.org\/es\/#website","url":"https:\/\/fondazionebarbavarley.org\/es\/","name":"Fondazione Barba Varley - ETS","description":"","publisher":{"@id":"https:\/\/fondazionebarbavarley.org\/es\/#organization"},"potentialAction":[{"@type":"SearchAction","target":{"@type":"EntryPoint","urlTemplate":"https:\/\/fondazionebarbavarley.org\/es\/?s={search_term_string}"},"query-input":{"@type":"PropertyValueSpecification","valueRequired":true,"valueName":"search_term_string"}}],"inLanguage":"es"},{"@type":"Organization","@id":"https:\/\/fondazionebarbavarley.org\/es\/#organization","name":"Fondazione Barba Varley - ETS","url":"https:\/\/fondazionebarbavarley.org\/es\/","logo":{"@type":"ImageObject","inLanguage":"es","@id":"https:\/\/fondazionebarbavarley.org\/es\/#\/schema\/logo\/image\/","url":"https:\/\/fondazionebarbavarley.org\/wp-content\/uploads\/2025\/06\/logo_bv-e1612267139930.png","contentUrl":"https:\/\/fondazionebarbavarley.org\/wp-content\/uploads\/2025\/06\/logo_bv-e1612267139930.png","width":300,"height":290,"caption":"Fondazione Barba Varley - ETS"},"image":{"@id":"https:\/\/fondazionebarbavarley.org\/es\/#\/schema\/logo\/image\/"},"sameAs":["https:\/\/www.facebook.com\/FondazioneBarbaVarley","https:\/\/www.youtube.com\/c\/FondazioneBarbaVarley"]}]}},"_links":{"self":[{"href":"https:\/\/fondazionebarbavarley.org\/es\/wp-json\/wp\/v2\/pages\/24963","targetHints":{"allow":["GET"]}}],"collection":[{"href":"https:\/\/fondazionebarbavarley.org\/es\/wp-json\/wp\/v2\/pages"}],"about":[{"href":"https:\/\/fondazionebarbavarley.org\/es\/wp-json\/wp\/v2\/types\/page"}],"author":[{"embeddable":true,"href":"https:\/\/fondazionebarbavarley.org\/es\/wp-json\/wp\/v2\/users\/5"}],"replies":[{"embeddable":true,"href":"https:\/\/fondazionebarbavarley.org\/es\/wp-json\/wp\/v2\/comments?post=24963"}],"version-history":[{"count":1,"href":"https:\/\/fondazionebarbavarley.org\/es\/wp-json\/wp\/v2\/pages\/24963\/revisions"}],"predecessor-version":[{"id":24964,"href":"https:\/\/fondazionebarbavarley.org\/es\/wp-json\/wp\/v2\/pages\/24963\/revisions\/24964"}],"wp:attachment":[{"href":"https:\/\/fondazionebarbavarley.org\/es\/wp-json\/wp\/v2\/media?parent=24963"}],"curies":[{"name":"wp","href":"https:\/\/api.w.org\/{rel}","templated":true}]}}