{"id":24979,"date":"2025-04-06T15:35:23","date_gmt":"2025-04-06T13:35:23","guid":{"rendered":"https:\/\/fondazionebarbavarley.org\/publicaciones\/"},"modified":"2025-09-09T15:46:09","modified_gmt":"2025-09-09T13:46:09","slug":"publicaciones","status":"publish","type":"page","link":"https:\/\/fondazionebarbavarley.org\/es\/publicaciones\/","title":{"rendered":"Publicaciones"},"content":{"rendered":"\t\t<div data-elementor-type=\"wp-page\" data-elementor-id=\"24979\" class=\"elementor elementor-24979 elementor-21906\" data-elementor-post-type=\"page\">\n\t\t\t\t\t\t<section class=\"elementor-section elementor-top-section elementor-element elementor-element-194420e7 elementor-section-full_width elementor-section-height-default elementor-section-height-default\" data-id=\"194420e7\" data-element_type=\"section\" data-e-type=\"section\">\n\t\t\t\t\t\t<div class=\"elementor-container elementor-column-gap-no\">\n\t\t\t\t\t<div class=\"elementor-column elementor-col-100 elementor-top-column elementor-element elementor-element-65735dd1\" data-id=\"65735dd1\" data-element_type=\"column\" data-e-type=\"column\">\n\t\t\t<div class=\"elementor-widget-wrap elementor-element-populated\">\n\t\t\t\t\t\t<div class=\"elementor-element elementor-element-4e6d1294 elementor-widget__width-inherit elementor-widget elementor-widget-image\" data-id=\"4e6d1294\" data-element_type=\"widget\" data-e-type=\"widget\" data-widget_type=\"image.default\">\n\t\t\t\t<div class=\"elementor-widget-container\">\n\t\t\t\t\t\t\t\t\t\t\t\t\t\t\t<img fetchpriority=\"high\" decoding=\"async\" width=\"1600\" height=\"468\" src=\"https:\/\/fondazionebarbavarley.org\/wp-content\/uploads\/2025\/07\/pubblicazioni-eugenio-barba.jpg\" class=\"attachment-full size-full wp-image-24498\" alt=\"Pubblicazioni Fondazione Barba Varley\" srcset=\"https:\/\/fondazionebarbavarley.org\/wp-content\/uploads\/2025\/07\/pubblicazioni-eugenio-barba.jpg 1600w, https:\/\/fondazionebarbavarley.org\/wp-content\/uploads\/2025\/07\/pubblicazioni-eugenio-barba-300x88.jpg 300w, https:\/\/fondazionebarbavarley.org\/wp-content\/uploads\/2025\/07\/pubblicazioni-eugenio-barba-1024x300.jpg 1024w, https:\/\/fondazionebarbavarley.org\/wp-content\/uploads\/2025\/07\/pubblicazioni-eugenio-barba-768x225.jpg 768w, https:\/\/fondazionebarbavarley.org\/wp-content\/uploads\/2025\/07\/pubblicazioni-eugenio-barba-1536x449.jpg 1536w, https:\/\/fondazionebarbavarley.org\/wp-content\/uploads\/2025\/07\/pubblicazioni-eugenio-barba-1568x459.jpg 1568w, https:\/\/fondazionebarbavarley.org\/wp-content\/uploads\/2025\/07\/pubblicazioni-eugenio-barba-1320x386.jpg 1320w, https:\/\/fondazionebarbavarley.org\/wp-content\/uploads\/2025\/07\/pubblicazioni-eugenio-barba-600x176.jpg 600w\" sizes=\"(max-width: 34.9rem) calc(100vw - 2rem), (max-width: 53rem) calc(8 * (100vw \/ 12)), (min-width: 53rem) calc(6 * (100vw \/ 12)), 100vw\" \/>\t\t\t\t\t\t\t\t\t\t\t\t\t\t\t<\/div>\n\t\t\t\t<\/div>\n\t\t\t\t\t<\/div>\n\t\t<\/div>\n\t\t\t\t\t<\/div>\n\t\t<\/section>\n\t\t\t\t<section class=\"elementor-section elementor-top-section elementor-element elementor-element-41c87af4 elementor-section-boxed elementor-section-height-default elementor-section-height-default\" data-id=\"41c87af4\" data-element_type=\"section\" data-e-type=\"section\">\n\t\t\t\t\t\t<div class=\"elementor-container elementor-column-gap-default\">\n\t\t\t\t\t<div class=\"elementor-column elementor-col-100 elementor-top-column elementor-element elementor-element-7f35a25d\" data-id=\"7f35a25d\" data-element_type=\"column\" data-e-type=\"column\">\n\t\t\t<div class=\"elementor-widget-wrap elementor-element-populated\">\n\t\t\t\t\t\t<div class=\"elementor-element elementor-element-1bff5518 elementor-widget elementor-widget-heading\" data-id=\"1bff5518\" data-element_type=\"widget\" data-e-type=\"widget\" data-widget_type=\"heading.default\">\n\t\t\t\t<div class=\"elementor-widget-container\">\n\t\t\t\t\t<h1 class=\"elementor-heading-title elementor-size-default\">Publicaciones Fundaci\u00f3n Barba Varley<\/h1>\t\t\t\t<\/div>\n\t\t\t\t<\/div>\n\t\t\t\t\t<\/div>\n\t\t<\/div>\n\t\t\t\t\t<\/div>\n\t\t<\/section>\n\t\t\t\t<section class=\"elementor-section elementor-top-section elementor-element elementor-element-442ac115 elementor-section-boxed elementor-section-height-default elementor-section-height-default\" data-id=\"442ac115\" data-element_type=\"section\" data-e-type=\"section\">\n\t\t\t\t\t\t<div class=\"elementor-container elementor-column-gap-default\">\n\t\t\t\t\t<div class=\"elementor-column elementor-col-50 elementor-top-column elementor-element elementor-element-103384c5\" data-id=\"103384c5\" data-element_type=\"column\" data-e-type=\"column\">\n\t\t\t<div class=\"elementor-widget-wrap elementor-element-populated\">\n\t\t\t\t\t\t<div class=\"elementor-element elementor-element-3a82d32 elementor-widget elementor-widget-heading\" data-id=\"3a82d32\" data-element_type=\"widget\" data-e-type=\"widget\" data-widget_type=\"heading.default\">\n\t\t\t\t<div class=\"elementor-widget-container\">\n\t\t\t\t\t<h2 class=\"elementor-heading-title elementor-size-default\">Tercer Teatro. Un grito de batalla <\/h2>\t\t\t\t<\/div>\n\t\t\t\t<\/div>\n\t\t\t\t<div class=\"elementor-element elementor-element-40697ea8 elementor-widget elementor-widget-text-editor\" data-id=\"40697ea8\" data-element_type=\"widget\" data-e-type=\"widget\" data-widget_type=\"text-editor.default\">\n\t\t\t\t<div class=\"elementor-widget-container\">\n\t\t\t\t\t\t\t\t\t<p style=\"text-align: justify;\">Los textos recogidos en el libro analizan estrategias, m\u00e9todos y recursos de un arte pobre que busca constantemente espacios de autonom\u00eda y supervivencia.<\/p><p style=\"text-align: justify;\"><strong>Eugenio Barba<\/strong>, <strong>Franco Ruffini<\/strong>, <strong>Nicola Savarese<\/strong> Y <strong>Julia Varley<\/strong> desvelan la identidad del <strong>Terzo Teatro<\/strong> Teatro a trav\u00e9s de la historia de grupos, individuos y territorios de un archipi\u00e9lago teatral muy vasto y a\u00fan alejado del mercado del espect\u00e1culo.<\/p><p style=\"text-align: justify;\">En este misterioso ecosistema cultural resuena un grito de guerra com\u00fan en favor de la libertad, la igualdad y la participaci\u00f3n colectiva.<\/p><p style=\"text-align: justify;\">El libro, editado por <a href=\"https:\/\/claudiolacamera.it\/\" target=\"_blank\" rel=\"noopener\"><strong>Claudio La Camera<\/strong><\/a>, fue publicado por la editorial La Bussola, con el patrocinio de Ipazia Production, el 26 de julio del 2021.<\/p>\t\t\t\t\t\t\t\t<\/div>\n\t\t\t\t<\/div>\n\t\t\t\t\t<\/div>\n\t\t<\/div>\n\t\t\t\t<div class=\"elementor-column elementor-col-50 elementor-top-column elementor-element elementor-element-3ddd6526\" data-id=\"3ddd6526\" data-element_type=\"column\" data-e-type=\"column\">\n\t\t\t<div class=\"elementor-widget-wrap elementor-element-populated\">\n\t\t\t\t\t\t<div class=\"elementor-element elementor-element-52e3fd0d elementor-widget elementor-widget-image\" data-id=\"52e3fd0d\" data-element_type=\"widget\" data-e-type=\"widget\" data-widget_type=\"image.default\">\n\t\t\t\t<div class=\"elementor-widget-container\">\n\t\t\t\t\t\t\t\t\t\t\t\t\t\t\t<img decoding=\"async\" width=\"477\" height=\"550\" src=\"https:\/\/fondazionebarbavarley.org\/wp-content\/uploads\/2025\/07\/libro-terzo-teatro.jpg\" class=\"attachment-full size-full wp-image-24500\" alt=\"Libro Terzo Teatro\" srcset=\"https:\/\/fondazionebarbavarley.org\/wp-content\/uploads\/2025\/07\/libro-terzo-teatro.jpg 477w, https:\/\/fondazionebarbavarley.org\/wp-content\/uploads\/2025\/07\/libro-terzo-teatro-260x300.jpg 260w\" sizes=\"(max-width: 34.9rem) calc(100vw - 2rem), (max-width: 53rem) calc(8 * (100vw \/ 12)), (min-width: 53rem) calc(6 * (100vw \/ 12)), 100vw\" \/>\t\t\t\t\t\t\t\t\t\t\t\t\t\t\t<\/div>\n\t\t\t\t<\/div>\n\t\t\t\t\t<\/div>\n\t\t<\/div>\n\t\t\t\t\t<\/div>\n\t\t<\/section>\n\t\t\t\t<section class=\"elementor-section elementor-top-section elementor-element elementor-element-6560d49 elementor-section-boxed elementor-section-height-default elementor-section-height-default\" data-id=\"6560d49\" data-element_type=\"section\" data-e-type=\"section\">\n\t\t\t\t\t\t<div class=\"elementor-container elementor-column-gap-default\">\n\t\t\t\t\t<div class=\"elementor-column elementor-col-50 elementor-top-column elementor-element elementor-element-71c5b7d5\" data-id=\"71c5b7d5\" data-element_type=\"column\" data-e-type=\"column\">\n\t\t\t<div class=\"elementor-widget-wrap elementor-element-populated\">\n\t\t\t\t\t\t<div class=\"elementor-element elementor-element-1a6a95dc elementor-widget elementor-widget-image\" data-id=\"1a6a95dc\" data-element_type=\"widget\" data-e-type=\"widget\" data-widget_type=\"image.default\">\n\t\t\t\t<div class=\"elementor-widget-container\">\n\t\t\t\t\t\t\t\t\t\t\t\t\t\t\t<img decoding=\"async\" width=\"454\" height=\"580\" src=\"https:\/\/fondazionebarbavarley.org\/wp-content\/uploads\/2025\/07\/Journal-of-Theatre.jpg\" class=\"attachment-full size-full wp-image-24502\" alt=\"\" srcset=\"https:\/\/fondazionebarbavarley.org\/wp-content\/uploads\/2025\/07\/Journal-of-Theatre.jpg 454w, https:\/\/fondazionebarbavarley.org\/wp-content\/uploads\/2025\/07\/Journal-of-Theatre-235x300.jpg 235w\" sizes=\"(max-width: 34.9rem) calc(100vw - 2rem), (max-width: 53rem) calc(8 * (100vw \/ 12)), (min-width: 53rem) calc(6 * (100vw \/ 12)), 100vw\" \/>\t\t\t\t\t\t\t\t\t\t\t\t\t\t\t<\/div>\n\t\t\t\t<\/div>\n\t\t\t\t\t<\/div>\n\t\t<\/div>\n\t\t\t\t<div class=\"elementor-column elementor-col-50 elementor-top-column elementor-element elementor-element-58802720\" data-id=\"58802720\" data-element_type=\"column\" data-e-type=\"column\">\n\t\t\t<div class=\"elementor-widget-wrap elementor-element-populated\">\n\t\t\t\t\t\t<div class=\"elementor-element elementor-element-582de51 elementor-widget elementor-widget-heading\" data-id=\"582de51\" data-element_type=\"widget\" data-e-type=\"widget\" data-widget_type=\"heading.default\">\n\t\t\t\t<div class=\"elementor-widget-container\">\n\t\t\t\t\t<h2 class=\"elementor-heading-title elementor-size-default\">Revista de Antropolog\u00eda Teatral<\/h2>\t\t\t\t<\/div>\n\t\t\t\t<\/div>\n\t\t\t\t<div class=\"elementor-element elementor-element-4bf629da elementor-widget elementor-widget-text-editor\" data-id=\"4bf629da\" data-element_type=\"widget\" data-e-type=\"widget\" data-widget_type=\"text-editor.default\">\n\t\t\t\t<div class=\"elementor-widget-container\">\n\t\t\t\t\t\t\t\t\t<p style=\"text-align: justify;\">Entre las actividades relacionadas con publicaciones, la <strong>Fondazione Barba Varley<\/strong> apoya el <a href=\"https:\/\/jta.ista-online.org\/jta-partners\" target=\"_blank\" rel=\"noopener\"><strong>Journal of Theatre Anthropology<\/strong><\/a>, revista anual de antropolog\u00eda teatral fundada por <strong>Eugenio Barba<\/strong> (<a href=\"https:\/\/jta.ista-online.org\" target=\"_blank\" rel=\"noopener\">https:\/\/jta.ista-online.org<\/a>).<\/p><p style=\"text-align: justify;\">La revista anual se publica en formato digital de acceso abierto y en papel por Mimesis Edizioni de Mil\u00e1n. Se puede consultar la revista <a href=\"https:\/\/www.mimesisedizioni.it\/libro\/9788857592992\" target=\"_blank\" rel=\"noopener\">AQU\u00cd<\/a> <\/p><p style=\"text-align: justify;\">Concebida como un amplio proyecto de compartir el saber sobre las t\u00e9cnicas del actor, la revista se publica con el auspicio de la <strong>International School of Theatre Anthropology<\/strong> (ISTA), con el apoyo de la <strong>Fondazione Barba Varley<\/strong>, en colaboraci\u00f3n con los Archivos del <strong>Odin Teatret<\/strong> y el <strong>Centre for Theatre Laboratory Studies<\/strong> del Departamento de Dramaturgia de la Universidad de Aarhus (Dinamarca).<\/p>\t\t\t\t\t\t\t\t<\/div>\n\t\t\t\t<\/div>\n\t\t\t\t\t<\/div>\n\t\t<\/div>\n\t\t\t\t\t<\/div>\n\t\t<\/section>\n\t\t\t\t<section class=\"elementor-section elementor-top-section elementor-element elementor-element-75cf1773 elementor-section-boxed elementor-section-height-default elementor-section-height-default\" data-id=\"75cf1773\" data-element_type=\"section\" data-e-type=\"section\">\n\t\t\t\t\t\t<div class=\"elementor-container elementor-column-gap-default\">\n\t\t\t\t\t<div class=\"elementor-column elementor-col-50 elementor-top-column elementor-element elementor-element-37cc0f5\" data-id=\"37cc0f5\" data-element_type=\"column\" data-e-type=\"column\">\n\t\t\t<div class=\"elementor-widget-wrap elementor-element-populated\">\n\t\t\t\t\t\t<div class=\"elementor-element elementor-element-d39c1c3 elementor-widget elementor-widget-heading\" data-id=\"d39c1c3\" data-element_type=\"widget\" data-e-type=\"widget\" data-widget_type=\"heading.default\">\n\t\t\t\t<div class=\"elementor-widget-container\">\n\t\t\t\t\t<h2 class=\"elementor-heading-title elementor-size-default\">Mis vidas en el Terzo Teatro: diferencia, oficio, rebeli\u00f3n<\/h2>\t\t\t\t<\/div>\n\t\t\t\t<\/div>\n\t\t\t\t<div class=\"elementor-element elementor-element-48fee369 elementor-widget elementor-widget-text-editor\" data-id=\"48fee369\" data-element_type=\"widget\" data-e-type=\"widget\" data-widget_type=\"text-editor.default\">\n\t\t\t\t<div class=\"elementor-widget-container\">\n\t\t\t\t\t\t\t\t\t<p>Eugenio Barba: Mis vidas en el Tercer Teatro &#8211; Diferencia, oficio, rebeli\u00f3n, a cargo de Lluis Masgrau.<\/p><p>Eugenio Barba es uno de los grandes maestros del teatro del siglo XX. Son muchos los libros que ha escrito desde 1962 y, a\u00fan m\u00e1s, en los idiomas m\u00e1s diversos, los ensayos sobre su larga experiencia como fundador y director del Odin Teatret, como te\u00f3rico y animador de un nuevo teatro de grupo, tercero con respecto a las formas m\u00e1s convencionales de acci\u00f3n y organizaci\u00f3n. <\/p><p>Casi sesenta a\u00f1os despu\u00e9s de la creaci\u00f3n del Odin Teatret, que ha concentrado experiencias t\u00e9cnicas y art\u00edsticas globales, entre Occidente y Oriente, y las ha plasmado en espect\u00e1culos legendarios y en audaces experiencias e investigaciones antropol\u00f3gicas, Le mie vite nel Terzo Teatro (Mis vidas en el Tercer Teatro) es el gran libro de la s\u00edntesis.<\/p><p>La pregunta esencial en la que se ha centrado el compromiso de Barba \u2014\u00bfpor qu\u00e9 hacer teatro?\u2014 se explora aqu\u00ed en toda su complejidad. Pero hay un principio firme que gu\u00eda la pregunta: un teatro solo tiene valor si trasciende, si busca su valor tratando de liberarse de su funci\u00f3n obvia como teatro.  <\/p>\t\t\t\t\t\t\t\t<\/div>\n\t\t\t\t<\/div>\n\t\t\t\t\t<\/div>\n\t\t<\/div>\n\t\t\t\t<div class=\"elementor-column elementor-col-50 elementor-top-column elementor-element elementor-element-3350e0ec\" data-id=\"3350e0ec\" data-element_type=\"column\" data-e-type=\"column\">\n\t\t\t<div class=\"elementor-widget-wrap elementor-element-populated\">\n\t\t\t\t\t\t<div class=\"elementor-element elementor-element-83c8b7c elementor-widget elementor-widget-image\" data-id=\"83c8b7c\" data-element_type=\"widget\" data-e-type=\"widget\" data-widget_type=\"image.default\">\n\t\t\t\t<div class=\"elementor-widget-container\">\n\t\t\t\t\t\t\t\t\t\t\t\t\t\t\t<img loading=\"lazy\" decoding=\"async\" width=\"453\" height=\"530\" src=\"https:\/\/fondazionebarbavarley.org\/wp-content\/uploads\/2025\/07\/le-mie-vite-nel-Terzo-Teatro-eugenio-barba.jpg\" class=\"attachment-full size-full wp-image-24504\" alt=\"\" srcset=\"https:\/\/fondazionebarbavarley.org\/wp-content\/uploads\/2025\/07\/le-mie-vite-nel-Terzo-Teatro-eugenio-barba.jpg 453w, https:\/\/fondazionebarbavarley.org\/wp-content\/uploads\/2025\/07\/le-mie-vite-nel-Terzo-Teatro-eugenio-barba-256x300.jpg 256w\" sizes=\"(max-width: 34.9rem) calc(100vw - 2rem), (max-width: 53rem) calc(8 * (100vw \/ 12)), (min-width: 53rem) calc(6 * (100vw \/ 12)), 100vw\" \/>\t\t\t\t\t\t\t\t\t\t\t\t\t\t\t<\/div>\n\t\t\t\t<\/div>\n\t\t\t\t\t<\/div>\n\t\t<\/div>\n\t\t\t\t\t<\/div>\n\t\t<\/section>\n\t\t\t\t<\/div>\n\t\t","protected":false},"excerpt":{"rendered":"<p>Publicaciones Fundaci\u00f3n Barba Varley Tercer Teatro. Un grito de batalla Los textos recogidos en el libro analizan estrategias, m\u00e9todos y recursos de un arte pobre que busca constantemente espacios de [&hellip;]<\/p>\n","protected":false},"author":5,"featured_media":0,"parent":0,"menu_order":0,"comment_status":"closed","ping_status":"closed","template":"elementor_header_footer","meta":{"_acf_changed":false,"footnotes":""},"class_list":["post-24979","page","type-page","status-publish","hentry","entry"],"acf":[],"yoast_head":"<!-- This site is optimized with the Yoast SEO plugin v27.4 - https:\/\/yoast.com\/product\/yoast-seo-wordpress\/ -->\n<title>Publicaciones | Fondazione Barba Varley - ETS<\/title>\n<meta name=\"robots\" content=\"index, follow, max-snippet:-1, max-image-preview:large, max-video-preview:-1\" \/>\n<link rel=\"canonical\" href=\"https:\/\/fondazionebarbavarley.org\/es\/publicaciones\/\" \/>\n<meta property=\"og:locale\" content=\"es_ES\" \/>\n<meta property=\"og:type\" content=\"article\" \/>\n<meta property=\"og:title\" content=\"Publicaciones | Fondazione Barba Varley - ETS\" \/>\n<meta property=\"og:description\" content=\"Publicaciones Fundaci\u00f3n Barba Varley Tercer Teatro. Un grito de batalla Los textos recogidos en el libro analizan estrategias, m\u00e9todos y recursos de un arte pobre que busca constantemente espacios de [&hellip;]\" \/>\n<meta property=\"og:url\" content=\"https:\/\/fondazionebarbavarley.org\/es\/publicaciones\/\" \/>\n<meta property=\"og:site_name\" content=\"Fondazione Barba Varley - ETS\" \/>\n<meta property=\"article:publisher\" content=\"https:\/\/www.facebook.com\/FondazioneBarbaVarley\" \/>\n<meta property=\"article:modified_time\" content=\"2025-09-09T13:46:09+00:00\" \/>\n<meta property=\"og:image\" content=\"https:\/\/fondazionebarbavarley.org\/wp-content\/uploads\/2025\/07\/pubblicazioni-eugenio-barba.jpg\" \/>\n<meta name=\"twitter:card\" content=\"summary_large_image\" \/>\n<!-- \/ Yoast SEO plugin. -->","yoast_head_json":{"title":"Publicaciones | Fondazione Barba Varley - ETS","robots":{"index":"index","follow":"follow","max-snippet":"max-snippet:-1","max-image-preview":"max-image-preview:large","max-video-preview":"max-video-preview:-1"},"canonical":"https:\/\/fondazionebarbavarley.org\/es\/publicaciones\/","og_locale":"es_ES","og_type":"article","og_title":"Publicaciones | Fondazione Barba Varley - ETS","og_description":"Publicaciones Fundaci\u00f3n Barba Varley Tercer Teatro. Un grito de batalla Los textos recogidos en el libro analizan estrategias, m\u00e9todos y recursos de un arte pobre que busca constantemente espacios de [&hellip;]","og_url":"https:\/\/fondazionebarbavarley.org\/es\/publicaciones\/","og_site_name":"Fondazione Barba Varley - ETS","article_publisher":"https:\/\/www.facebook.com\/FondazioneBarbaVarley","article_modified_time":"2025-09-09T13:46:09+00:00","og_image":[{"url":"https:\/\/fondazionebarbavarley.org\/wp-content\/uploads\/2025\/07\/pubblicazioni-eugenio-barba.jpg","type":"","width":"","height":""}],"twitter_card":"summary_large_image","schema":{"@context":"https:\/\/schema.org","@graph":[{"@type":"WebPage","@id":"https:\/\/fondazionebarbavarley.org\/es\/publicaciones\/","url":"https:\/\/fondazionebarbavarley.org\/es\/publicaciones\/","name":"Publicaciones | Fondazione Barba Varley - ETS","isPartOf":{"@id":"https:\/\/fondazionebarbavarley.org\/es\/#website"},"primaryImageOfPage":{"@id":"https:\/\/fondazionebarbavarley.org\/es\/publicaciones\/#primaryimage"},"image":{"@id":"https:\/\/fondazionebarbavarley.org\/es\/publicaciones\/#primaryimage"},"thumbnailUrl":"https:\/\/fondazionebarbavarley.org\/wp-content\/uploads\/2025\/07\/pubblicazioni-eugenio-barba.jpg","datePublished":"2025-04-06T13:35:23+00:00","dateModified":"2025-09-09T13:46:09+00:00","breadcrumb":{"@id":"https:\/\/fondazionebarbavarley.org\/es\/publicaciones\/#breadcrumb"},"inLanguage":"es","potentialAction":[{"@type":"ReadAction","target":["https:\/\/fondazionebarbavarley.org\/es\/publicaciones\/"]}]},{"@type":"ImageObject","inLanguage":"es","@id":"https:\/\/fondazionebarbavarley.org\/es\/publicaciones\/#primaryimage","url":"https:\/\/fondazionebarbavarley.org\/wp-content\/uploads\/2025\/07\/pubblicazioni-eugenio-barba.jpg","contentUrl":"https:\/\/fondazionebarbavarley.org\/wp-content\/uploads\/2025\/07\/pubblicazioni-eugenio-barba.jpg"},{"@type":"BreadcrumbList","@id":"https:\/\/fondazionebarbavarley.org\/es\/publicaciones\/#breadcrumb","itemListElement":[{"@type":"ListItem","position":1,"name":"Home"},{"@type":"ListItem","position":2,"name":"Publicaciones"}]},{"@type":"WebSite","@id":"https:\/\/fondazionebarbavarley.org\/es\/#website","url":"https:\/\/fondazionebarbavarley.org\/es\/","name":"Fondazione Barba Varley - ETS","description":"","publisher":{"@id":"https:\/\/fondazionebarbavarley.org\/es\/#organization"},"potentialAction":[{"@type":"SearchAction","target":{"@type":"EntryPoint","urlTemplate":"https:\/\/fondazionebarbavarley.org\/es\/?s={search_term_string}"},"query-input":{"@type":"PropertyValueSpecification","valueRequired":true,"valueName":"search_term_string"}}],"inLanguage":"es"},{"@type":"Organization","@id":"https:\/\/fondazionebarbavarley.org\/es\/#organization","name":"Fondazione Barba Varley - ETS","url":"https:\/\/fondazionebarbavarley.org\/es\/","logo":{"@type":"ImageObject","inLanguage":"es","@id":"https:\/\/fondazionebarbavarley.org\/es\/#\/schema\/logo\/image\/","url":"https:\/\/fondazionebarbavarley.org\/wp-content\/uploads\/2025\/06\/logo_bv-e1612267139930.png","contentUrl":"https:\/\/fondazionebarbavarley.org\/wp-content\/uploads\/2025\/06\/logo_bv-e1612267139930.png","width":300,"height":290,"caption":"Fondazione Barba Varley - ETS"},"image":{"@id":"https:\/\/fondazionebarbavarley.org\/es\/#\/schema\/logo\/image\/"},"sameAs":["https:\/\/www.facebook.com\/FondazioneBarbaVarley","https:\/\/www.youtube.com\/c\/FondazioneBarbaVarley"]}]}},"_links":{"self":[{"href":"https:\/\/fondazionebarbavarley.org\/es\/wp-json\/wp\/v2\/pages\/24979","targetHints":{"allow":["GET"]}}],"collection":[{"href":"https:\/\/fondazionebarbavarley.org\/es\/wp-json\/wp\/v2\/pages"}],"about":[{"href":"https:\/\/fondazionebarbavarley.org\/es\/wp-json\/wp\/v2\/types\/page"}],"author":[{"embeddable":true,"href":"https:\/\/fondazionebarbavarley.org\/es\/wp-json\/wp\/v2\/users\/5"}],"replies":[{"embeddable":true,"href":"https:\/\/fondazionebarbavarley.org\/es\/wp-json\/wp\/v2\/comments?post=24979"}],"version-history":[{"count":1,"href":"https:\/\/fondazionebarbavarley.org\/es\/wp-json\/wp\/v2\/pages\/24979\/revisions"}],"predecessor-version":[{"id":24980,"href":"https:\/\/fondazionebarbavarley.org\/es\/wp-json\/wp\/v2\/pages\/24979\/revisions\/24980"}],"wp:attachment":[{"href":"https:\/\/fondazionebarbavarley.org\/es\/wp-json\/wp\/v2\/media?parent=24979"}],"curies":[{"name":"wp","href":"https:\/\/api.w.org\/{rel}","templated":true}]}}