{"id":24992,"date":"2025-04-06T15:44:11","date_gmt":"2025-04-06T13:44:11","guid":{"rendered":"https:\/\/fondazionebarbavarley.org\/conversaciones-en-linea\/"},"modified":"2025-09-10T17:56:10","modified_gmt":"2025-09-10T15:56:10","slug":"conversaciones-en-linea","status":"publish","type":"page","link":"https:\/\/fondazionebarbavarley.org\/es\/conversaciones-en-linea\/","title":{"rendered":"Conversaciones en l\u00ednea"},"content":{"rendered":"\t\t<div data-elementor-type=\"wp-page\" data-elementor-id=\"24992\" class=\"elementor elementor-24992 elementor-21916\" data-elementor-post-type=\"page\">\n\t\t\t\t\t\t<section class=\"elementor-section elementor-top-section elementor-element elementor-element-2843dc1 elementor-section-full_width elementor-section-height-default elementor-section-height-default\" data-id=\"2843dc1\" data-element_type=\"section\" data-e-type=\"section\">\n\t\t\t\t\t\t<div class=\"elementor-container elementor-column-gap-no\">\n\t\t\t\t\t<div class=\"elementor-column elementor-col-100 elementor-top-column elementor-element elementor-element-3c48b6fc\" data-id=\"3c48b6fc\" data-element_type=\"column\" data-e-type=\"column\">\n\t\t\t<div class=\"elementor-widget-wrap elementor-element-populated\">\n\t\t\t\t\t\t<div class=\"elementor-element elementor-element-70d861e9 elementor-widget__width-inherit elementor-widget elementor-widget-image\" data-id=\"70d861e9\" data-element_type=\"widget\" data-e-type=\"widget\" data-widget_type=\"image.default\">\n\t\t\t\t<div class=\"elementor-widget-container\">\n\t\t\t\t\t\t\t\t\t\t\t\t\t\t\t<img fetchpriority=\"high\" decoding=\"async\" width=\"1600\" height=\"468\" src=\"https:\/\/fondazionebarbavarley.org\/wp-content\/uploads\/2025\/07\/conversazioni-online.jpg\" class=\"attachment-full size-full wp-image-24542\" alt=\"Conversazioni online\" srcset=\"https:\/\/fondazionebarbavarley.org\/wp-content\/uploads\/2025\/07\/conversazioni-online.jpg 1600w, https:\/\/fondazionebarbavarley.org\/wp-content\/uploads\/2025\/07\/conversazioni-online-300x88.jpg 300w, https:\/\/fondazionebarbavarley.org\/wp-content\/uploads\/2025\/07\/conversazioni-online-1024x300.jpg 1024w, https:\/\/fondazionebarbavarley.org\/wp-content\/uploads\/2025\/07\/conversazioni-online-768x225.jpg 768w, https:\/\/fondazionebarbavarley.org\/wp-content\/uploads\/2025\/07\/conversazioni-online-1536x449.jpg 1536w, https:\/\/fondazionebarbavarley.org\/wp-content\/uploads\/2025\/07\/conversazioni-online-1568x459.jpg 1568w, https:\/\/fondazionebarbavarley.org\/wp-content\/uploads\/2025\/07\/conversazioni-online-1320x386.jpg 1320w, https:\/\/fondazionebarbavarley.org\/wp-content\/uploads\/2025\/07\/conversazioni-online-600x176.jpg 600w\" sizes=\"(max-width: 1600px) 100vw, 1600px\" \/>\t\t\t\t\t\t\t\t\t\t\t\t\t\t\t<\/div>\n\t\t\t\t<\/div>\n\t\t\t\t\t<\/div>\n\t\t<\/div>\n\t\t\t\t\t<\/div>\n\t\t<\/section>\n\t\t\t\t<section class=\"elementor-section elementor-top-section elementor-element elementor-element-780e415b elementor-section-boxed elementor-section-height-default elementor-section-height-default\" data-id=\"780e415b\" data-element_type=\"section\" data-e-type=\"section\">\n\t\t\t\t\t\t<div class=\"elementor-container elementor-column-gap-default\">\n\t\t\t\t\t<div class=\"elementor-column elementor-col-100 elementor-top-column elementor-element elementor-element-5f751cd0\" data-id=\"5f751cd0\" data-element_type=\"column\" data-e-type=\"column\">\n\t\t\t<div class=\"elementor-widget-wrap elementor-element-populated\">\n\t\t\t\t\t\t<div class=\"elementor-element elementor-element-1f9b3316 elementor-widget elementor-widget-heading\" data-id=\"1f9b3316\" data-element_type=\"widget\" data-e-type=\"widget\" data-widget_type=\"heading.default\">\n\t\t\t\t<div class=\"elementor-widget-container\">\n\t\t\t\t\t<h1 class=\"elementor-heading-title elementor-size-default\">Conversaciones en l\u00ednea - Los sin nombre<\/h1>\t\t\t\t<\/div>\n\t\t\t\t<\/div>\n\t\t\t\t<div class=\"elementor-element elementor-element-7a0662a elementor-widget elementor-widget-text-editor\" data-id=\"7a0662a\" data-element_type=\"widget\" data-e-type=\"widget\" data-widget_type=\"text-editor.default\">\n\t\t\t\t<div class=\"elementor-widget-container\">\n\t\t\t\t\t\t\t\t\t<blockquote><p><span style=\"color: #e99a23;\"><strong><em>\u201cEs una tarea mucho m\u00e1s ardua honrar la memoria de las personas sin nombre que la de las personas c\u00e9lebres. La construcci\u00f3n hist\u00f3rica est\u00e1 consagrada a la memoria de aquellos que no tienen nombre\u201d.<\/em><\/strong><\/span><\/p><p style=\"text-align: right;\"><span style=\"color: #e99a23;\"><strong><em>[Walter Benjamin]<\/em><\/strong><\/span><\/p><\/blockquote>\t\t\t\t\t\t\t\t<\/div>\n\t\t\t\t<\/div>\n\t\t\t\t\t<\/div>\n\t\t<\/div>\n\t\t\t\t\t<\/div>\n\t\t<\/section>\n\t\t\t\t<section class=\"elementor-section elementor-top-section elementor-element elementor-element-6bdd7c29 elementor-section-boxed elementor-section-height-default elementor-section-height-default\" data-id=\"6bdd7c29\" data-element_type=\"section\" data-e-type=\"section\">\n\t\t\t\t\t\t<div class=\"elementor-container elementor-column-gap-default\">\n\t\t\t\t\t<div class=\"elementor-column elementor-col-50 elementor-top-column elementor-element elementor-element-4828a0e8\" data-id=\"4828a0e8\" data-element_type=\"column\" data-e-type=\"column\">\n\t\t\t<div class=\"elementor-widget-wrap elementor-element-populated\">\n\t\t\t\t\t\t<div class=\"elementor-element elementor-element-4ba696c6 elementor-widget elementor-widget-text-editor\" data-id=\"4ba696c6\" data-element_type=\"widget\" data-e-type=\"widget\" data-widget_type=\"text-editor.default\">\n\t\t\t\t<div class=\"elementor-widget-container\">\n\t\t\t\t\t\t\t\t\t<p><em>Presentaci\u00f3n de <strong>Nicola Savarese<\/strong><\/em><\/p><p style=\"text-align: justify;\">Port-Bou es una peque\u00f1a ciudad espa\u00f1ola fronteriza con Francia a donde el fil\u00f3sofo alem\u00e1n <strong>Walter Benjamin<\/strong>, perseguido por la Gestapo, huy\u00f3 escapando de la invasi\u00f3n nazi en Francia.<\/p><p style=\"text-align: justify;\">La noche del 25 al 26 de septiembre de 1940, temiendo no poder embarcar hacia Estados Unidos y reunirse con sus amigos ya exiliados, <strong>Benjamin<\/strong> se suicid\u00f3 a los cuarenta y ocho a\u00f1os tomando una gran dosis de morfina.<\/p><p style=\"text-align: justify;\">Como jud\u00edo y como suicida, <strong>Benjamin<\/strong> no est\u00e1 enterrado en el hermoso cementerio de Port-Bou que domina las olas. Pero a unos cincuenta metros de ese lugar encontramos una extra\u00f1a pendiente que desciende hacia el mar, un t\u00fanel sostenido por losas de hierro corro\u00eddas por el \u00f3xido y la sal, con escalones tambi\u00e9n de hierro, que descienden hasta el agua azul. Es un monumento del escultor israel\u00ed <strong>Dani Keverian<\/strong> dedicado al fil\u00f3sofo alem\u00e1n, que recuerda uno de los pasajes parisinos celebrados por <strong>Benjamin<\/strong>, m\u00e1s que un descenso a los abismos.  <\/p>\t\t\t\t\t\t\t\t<\/div>\n\t\t\t\t<\/div>\n\t\t\t\t\t<\/div>\n\t\t<\/div>\n\t\t\t\t<div class=\"elementor-column elementor-col-50 elementor-top-column elementor-element elementor-element-4d6b1216\" data-id=\"4d6b1216\" data-element_type=\"column\" data-e-type=\"column\">\n\t\t\t<div class=\"elementor-widget-wrap elementor-element-populated\">\n\t\t\t\t\t\t<div class=\"elementor-element elementor-element-696d2709 elementor-widget elementor-widget-image\" data-id=\"696d2709\" data-element_type=\"widget\" data-e-type=\"widget\" data-widget_type=\"image.default\">\n\t\t\t\t<div class=\"elementor-widget-container\">\n\t\t\t\t\t\t\t\t\t\t\t\t\t\t\t<img decoding=\"async\" width=\"600\" height=\"520\" src=\"https:\/\/fondazionebarbavarley.org\/wp-content\/uploads\/2025\/07\/i-senza-nome.jpg\" class=\"attachment-full size-full wp-image-24544\" alt=\"i senza nome\" srcset=\"https:\/\/fondazionebarbavarley.org\/wp-content\/uploads\/2025\/07\/i-senza-nome.jpg 600w, https:\/\/fondazionebarbavarley.org\/wp-content\/uploads\/2025\/07\/i-senza-nome-300x260.jpg 300w\" sizes=\"(max-width: 600px) 100vw, 600px\" \/>\t\t\t\t\t\t\t\t\t\t\t\t\t\t\t<\/div>\n\t\t\t\t<\/div>\n\t\t\t\t\t<\/div>\n\t\t<\/div>\n\t\t\t\t\t<\/div>\n\t\t<\/section>\n\t\t\t\t<section class=\"elementor-section elementor-top-section elementor-element elementor-element-4b7d759c elementor-section-boxed elementor-section-height-default elementor-section-height-default\" data-id=\"4b7d759c\" data-element_type=\"section\" data-e-type=\"section\">\n\t\t\t\t\t\t<div class=\"elementor-container elementor-column-gap-default\">\n\t\t\t\t\t<div class=\"elementor-column elementor-col-100 elementor-top-column elementor-element elementor-element-17e2e986\" data-id=\"17e2e986\" data-element_type=\"column\" data-e-type=\"column\">\n\t\t\t<div class=\"elementor-widget-wrap elementor-element-populated\">\n\t\t\t\t\t\t<div class=\"elementor-element elementor-element-47b5595b elementor-widget elementor-widget-text-editor\" data-id=\"47b5595b\" data-element_type=\"widget\" data-e-type=\"widget\" data-widget_type=\"text-editor.default\">\n\t\t\t\t<div class=\"elementor-widget-container\">\n\t\t\t\t\t\t\t\t\t<p>Cuando se desciende la escalera nos encontramos de repente con nuestra propia imagen reflejada en una placa de cristal que nos permite ver el mar y en la que est\u00e1 grabada esta inscripci\u00f3n en letras may\u00fasculas en alem\u00e1n, espa\u00f1ol, franc\u00e9s e ingl\u00e9s:<\/p><p>\u201cEs una tarea mucho m\u00e1s ardua honrar la memoria de las personas sin nombre que la de las personas c\u00e9lebres. La construcci\u00f3n hist\u00f3rica est\u00e1 consagrada a la memoria de aquellos que no tienen nombre\u201d <strong>[Walter Benjamin]<\/strong><\/p><p>Esta historia fue relatada por <strong>Eugenio Barba<\/strong> en la revista italiana Teatro e Storia, para honrar la memoria de uno de sus fundadores, <strong>Fabrizio Cruciani<\/strong>, fallecido en 1992. Barba reconoci\u00f3 en \u00e9l a un historiador que asumi\u00f3 la dif\u00edcil tarea de recordar a los miles de artistas an\u00f3nimos que han contribuido y contribuyen a la historia del teatro.<\/p><p>Las Conversaciones son conducidas por <strong>Julia Varley<\/strong> y <strong>Claudio La Camera. <\/strong>con traducci\u00f3n simult\u00e1nea en italiano, ingl\u00e9s y espa\u00f1ol. La participaci\u00f3n es gratuita y limitada. Informaci\u00f3n e inscripci\u00f3n: <strong>fondazionebarbavarley @ gmail.com<\/strong>  <\/p>\t\t\t\t\t\t\t\t<\/div>\n\t\t\t\t<\/div>\n\t\t\t\t\t<\/div>\n\t\t<\/div>\n\t\t\t\t\t<\/div>\n\t\t<\/section>\n\t\t\t\t<section class=\"elementor-section elementor-top-section elementor-element elementor-element-1184ef78 elementor-section-boxed elementor-section-height-default elementor-section-height-default\" data-id=\"1184ef78\" data-element_type=\"section\" data-e-type=\"section\">\n\t\t\t\t\t\t<div class=\"elementor-container elementor-column-gap-default\">\n\t\t\t\t\t<div class=\"elementor-column elementor-col-50 elementor-top-column elementor-element elementor-element-37284d57\" data-id=\"37284d57\" data-element_type=\"column\" data-e-type=\"column\">\n\t\t\t<div class=\"elementor-widget-wrap elementor-element-populated\">\n\t\t\t\t\t\t<div class=\"elementor-element elementor-element-8debd90 elementor-widget elementor-widget-heading\" data-id=\"8debd90\" data-element_type=\"widget\" data-e-type=\"widget\" data-widget_type=\"heading.default\">\n\t\t\t\t<div class=\"elementor-widget-container\">\n\t\t\t\t\t<h2 class=\"elementor-heading-title elementor-size-default\">La parte sumergida del iceberg<\/h2>\t\t\t\t<\/div>\n\t\t\t\t<\/div>\n\t\t\t\t<div class=\"elementor-element elementor-element-490fe360 elementor-widget elementor-widget-text-editor\" data-id=\"490fe360\" data-element_type=\"widget\" data-e-type=\"widget\" data-widget_type=\"text-editor.default\">\n\t\t\t\t<div class=\"elementor-widget-container\">\n\t\t\t\t\t\t\t\t\t\u201cHoy el teatro no existe, existe una pluralidad de teatros diferentes, dis\u00edmiles en cuanto a t\u00e9cnicas, prop\u00f3sitos y espectadores. Aparecen como una masa indistinta que parece ir a la deriva, un inmenso <em> iceberg<\/em>. \n\nLa parte superior del <em>iceberg<\/em> del teatro es conocida y sus actores, en la cima, son visibles y est\u00e1n presentes en los peri\u00f3dicos, en las redes sociales, en la televisi\u00f3n y en los libros de historia. La parte sumergida de <em>iceberg<\/em> \u2013 la parte m\u00e1s sobresaliente aunque invisible de su realidad material \u2013 est\u00e1 formada por teatros de los sin nombre. \n\nRepresentan la mayor\u00eda de los espect\u00e1culos que se realizan en el planeta. Son refugios precarios de esperanza e intentos de belleza, guaridas provisorias de obstinaci\u00f3n, rechazo e ira: g\u00e9rmenes de cambio\u201d.  <strong>[Eugenio Barba]<\/strong>\t\t\t\t\t\t\t\t<\/div>\n\t\t\t\t<\/div>\n\t\t\t\t\t<\/div>\n\t\t<\/div>\n\t\t\t\t<div class=\"elementor-column elementor-col-50 elementor-top-column elementor-element elementor-element-1ba8bc74\" data-id=\"1ba8bc74\" data-element_type=\"column\" data-e-type=\"column\">\n\t\t\t<div class=\"elementor-widget-wrap elementor-element-populated\">\n\t\t\t\t\t\t<div class=\"elementor-element elementor-element-77df6ba elementor-widget elementor-widget-heading\" data-id=\"77df6ba\" data-element_type=\"widget\" data-e-type=\"widget\" data-widget_type=\"heading.default\">\n\t\t\t\t<div class=\"elementor-widget-container\">\n\t\t\t\t\t<h2 class=\"elementor-heading-title elementor-size-default\">Brecht pensaba en los sin nombre<\/h2>\t\t\t\t<\/div>\n\t\t\t\t<\/div>\n\t\t\t\t<div class=\"elementor-element elementor-element-887e459 elementor-widget elementor-widget-text-editor\" data-id=\"887e459\" data-element_type=\"widget\" data-e-type=\"widget\" data-widget_type=\"text-editor.default\">\n\t\t\t\t<div class=\"elementor-widget-container\">\n\t\t\t\t\t\t\t\t\t<strong>Escribe Brecht: \u00ab<\/strong><em>A Tebas la de las siete puertas \u00bfqui\u00e9n la ha construido? En los libros est\u00e1n los nombres de los reyes. \u00bfArrastraron los propios reyes esos bloques de piedra?   <\/em>Detr\u00e1s de los nombres de reyes, <strong>Brecht<\/strong> estaba pensando en los <strong>\u201csenza nome\u201d<\/strong> que hab\u00edan obedecido sus \u00f3rdenes\u201d. <strong>[Franco Ruffini]<\/strong>\t\t\t\t\t\t\t\t<\/div>\n\t\t\t\t<\/div>\n\t\t\t\t<div class=\"elementor-element elementor-element-f42f4be elementor-widget elementor-widget-heading\" data-id=\"f42f4be\" data-element_type=\"widget\" data-e-type=\"widget\" data-widget_type=\"heading.default\">\n\t\t\t\t<div class=\"elementor-widget-container\">\n\t\t\t\t\t<h2 class=\"elementor-heading-title elementor-size-default\">Un ej\u00e9rcito de an\u00f3nimos<\/h2>\t\t\t\t<\/div>\n\t\t\t\t<\/div>\n\t\t\t\t<div class=\"elementor-element elementor-element-cc0a0e6 elementor-widget elementor-widget-text-editor\" data-id=\"cc0a0e6\" data-element_type=\"widget\" data-e-type=\"widget\" data-widget_type=\"text-editor.default\">\n\t\t\t\t<div class=\"elementor-widget-container\">\n\t\t\t\t\t\t\t\t\t\u201cMuchas mujeres an\u00f3nimas trabajan con el teatro en situaciones de marginaci\u00f3n social, transformando el teatro en pol\u00edtica con otros medios. La relaci\u00f3n con los espectadores da sentido a lo que hacemos. Es una esperanza sin ilusi\u00f3n, pero nos da la fuerza para seguir adelante en medio de un ej\u00e9rcito de sin nombre\u201d. <strong>[Julia Varley]<\/strong>\t\t\t\t\t\t\t\t<\/div>\n\t\t\t\t<\/div>\n\t\t\t\t\t<\/div>\n\t\t<\/div>\n\t\t\t\t\t<\/div>\n\t\t<\/section>\n\t\t\t\t<\/div>\n\t\t","protected":false},"excerpt":{"rendered":"<p>Conversaciones en l\u00ednea &#8211; Los sin nombre \u201cEs una tarea mucho m\u00e1s ardua honrar la memoria de las personas sin nombre que la de las personas c\u00e9lebres. La construcci\u00f3n hist\u00f3rica [&hellip;]<\/p>\n","protected":false},"author":5,"featured_media":0,"parent":0,"menu_order":0,"comment_status":"closed","ping_status":"closed","template":"elementor_header_footer","meta":{"_acf_changed":false,"footnotes":""},"class_list":["post-24992","page","type-page","status-publish","hentry","entry"],"acf":[],"yoast_head":"<!-- This site is optimized with the Yoast SEO plugin v27.2 - https:\/\/yoast.com\/product\/yoast-seo-wordpress\/ -->\n<title>Conversaciones en l\u00ednea | Fondazione Barba Varley - ETS<\/title>\n<meta name=\"robots\" content=\"index, follow, max-snippet:-1, max-image-preview:large, max-video-preview:-1\" \/>\n<link rel=\"canonical\" href=\"https:\/\/fondazionebarbavarley.org\/es\/conversaciones-en-linea\/\" \/>\n<meta property=\"og:locale\" content=\"es_ES\" \/>\n<meta property=\"og:type\" content=\"article\" \/>\n<meta property=\"og:title\" content=\"Conversaciones en l\u00ednea | Fondazione Barba Varley - ETS\" \/>\n<meta property=\"og:description\" content=\"Conversaciones en l\u00ednea &#8211; Los sin nombre \u201cEs una tarea mucho m\u00e1s ardua honrar la memoria de las personas sin nombre que la de las personas c\u00e9lebres. La construcci\u00f3n hist\u00f3rica [&hellip;]\" \/>\n<meta property=\"og:url\" content=\"https:\/\/fondazionebarbavarley.org\/es\/conversaciones-en-linea\/\" \/>\n<meta property=\"og:site_name\" content=\"Fondazione Barba Varley - ETS\" \/>\n<meta property=\"article:publisher\" content=\"https:\/\/www.facebook.com\/FondazioneBarbaVarley\" \/>\n<meta property=\"article:modified_time\" content=\"2025-09-10T15:56:10+00:00\" \/>\n<meta property=\"og:image\" content=\"https:\/\/fondazionebarbavarley.org\/wp-content\/uploads\/2025\/07\/conversazioni-online.jpg\" \/>\n<meta name=\"twitter:card\" content=\"summary_large_image\" \/>\n<!-- \/ Yoast SEO plugin. -->","yoast_head_json":{"title":"Conversaciones en l\u00ednea | Fondazione Barba Varley - ETS","robots":{"index":"index","follow":"follow","max-snippet":"max-snippet:-1","max-image-preview":"max-image-preview:large","max-video-preview":"max-video-preview:-1"},"canonical":"https:\/\/fondazionebarbavarley.org\/es\/conversaciones-en-linea\/","og_locale":"es_ES","og_type":"article","og_title":"Conversaciones en l\u00ednea | Fondazione Barba Varley - ETS","og_description":"Conversaciones en l\u00ednea &#8211; Los sin nombre \u201cEs una tarea mucho m\u00e1s ardua honrar la memoria de las personas sin nombre que la de las personas c\u00e9lebres. La construcci\u00f3n hist\u00f3rica [&hellip;]","og_url":"https:\/\/fondazionebarbavarley.org\/es\/conversaciones-en-linea\/","og_site_name":"Fondazione Barba Varley - ETS","article_publisher":"https:\/\/www.facebook.com\/FondazioneBarbaVarley","article_modified_time":"2025-09-10T15:56:10+00:00","og_image":[{"url":"https:\/\/fondazionebarbavarley.org\/wp-content\/uploads\/2025\/07\/conversazioni-online.jpg","type":"","width":"","height":""}],"twitter_card":"summary_large_image","schema":{"@context":"https:\/\/schema.org","@graph":[{"@type":"WebPage","@id":"https:\/\/fondazionebarbavarley.org\/es\/conversaciones-en-linea\/","url":"https:\/\/fondazionebarbavarley.org\/es\/conversaciones-en-linea\/","name":"Conversaciones en l\u00ednea | Fondazione Barba Varley - ETS","isPartOf":{"@id":"https:\/\/fondazionebarbavarley.org\/es\/#website"},"primaryImageOfPage":{"@id":"https:\/\/fondazionebarbavarley.org\/es\/conversaciones-en-linea\/#primaryimage"},"image":{"@id":"https:\/\/fondazionebarbavarley.org\/es\/conversaciones-en-linea\/#primaryimage"},"thumbnailUrl":"https:\/\/fondazionebarbavarley.org\/wp-content\/uploads\/2025\/07\/conversazioni-online.jpg","datePublished":"2025-04-06T13:44:11+00:00","dateModified":"2025-09-10T15:56:10+00:00","breadcrumb":{"@id":"https:\/\/fondazionebarbavarley.org\/es\/conversaciones-en-linea\/#breadcrumb"},"inLanguage":"es","potentialAction":[{"@type":"ReadAction","target":["https:\/\/fondazionebarbavarley.org\/es\/conversaciones-en-linea\/"]}]},{"@type":"ImageObject","inLanguage":"es","@id":"https:\/\/fondazionebarbavarley.org\/es\/conversaciones-en-linea\/#primaryimage","url":"https:\/\/fondazionebarbavarley.org\/wp-content\/uploads\/2025\/07\/conversazioni-online.jpg","contentUrl":"https:\/\/fondazionebarbavarley.org\/wp-content\/uploads\/2025\/07\/conversazioni-online.jpg"},{"@type":"BreadcrumbList","@id":"https:\/\/fondazionebarbavarley.org\/es\/conversaciones-en-linea\/#breadcrumb","itemListElement":[{"@type":"ListItem","position":1,"name":"Home"},{"@type":"ListItem","position":2,"name":"Conversaciones en l\u00ednea"}]},{"@type":"WebSite","@id":"https:\/\/fondazionebarbavarley.org\/es\/#website","url":"https:\/\/fondazionebarbavarley.org\/es\/","name":"Fondazione Barba Varley - ETS","description":"","publisher":{"@id":"https:\/\/fondazionebarbavarley.org\/es\/#organization"},"potentialAction":[{"@type":"SearchAction","target":{"@type":"EntryPoint","urlTemplate":"https:\/\/fondazionebarbavarley.org\/es\/?s={search_term_string}"},"query-input":{"@type":"PropertyValueSpecification","valueRequired":true,"valueName":"search_term_string"}}],"inLanguage":"es"},{"@type":"Organization","@id":"https:\/\/fondazionebarbavarley.org\/es\/#organization","name":"Fondazione Barba Varley - ETS","url":"https:\/\/fondazionebarbavarley.org\/es\/","logo":{"@type":"ImageObject","inLanguage":"es","@id":"https:\/\/fondazionebarbavarley.org\/es\/#\/schema\/logo\/image\/","url":"https:\/\/fondazionebarbavarley.org\/wp-content\/uploads\/2025\/06\/logo_bv-e1612267139930.png","contentUrl":"https:\/\/fondazionebarbavarley.org\/wp-content\/uploads\/2025\/06\/logo_bv-e1612267139930.png","width":300,"height":290,"caption":"Fondazione Barba Varley - ETS"},"image":{"@id":"https:\/\/fondazionebarbavarley.org\/es\/#\/schema\/logo\/image\/"},"sameAs":["https:\/\/www.facebook.com\/FondazioneBarbaVarley","https:\/\/www.youtube.com\/c\/FondazioneBarbaVarley"]}]}},"_links":{"self":[{"href":"https:\/\/fondazionebarbavarley.org\/es\/wp-json\/wp\/v2\/pages\/24992","targetHints":{"allow":["GET"]}}],"collection":[{"href":"https:\/\/fondazionebarbavarley.org\/es\/wp-json\/wp\/v2\/pages"}],"about":[{"href":"https:\/\/fondazionebarbavarley.org\/es\/wp-json\/wp\/v2\/types\/page"}],"author":[{"embeddable":true,"href":"https:\/\/fondazionebarbavarley.org\/es\/wp-json\/wp\/v2\/users\/5"}],"replies":[{"embeddable":true,"href":"https:\/\/fondazionebarbavarley.org\/es\/wp-json\/wp\/v2\/comments?post=24992"}],"version-history":[{"count":1,"href":"https:\/\/fondazionebarbavarley.org\/es\/wp-json\/wp\/v2\/pages\/24992\/revisions"}],"predecessor-version":[{"id":24993,"href":"https:\/\/fondazionebarbavarley.org\/es\/wp-json\/wp\/v2\/pages\/24992\/revisions\/24993"}],"wp:attachment":[{"href":"https:\/\/fondazionebarbavarley.org\/es\/wp-json\/wp\/v2\/media?parent=24992"}],"curies":[{"name":"wp","href":"https:\/\/api.w.org\/{rel}","templated":true}]}}