{"id":25003,"date":"2025-06-21T19:48:39","date_gmt":"2025-06-21T17:48:39","guid":{"rendered":"https:\/\/fondazionebarbavarley.org\/activa-una-sede-itinerante\/"},"modified":"2025-09-13T21:56:38","modified_gmt":"2025-09-13T19:56:38","slug":"actividad-de-una-sede-itinerante","status":"publish","type":"page","link":"https:\/\/fondazionebarbavarley.org\/es\/actividad-de-una-sede-itinerante\/","title":{"rendered":"Actividad de una sede itinerante"},"content":{"rendered":"\t\t<div data-elementor-type=\"wp-page\" data-elementor-id=\"25003\" class=\"elementor elementor-25003 elementor-21955\" data-elementor-post-type=\"page\">\n\t\t\t\t\t\t<section class=\"elementor-section elementor-top-section elementor-element elementor-element-5d6b04bf elementor-section-full_width elementor-section-height-default elementor-section-height-default\" data-id=\"5d6b04bf\" data-element_type=\"section\" data-e-type=\"section\">\n\t\t\t\t\t\t<div class=\"elementor-container elementor-column-gap-no\">\n\t\t\t\t\t<div class=\"elementor-column elementor-col-100 elementor-top-column elementor-element elementor-element-520aa01d\" data-id=\"520aa01d\" data-element_type=\"column\" data-e-type=\"column\">\n\t\t\t<div class=\"elementor-widget-wrap elementor-element-populated\">\n\t\t\t\t\t\t<div class=\"elementor-element elementor-element-5634d5d3 elementor-widget__width-inherit elementor-widget elementor-widget-image\" data-id=\"5634d5d3\" data-element_type=\"widget\" data-e-type=\"widget\" data-widget_type=\"image.default\">\n\t\t\t\t<div class=\"elementor-widget-container\">\n\t\t\t\t\t\t\t\t\t\t\t\t\t\t\t<img fetchpriority=\"high\" decoding=\"async\" width=\"1600\" height=\"468\" src=\"https:\/\/fondazionebarbavarley.org\/wp-content\/uploads\/2025\/07\/header-attiva-sede.jpg\" class=\"attachment-full size-full wp-image-24614\" alt=\"Attiva una sede itinerante\" srcset=\"https:\/\/fondazionebarbavarley.org\/wp-content\/uploads\/2025\/07\/header-attiva-sede.jpg 1600w, https:\/\/fondazionebarbavarley.org\/wp-content\/uploads\/2025\/07\/header-attiva-sede-300x88.jpg 300w, https:\/\/fondazionebarbavarley.org\/wp-content\/uploads\/2025\/07\/header-attiva-sede-1024x300.jpg 1024w, https:\/\/fondazionebarbavarley.org\/wp-content\/uploads\/2025\/07\/header-attiva-sede-768x225.jpg 768w, https:\/\/fondazionebarbavarley.org\/wp-content\/uploads\/2025\/07\/header-attiva-sede-1536x449.jpg 1536w, https:\/\/fondazionebarbavarley.org\/wp-content\/uploads\/2025\/07\/header-attiva-sede-1568x459.jpg 1568w, https:\/\/fondazionebarbavarley.org\/wp-content\/uploads\/2025\/07\/header-attiva-sede-1320x386.jpg 1320w\" sizes=\"(max-width: 1600px) 100vw, 1600px\" \/>\t\t\t\t\t\t\t\t\t\t\t\t\t\t\t<\/div>\n\t\t\t\t<\/div>\n\t\t\t\t\t<\/div>\n\t\t<\/div>\n\t\t\t\t\t<\/div>\n\t\t<\/section>\n\t\t\t\t<section class=\"elementor-section elementor-top-section elementor-element elementor-element-70b7e45f elementor-section-boxed elementor-section-height-default elementor-section-height-default\" data-id=\"70b7e45f\" data-element_type=\"section\" data-e-type=\"section\">\n\t\t\t\t\t\t<div class=\"elementor-container elementor-column-gap-default\">\n\t\t\t\t\t<div class=\"elementor-column elementor-col-100 elementor-top-column elementor-element elementor-element-175f3c95\" data-id=\"175f3c95\" data-element_type=\"column\" data-e-type=\"column\">\n\t\t\t<div class=\"elementor-widget-wrap elementor-element-populated\">\n\t\t\t\t\t\t<div class=\"elementor-element elementor-element-56c99ece elementor-widget elementor-widget-heading\" data-id=\"56c99ece\" data-element_type=\"widget\" data-e-type=\"widget\" data-widget_type=\"heading.default\">\n\t\t\t\t<div class=\"elementor-widget-container\">\n\t\t\t\t\t<h1 class=\"elementor-heading-title elementor-size-default\">Sede itinerante de la Fundaci\u00f3n Barba Varley<\/h1>\t\t\t\t<\/div>\n\t\t\t\t<\/div>\n\t\t\t\t\t<\/div>\n\t\t<\/div>\n\t\t\t\t\t<\/div>\n\t\t<\/section>\n\t\t\t\t<section class=\"elementor-section elementor-top-section elementor-element elementor-element-2298b30f elementor-section-boxed elementor-section-height-default elementor-section-height-default\" data-id=\"2298b30f\" data-element_type=\"section\" data-e-type=\"section\">\n\t\t\t\t\t\t<div class=\"elementor-container elementor-column-gap-default\">\n\t\t\t\t\t<div class=\"elementor-column elementor-col-50 elementor-top-column elementor-element elementor-element-1bdac8c8\" data-id=\"1bdac8c8\" data-element_type=\"column\" data-e-type=\"column\">\n\t\t\t<div class=\"elementor-widget-wrap elementor-element-populated\">\n\t\t\t\t\t\t<div class=\"elementor-element elementor-element-5aa60c12 elementor-widget elementor-widget-heading\" data-id=\"5aa60c12\" data-element_type=\"widget\" data-e-type=\"widget\" data-widget_type=\"heading.default\">\n\t\t\t\t<div class=\"elementor-widget-container\">\n\t\t\t\t\t<h2 class=\"elementor-heading-title elementor-size-default\">Finalidad de una sede itinerante<\/h2>\t\t\t\t<\/div>\n\t\t\t\t<\/div>\n\t\t\t\t<div class=\"elementor-element elementor-element-47df4aa5 elementor-widget elementor-widget-text-editor\" data-id=\"47df4aa5\" data-element_type=\"widget\" data-e-type=\"widget\" data-widget_type=\"text-editor.default\">\n\t\t\t\t<div class=\"elementor-widget-container\">\n\t\t\t\t\t\t\t\t\t<p>Una sede itinerante de la Fundaci\u00f3n Barba Varley busca potenciar encuentros e intercambios entre grupos, individuos y territorios. Es un instrumento cognitivo, de confrontaci\u00f3n, de creaci\u00f3n de alianzas, de colaboraci\u00f3n y de construcci\u00f3n de relaciones que se vinculan con las visiones, intereses y campos de acci\u00f3n de mujeres y hombres que, desde el Living Theater en Estados Unidos al Teatr Laboratorium de Grotowski en Europa, desde La Candelaria en Am\u00e9rica Latina a la Carpa Roja del Teatro Karakumi en Jap\u00f3n, han insertado de maneras diferentes la vida del teatro en la realidad de la vida. <\/p>\t\t\t\t\t\t\t\t<\/div>\n\t\t\t\t<\/div>\n\t\t\t\t\t<\/div>\n\t\t<\/div>\n\t\t\t\t<div class=\"elementor-column elementor-col-50 elementor-top-column elementor-element elementor-element-f62e8aa\" data-id=\"f62e8aa\" data-element_type=\"column\" data-e-type=\"column\">\n\t\t\t<div class=\"elementor-widget-wrap elementor-element-populated\">\n\t\t\t\t\t\t<div class=\"elementor-element elementor-element-58a9ae00 elementor-widget elementor-widget-image\" data-id=\"58a9ae00\" data-element_type=\"widget\" data-e-type=\"widget\" data-widget_type=\"image.default\">\n\t\t\t\t<div class=\"elementor-widget-container\">\n\t\t\t\t\t\t\t\t\t\t\t\t\t\t\t<img decoding=\"async\" width=\"700\" height=\"369\" src=\"https:\/\/fondazionebarbavarley.org\/wp-content\/uploads\/2025\/07\/sede-itinerante-fondazione-barba-varley.jpg\" class=\"attachment-full size-full wp-image-24616\" alt=\"\" srcset=\"https:\/\/fondazionebarbavarley.org\/wp-content\/uploads\/2025\/07\/sede-itinerante-fondazione-barba-varley.jpg 700w, https:\/\/fondazionebarbavarley.org\/wp-content\/uploads\/2025\/07\/sede-itinerante-fondazione-barba-varley-300x158.jpg 300w\" sizes=\"(max-width: 700px) 100vw, 700px\" \/>\t\t\t\t\t\t\t\t\t\t\t\t\t\t\t<\/div>\n\t\t\t\t<\/div>\n\t\t\t\t\t<\/div>\n\t\t<\/div>\n\t\t\t\t\t<\/div>\n\t\t<\/section>\n\t\t\t\t<section class=\"elementor-section elementor-top-section elementor-element elementor-element-17239a2d elementor-section-boxed elementor-section-height-default elementor-section-height-default\" data-id=\"17239a2d\" data-element_type=\"section\" data-e-type=\"section\">\n\t\t\t\t\t\t<div class=\"elementor-container elementor-column-gap-default\">\n\t\t\t\t\t<div class=\"elementor-column elementor-col-50 elementor-top-column elementor-element elementor-element-1a3f32dd\" data-id=\"1a3f32dd\" data-element_type=\"column\" data-e-type=\"column\">\n\t\t\t<div class=\"elementor-widget-wrap elementor-element-populated\">\n\t\t\t\t\t\t<div class=\"elementor-element elementor-element-7149f45c elementor-widget elementor-widget-image\" data-id=\"7149f45c\" data-element_type=\"widget\" data-e-type=\"widget\" data-widget_type=\"image.default\">\n\t\t\t\t<div class=\"elementor-widget-container\">\n\t\t\t\t\t\t\t\t\t\t\t\t\t\t\t<img decoding=\"async\" width=\"700\" height=\"551\" src=\"https:\/\/fondazionebarbavarley.org\/wp-content\/uploads\/2025\/07\/foto-sede-itinerante-2.jpg\" class=\"attachment-full size-full wp-image-24618\" alt=\"\" srcset=\"https:\/\/fondazionebarbavarley.org\/wp-content\/uploads\/2025\/07\/foto-sede-itinerante-2.jpg 700w, https:\/\/fondazionebarbavarley.org\/wp-content\/uploads\/2025\/07\/foto-sede-itinerante-2-300x236.jpg 300w\" sizes=\"(max-width: 700px) 100vw, 700px\" \/>\t\t\t\t\t\t\t\t\t\t\t\t\t\t\t<\/div>\n\t\t\t\t<\/div>\n\t\t\t\t\t<\/div>\n\t\t<\/div>\n\t\t\t\t<div class=\"elementor-column elementor-col-50 elementor-top-column elementor-element elementor-element-3a6dbbbc\" data-id=\"3a6dbbbc\" data-element_type=\"column\" data-e-type=\"column\">\n\t\t\t<div class=\"elementor-widget-wrap elementor-element-populated\">\n\t\t\t\t\t\t<div class=\"elementor-element elementor-element-9732d30 elementor-widget elementor-widget-heading\" data-id=\"9732d30\" data-element_type=\"widget\" data-e-type=\"widget\" data-widget_type=\"heading.default\">\n\t\t\t\t<div class=\"elementor-widget-container\">\n\t\t\t\t\t<h2 class=\"elementor-heading-title elementor-size-default\">Actividad de una sede itinerante<\/h2>\t\t\t\t<\/div>\n\t\t\t\t<\/div>\n\t\t\t\t<div class=\"elementor-element elementor-element-1915ce5e elementor-widget elementor-widget-text-editor\" data-id=\"1915ce5e\" data-element_type=\"widget\" data-e-type=\"widget\" data-widget_type=\"text-editor.default\">\n\t\t\t\t<div class=\"elementor-widget-container\">\n\t\t\t\t\t\t\t\t\t<p>El programa de una sede itinerante comprende actividades que deben fomentar el conocimiento de la cultura teatral en todas sus modalidades operativas: creaci\u00f3n de bibliotecas, seminarios te\u00f3ricos y pr\u00e1cticos, conferencias, compra y presentaci\u00f3n de libros y otros productos editoriales, cr\u00edticas de teatro u otras iniciativas culturales.<\/p><p>Tales actividades deben ser desarrolladas sin prejuicios de ning\u00fan tipo (de sexo, edad, religi\u00f3n, pol\u00edtica, raza) y sin condicionamientos pol\u00edticos, religiosos o legislativos que vulneren los derechos humanos y el Estado de derecho (dignidad, libertad, igualdad).<\/p><p>La sede itinerante desarrolla acciones de conocimiento y de confrontaci\u00f3n entre culturas diferentes: hospitalidad de grupos y artistas, investigaci\u00f3n, cooperaci\u00f3n, proyectos de asociaci\u00f3n. Entre los beneficiarios de las actividades ser\u00e1n consideradas como prioritarias las siguientes categor\u00edas: hombres, mujeres y grupos en condici\u00f3n de desventaja econ\u00f3mica y de discriminaci\u00f3n de todo tipo. <\/p>\t\t\t\t\t\t\t\t<\/div>\n\t\t\t\t<\/div>\n\t\t\t\t\t<\/div>\n\t\t<\/div>\n\t\t\t\t\t<\/div>\n\t\t<\/section>\n\t\t\t\t<section class=\"elementor-section elementor-top-section elementor-element elementor-element-22a7f1c1 elementor-section-boxed elementor-section-height-default elementor-section-height-default\" data-id=\"22a7f1c1\" data-element_type=\"section\" data-e-type=\"section\">\n\t\t\t\t\t\t<div class=\"elementor-container elementor-column-gap-default\">\n\t\t\t\t\t<div class=\"elementor-column elementor-col-50 elementor-top-column elementor-element elementor-element-9183952\" data-id=\"9183952\" data-element_type=\"column\" data-e-type=\"column\">\n\t\t\t<div class=\"elementor-widget-wrap elementor-element-populated\">\n\t\t\t\t\t\t<div class=\"elementor-element elementor-element-914ca2c elementor-widget elementor-widget-heading\" data-id=\"914ca2c\" data-element_type=\"widget\" data-e-type=\"widget\" data-widget_type=\"heading.default\">\n\t\t\t\t<div class=\"elementor-widget-container\">\n\t\t\t\t\t<h2 class=\"elementor-heading-title elementor-size-default\">Modalidad para volverse una sede itinerante<\/h2>\t\t\t\t<\/div>\n\t\t\t\t<\/div>\n\t\t\t\t<div class=\"elementor-element elementor-element-7389ad19 elementor-widget elementor-widget-text-editor\" data-id=\"7389ad19\" data-element_type=\"widget\" data-e-type=\"widget\" data-widget_type=\"text-editor.default\">\n\t\t\t\t<div class=\"elementor-widget-container\">\n\t\t\t\t\t\t\t\t\t<p>La sede itinerante se realiza bajo pedido de la Fundaci\u00f3n o de cualquier grupo o artista que quiera volverse portavoz de las finalidades de la Fundaci\u00f3n Barba Varley. La Fundaci\u00f3n evaluar\u00e1 la existencia de todos los requisitos previstos y someter\u00e1 el pedido de aprobaci\u00f3n al Consejo de Administraci\u00f3n de la Fundaci\u00f3n, previo dictamen consultativo del Comit\u00e9 Cient\u00edfico. Sucesivamente se firmar\u00e1 un acuerdo con las indicaciones detalladas del programa cuya duraci\u00f3n no podr\u00e1 ser superior a dos a\u00f1os.  <\/p>\t\t\t\t\t\t\t\t<\/div>\n\t\t\t\t<\/div>\n\t\t\t\t\t<\/div>\n\t\t<\/div>\n\t\t\t\t<div class=\"elementor-column elementor-col-50 elementor-top-column elementor-element elementor-element-5a8fc1a7\" data-id=\"5a8fc1a7\" data-element_type=\"column\" data-e-type=\"column\">\n\t\t\t<div class=\"elementor-widget-wrap elementor-element-populated\">\n\t\t\t\t\t\t<div class=\"elementor-element elementor-element-4939c47 elementor-widget elementor-widget-image\" data-id=\"4939c47\" data-element_type=\"widget\" data-e-type=\"widget\" data-widget_type=\"image.default\">\n\t\t\t\t<div class=\"elementor-widget-container\">\n\t\t\t\t\t\t\t\t\t\t\t\t\t\t\t<img loading=\"lazy\" decoding=\"async\" width=\"700\" height=\"349\" src=\"https:\/\/fondazionebarbavarley.org\/wp-content\/uploads\/2025\/07\/foto-sede-itinerante-3.jpg\" class=\"attachment-full size-full wp-image-24620\" alt=\"\" srcset=\"https:\/\/fondazionebarbavarley.org\/wp-content\/uploads\/2025\/07\/foto-sede-itinerante-3.jpg 700w, https:\/\/fondazionebarbavarley.org\/wp-content\/uploads\/2025\/07\/foto-sede-itinerante-3-300x150.jpg 300w\" sizes=\"(max-width: 700px) 100vw, 700px\" \/>\t\t\t\t\t\t\t\t\t\t\t\t\t\t\t<\/div>\n\t\t\t\t<\/div>\n\t\t\t\t\t<\/div>\n\t\t<\/div>\n\t\t\t\t\t<\/div>\n\t\t<\/section>\n\t\t\t\t<section class=\"elementor-section elementor-top-section elementor-element elementor-element-aab8739 elementor-section-boxed elementor-section-height-default elementor-section-height-default\" data-id=\"aab8739\" data-element_type=\"section\" data-e-type=\"section\">\n\t\t\t\t\t\t<div class=\"elementor-container elementor-column-gap-default\">\n\t\t\t\t\t<div class=\"elementor-column elementor-col-100 elementor-top-column elementor-element elementor-element-f28a363\" data-id=\"f28a363\" data-element_type=\"column\" data-e-type=\"column\">\n\t\t\t<div class=\"elementor-widget-wrap elementor-element-populated\">\n\t\t\t\t\t\t<div class=\"elementor-element elementor-element-9d0e70c elementor-widget elementor-widget-heading\" data-id=\"9d0e70c\" data-element_type=\"widget\" data-e-type=\"widget\" data-widget_type=\"heading.default\">\n\t\t\t\t<div class=\"elementor-widget-container\">\n\t\t\t\t\t<h2 class=\"elementor-heading-title elementor-size-default\">Financiamiento de una sede itinerante<\/h2>\t\t\t\t<\/div>\n\t\t\t\t<\/div>\n\t\t\t\t<div class=\"elementor-element elementor-element-d7c0018 elementor-widget elementor-widget-text-editor\" data-id=\"d7c0018\" data-element_type=\"widget\" data-e-type=\"widget\" data-widget_type=\"text-editor.default\">\n\t\t\t\t<div class=\"elementor-widget-container\">\n\t\t\t\t\t\t\t\t\t<p>La sede itinerante podr\u00e1 ser financiada por aportes de la Fundaci\u00f3n, del sujeto adherente y de otros entes p\u00fablicos y\/o privados. El programa puede prever tambi\u00e9n un intercambio de actividades y donaci\u00f3n de materiales e instrumentos did\u00e1cticos sin ning\u00fan aporte econ\u00f3mico. <\/p>\t\t\t\t\t\t\t\t<\/div>\n\t\t\t\t<\/div>\n\t\t\t\t\t<\/div>\n\t\t<\/div>\n\t\t\t\t\t<\/div>\n\t\t<\/section>\n\t\t\t\t<\/div>\n\t\t","protected":false},"excerpt":{"rendered":"<p>Sede itinerante de la Fundaci\u00f3n Barba Varley Finalidad de una sede itinerante Una sede itinerante de la Fundaci\u00f3n Barba Varley busca potenciar encuentros e intercambios entre grupos, individuos y territorios. [&hellip;]<\/p>\n","protected":false},"author":5,"featured_media":0,"parent":0,"menu_order":0,"comment_status":"closed","ping_status":"closed","template":"elementor_header_footer","meta":{"_acf_changed":false,"footnotes":""},"class_list":["post-25003","page","type-page","status-publish","hentry","entry"],"acf":[],"yoast_head":"<!-- This site is optimized with the Yoast SEO plugin v27.5 - https:\/\/yoast.com\/product\/yoast-seo-wordpress\/ -->\n<title>Actividad de una sede itinerante | Fondazione Barba Varley - ETS<\/title>\n<meta name=\"robots\" content=\"index, follow, max-snippet:-1, max-image-preview:large, max-video-preview:-1\" \/>\n<link rel=\"canonical\" href=\"https:\/\/fondazionebarbavarley.org\/es\/actividad-de-una-sede-itinerante\/\" \/>\n<meta property=\"og:locale\" content=\"es_ES\" \/>\n<meta property=\"og:type\" content=\"article\" \/>\n<meta property=\"og:title\" content=\"Actividad de una sede itinerante | Fondazione Barba Varley - ETS\" \/>\n<meta property=\"og:description\" content=\"Sede itinerante de la Fundaci\u00f3n Barba Varley Finalidad de una sede itinerante Una sede itinerante de la Fundaci\u00f3n Barba Varley busca potenciar encuentros e intercambios entre grupos, individuos y territorios. [&hellip;]\" \/>\n<meta property=\"og:url\" content=\"https:\/\/fondazionebarbavarley.org\/es\/actividad-de-una-sede-itinerante\/\" \/>\n<meta property=\"og:site_name\" content=\"Fondazione Barba Varley - ETS\" \/>\n<meta property=\"article:publisher\" content=\"https:\/\/www.facebook.com\/FondazioneBarbaVarley\" \/>\n<meta property=\"article:modified_time\" content=\"2025-09-13T19:56:38+00:00\" \/>\n<meta property=\"og:image\" content=\"https:\/\/fondazionebarbavarley.org\/wp-content\/uploads\/2025\/07\/header-attiva-sede.jpg\" \/>\n<meta name=\"twitter:card\" content=\"summary_large_image\" \/>\n<!-- \/ Yoast SEO plugin. -->","yoast_head_json":{"title":"Actividad de una sede itinerante | Fondazione Barba Varley - ETS","robots":{"index":"index","follow":"follow","max-snippet":"max-snippet:-1","max-image-preview":"max-image-preview:large","max-video-preview":"max-video-preview:-1"},"canonical":"https:\/\/fondazionebarbavarley.org\/es\/actividad-de-una-sede-itinerante\/","og_locale":"es_ES","og_type":"article","og_title":"Actividad de una sede itinerante | Fondazione Barba Varley - ETS","og_description":"Sede itinerante de la Fundaci\u00f3n Barba Varley Finalidad de una sede itinerante Una sede itinerante de la Fundaci\u00f3n Barba Varley busca potenciar encuentros e intercambios entre grupos, individuos y territorios. [&hellip;]","og_url":"https:\/\/fondazionebarbavarley.org\/es\/actividad-de-una-sede-itinerante\/","og_site_name":"Fondazione Barba Varley - ETS","article_publisher":"https:\/\/www.facebook.com\/FondazioneBarbaVarley","article_modified_time":"2025-09-13T19:56:38+00:00","og_image":[{"url":"https:\/\/fondazionebarbavarley.org\/wp-content\/uploads\/2025\/07\/header-attiva-sede.jpg","type":"","width":"","height":""}],"twitter_card":"summary_large_image","schema":{"@context":"https:\/\/schema.org","@graph":[{"@type":"WebPage","@id":"https:\/\/fondazionebarbavarley.org\/es\/actividad-de-una-sede-itinerante\/","url":"https:\/\/fondazionebarbavarley.org\/es\/actividad-de-una-sede-itinerante\/","name":"Actividad de una sede itinerante | Fondazione Barba Varley - ETS","isPartOf":{"@id":"https:\/\/fondazionebarbavarley.org\/es\/#website"},"primaryImageOfPage":{"@id":"https:\/\/fondazionebarbavarley.org\/es\/actividad-de-una-sede-itinerante\/#primaryimage"},"image":{"@id":"https:\/\/fondazionebarbavarley.org\/es\/actividad-de-una-sede-itinerante\/#primaryimage"},"thumbnailUrl":"https:\/\/fondazionebarbavarley.org\/wp-content\/uploads\/2025\/07\/header-attiva-sede.jpg","datePublished":"2025-06-21T17:48:39+00:00","dateModified":"2025-09-13T19:56:38+00:00","breadcrumb":{"@id":"https:\/\/fondazionebarbavarley.org\/es\/actividad-de-una-sede-itinerante\/#breadcrumb"},"inLanguage":"es","potentialAction":[{"@type":"ReadAction","target":["https:\/\/fondazionebarbavarley.org\/es\/actividad-de-una-sede-itinerante\/"]}]},{"@type":"ImageObject","inLanguage":"es","@id":"https:\/\/fondazionebarbavarley.org\/es\/actividad-de-una-sede-itinerante\/#primaryimage","url":"https:\/\/fondazionebarbavarley.org\/wp-content\/uploads\/2025\/07\/header-attiva-sede.jpg","contentUrl":"https:\/\/fondazionebarbavarley.org\/wp-content\/uploads\/2025\/07\/header-attiva-sede.jpg"},{"@type":"BreadcrumbList","@id":"https:\/\/fondazionebarbavarley.org\/es\/actividad-de-una-sede-itinerante\/#breadcrumb","itemListElement":[{"@type":"ListItem","position":1,"name":"Home"},{"@type":"ListItem","position":2,"name":"Actividad de una sede itinerante"}]},{"@type":"WebSite","@id":"https:\/\/fondazionebarbavarley.org\/es\/#website","url":"https:\/\/fondazionebarbavarley.org\/es\/","name":"Fondazione Barba Varley - ETS","description":"","publisher":{"@id":"https:\/\/fondazionebarbavarley.org\/es\/#organization"},"potentialAction":[{"@type":"SearchAction","target":{"@type":"EntryPoint","urlTemplate":"https:\/\/fondazionebarbavarley.org\/es\/?s={search_term_string}"},"query-input":{"@type":"PropertyValueSpecification","valueRequired":true,"valueName":"search_term_string"}}],"inLanguage":"es"},{"@type":"Organization","@id":"https:\/\/fondazionebarbavarley.org\/es\/#organization","name":"Fondazione Barba Varley - ETS","url":"https:\/\/fondazionebarbavarley.org\/es\/","logo":{"@type":"ImageObject","inLanguage":"es","@id":"https:\/\/fondazionebarbavarley.org\/es\/#\/schema\/logo\/image\/","url":"https:\/\/fondazionebarbavarley.org\/wp-content\/uploads\/2025\/06\/logo_bv-e1612267139930.png","contentUrl":"https:\/\/fondazionebarbavarley.org\/wp-content\/uploads\/2025\/06\/logo_bv-e1612267139930.png","width":300,"height":290,"caption":"Fondazione Barba Varley - ETS"},"image":{"@id":"https:\/\/fondazionebarbavarley.org\/es\/#\/schema\/logo\/image\/"},"sameAs":["https:\/\/www.facebook.com\/FondazioneBarbaVarley","https:\/\/www.youtube.com\/c\/FondazioneBarbaVarley"]}]}},"_links":{"self":[{"href":"https:\/\/fondazionebarbavarley.org\/es\/wp-json\/wp\/v2\/pages\/25003","targetHints":{"allow":["GET"]}}],"collection":[{"href":"https:\/\/fondazionebarbavarley.org\/es\/wp-json\/wp\/v2\/pages"}],"about":[{"href":"https:\/\/fondazionebarbavarley.org\/es\/wp-json\/wp\/v2\/types\/page"}],"author":[{"embeddable":true,"href":"https:\/\/fondazionebarbavarley.org\/es\/wp-json\/wp\/v2\/users\/5"}],"replies":[{"embeddable":true,"href":"https:\/\/fondazionebarbavarley.org\/es\/wp-json\/wp\/v2\/comments?post=25003"}],"version-history":[{"count":2,"href":"https:\/\/fondazionebarbavarley.org\/es\/wp-json\/wp\/v2\/pages\/25003\/revisions"}],"predecessor-version":[{"id":25207,"href":"https:\/\/fondazionebarbavarley.org\/es\/wp-json\/wp\/v2\/pages\/25003\/revisions\/25207"}],"wp:attachment":[{"href":"https:\/\/fondazionebarbavarley.org\/es\/wp-json\/wp\/v2\/media?parent=25003"}],"curies":[{"name":"wp","href":"https:\/\/api.w.org\/{rel}","templated":true}]}}