{"id":25109,"date":"2025-04-06T15:27:55","date_gmt":"2025-04-06T13:27:55","guid":{"rendered":"https:\/\/fondazionebarbavarley.org\/2022-2\/"},"modified":"2025-09-11T17:21:49","modified_gmt":"2025-09-11T15:21:49","slug":"2022-2","status":"publish","type":"page","link":"https:\/\/fondazionebarbavarley.org\/es\/2022-2\/","title":{"rendered":"2022"},"content":{"rendered":"\t\t<div data-elementor-type=\"wp-page\" data-elementor-id=\"25109\" class=\"elementor elementor-25109 elementor-21897\" data-elementor-post-type=\"page\">\n\t\t\t\t\t\t<section class=\"elementor-section elementor-top-section elementor-element elementor-element-1773c32a elementor-section-full_width elementor-section-height-default elementor-section-height-default\" data-id=\"1773c32a\" data-element_type=\"section\" data-e-type=\"section\">\n\t\t\t\t\t\t<div class=\"elementor-container elementor-column-gap-no\">\n\t\t\t\t\t<div class=\"elementor-column elementor-col-100 elementor-top-column elementor-element elementor-element-77aacb0c\" data-id=\"77aacb0c\" data-element_type=\"column\" data-e-type=\"column\">\n\t\t\t<div class=\"elementor-widget-wrap elementor-element-populated\">\n\t\t\t\t\t\t<div class=\"elementor-element elementor-element-174cce23 elementor-widget__width-inherit elementor-widget elementor-widget-image\" data-id=\"174cce23\" data-element_type=\"widget\" data-e-type=\"widget\" data-widget_type=\"image.default\">\n\t\t\t\t<div class=\"elementor-widget-container\">\n\t\t\t\t\t\t\t\t\t\t\t\t\t\t\t<img fetchpriority=\"high\" decoding=\"async\" width=\"1600\" height=\"468\" src=\"https:\/\/fondazionebarbavarley.org\/wp-content\/uploads\/2025\/07\/fondazione-barba-varley-header.jpg\" class=\"attachment-full size-full wp-image-24490\" alt=\"fondazione barba varley\" srcset=\"https:\/\/fondazionebarbavarley.org\/wp-content\/uploads\/2025\/07\/fondazione-barba-varley-header.jpg 1600w, https:\/\/fondazionebarbavarley.org\/wp-content\/uploads\/2025\/07\/fondazione-barba-varley-header-300x88.jpg 300w, https:\/\/fondazionebarbavarley.org\/wp-content\/uploads\/2025\/07\/fondazione-barba-varley-header-1024x300.jpg 1024w, https:\/\/fondazionebarbavarley.org\/wp-content\/uploads\/2025\/07\/fondazione-barba-varley-header-768x225.jpg 768w, https:\/\/fondazionebarbavarley.org\/wp-content\/uploads\/2025\/07\/fondazione-barba-varley-header-1536x449.jpg 1536w, https:\/\/fondazionebarbavarley.org\/wp-content\/uploads\/2025\/07\/fondazione-barba-varley-header-1568x459.jpg 1568w, https:\/\/fondazionebarbavarley.org\/wp-content\/uploads\/2025\/07\/fondazione-barba-varley-header-1320x386.jpg 1320w, https:\/\/fondazionebarbavarley.org\/wp-content\/uploads\/2025\/07\/fondazione-barba-varley-header-600x176.jpg 600w\" sizes=\"(max-width: 34.9rem) calc(100vw - 2rem), (max-width: 53rem) calc(8 * (100vw \/ 12)), (min-width: 53rem) calc(6 * (100vw \/ 12)), 100vw\" \/>\t\t\t\t\t\t\t\t\t\t\t\t\t\t\t<\/div>\n\t\t\t\t<\/div>\n\t\t\t\t\t<\/div>\n\t\t<\/div>\n\t\t\t\t\t<\/div>\n\t\t<\/section>\n\t\t\t\t<section class=\"elementor-section elementor-top-section elementor-element elementor-element-106250de elementor-section-boxed elementor-section-height-default elementor-section-height-default\" data-id=\"106250de\" data-element_type=\"section\" data-e-type=\"section\">\n\t\t\t\t\t\t<div class=\"elementor-container elementor-column-gap-default\">\n\t\t\t\t\t<div class=\"elementor-column elementor-col-100 elementor-top-column elementor-element elementor-element-3c989f70\" data-id=\"3c989f70\" data-element_type=\"column\" data-e-type=\"column\">\n\t\t\t<div class=\"elementor-widget-wrap elementor-element-populated\">\n\t\t\t\t\t\t<div class=\"elementor-element elementor-element-4c9384fb elementor-widget elementor-widget-heading\" data-id=\"4c9384fb\" data-element_type=\"widget\" data-e-type=\"widget\" data-widget_type=\"heading.default\">\n\t\t\t\t<div class=\"elementor-widget-container\">\n\t\t\t\t\t<h1 class=\"elementor-heading-title elementor-size-default\">Premio Internacional Barba Varley 2022 <\/h1>\t\t\t\t<\/div>\n\t\t\t\t<\/div>\n\t\t\t\t\t<\/div>\n\t\t<\/div>\n\t\t\t\t\t<\/div>\n\t\t<\/section>\n\t\t\t\t<section class=\"elementor-section elementor-top-section elementor-element elementor-element-66b90c2d elementor-section-boxed elementor-section-height-default elementor-section-height-default\" data-id=\"66b90c2d\" data-element_type=\"section\" data-e-type=\"section\">\n\t\t\t\t\t\t<div class=\"elementor-container elementor-column-gap-default\">\n\t\t\t\t\t<div class=\"elementor-column elementor-col-50 elementor-top-column elementor-element elementor-element-7948863e\" data-id=\"7948863e\" data-element_type=\"column\" data-e-type=\"column\">\n\t\t\t<div class=\"elementor-widget-wrap elementor-element-populated\">\n\t\t\t\t\t\t<div class=\"elementor-element elementor-element-21dc85fb elementor-widget elementor-widget-text-editor\" data-id=\"21dc85fb\" data-element_type=\"widget\" data-e-type=\"widget\" data-widget_type=\"text-editor.default\">\n\t\t\t\t<div class=\"elementor-widget-container\">\n\t\t\t\t\t\t\t\t\t<p>El Premio Barba Varley 2022, de 10.000 euros, fue destinado a dos proyectos diferentes:<span class=\"gmail-Apple-converted-space\"> <\/span><\/p><p>El proyecto de Francesco Piobicchi, \u201cMemoramica\u201d<i> <\/i><span class=\"gmail-s2\">de Mediterranean Hope\/Fcei <\/span>de Lampedusa (Italia), que cre\u00f3 el cementerio para migrantes no identificados que llegaron sin vida a Lampedusa.<\/p><p>En los \u00faltimos veinticinco a\u00f1os, unas cuarenta mil personas han muerto al atravesar el Mediterr\u00e1neo.<\/p><p>M\u00e1s de la mitad de ellas fueron devoradas por el mar; el resto fueron enterradas en cementerios de pa\u00edses del sur de Europa.<\/p>\t\t\t\t\t\t\t\t<\/div>\n\t\t\t\t<\/div>\n\t\t\t\t\t<\/div>\n\t\t<\/div>\n\t\t\t\t<div class=\"elementor-column elementor-col-50 elementor-top-column elementor-element elementor-element-eb4511c\" data-id=\"eb4511c\" data-element_type=\"column\" data-e-type=\"column\">\n\t\t\t<div class=\"elementor-widget-wrap elementor-element-populated\">\n\t\t\t\t\t\t<div class=\"elementor-element elementor-element-45fb4322 elementor-widget elementor-widget-image\" data-id=\"45fb4322\" data-element_type=\"widget\" data-e-type=\"widget\" data-widget_type=\"image.default\">\n\t\t\t\t<div class=\"elementor-widget-container\">\n\t\t\t\t\t\t\t\t\t\t\t\t\t\t\t<img decoding=\"async\" width=\"700\" height=\"454\" src=\"https:\/\/fondazionebarbavarley.org\/wp-content\/uploads\/2025\/07\/premio-barba-varley-yassin.jpg\" class=\"attachment-full size-full wp-image-24488\" alt=\"\" srcset=\"https:\/\/fondazionebarbavarley.org\/wp-content\/uploads\/2025\/07\/premio-barba-varley-yassin.jpg 700w, https:\/\/fondazionebarbavarley.org\/wp-content\/uploads\/2025\/07\/premio-barba-varley-yassin-300x195.jpg 300w, https:\/\/fondazionebarbavarley.org\/wp-content\/uploads\/2025\/07\/premio-barba-varley-yassin-600x389.jpg 600w\" sizes=\"(max-width: 34.9rem) calc(100vw - 2rem), (max-width: 53rem) calc(8 * (100vw \/ 12)), (min-width: 53rem) calc(6 * (100vw \/ 12)), 100vw\" \/>\t\t\t\t\t\t\t\t\t\t\t\t\t\t\t<\/div>\n\t\t\t\t<\/div>\n\t\t\t\t\t<\/div>\n\t\t<\/div>\n\t\t\t\t\t<\/div>\n\t\t<\/section>\n\t\t\t\t<section class=\"elementor-section elementor-top-section elementor-element elementor-element-3c30324a elementor-section-boxed elementor-section-height-default elementor-section-height-default\" data-id=\"3c30324a\" data-element_type=\"section\" data-e-type=\"section\">\n\t\t\t\t\t\t<div class=\"elementor-container elementor-column-gap-default\">\n\t\t\t\t\t<div class=\"elementor-column elementor-col-50 elementor-top-column elementor-element elementor-element-1ecc1b44\" data-id=\"1ecc1b44\" data-element_type=\"column\" data-e-type=\"column\">\n\t\t\t<div class=\"elementor-widget-wrap elementor-element-populated\">\n\t\t\t\t\t\t<div class=\"elementor-element elementor-element-62b00f3c elementor-widget elementor-widget-image\" data-id=\"62b00f3c\" data-element_type=\"widget\" data-e-type=\"widget\" data-widget_type=\"image.default\">\n\t\t\t\t<div class=\"elementor-widget-container\">\n\t\t\t\t\t\t\t\t\t\t\t\t\t\t\t<img decoding=\"async\" width=\"700\" height=\"561\" src=\"https:\/\/fondazionebarbavarley.org\/wp-content\/uploads\/2025\/07\/premio-fondazione-2022.jpg\" class=\"attachment-full size-full wp-image-24492\" alt=\"\" srcset=\"https:\/\/fondazionebarbavarley.org\/wp-content\/uploads\/2025\/07\/premio-fondazione-2022.jpg 700w, https:\/\/fondazionebarbavarley.org\/wp-content\/uploads\/2025\/07\/premio-fondazione-2022-300x240.jpg 300w, https:\/\/fondazionebarbavarley.org\/wp-content\/uploads\/2025\/07\/premio-fondazione-2022-600x481.jpg 600w\" sizes=\"(max-width: 34.9rem) calc(100vw - 2rem), (max-width: 53rem) calc(8 * (100vw \/ 12)), (min-width: 53rem) calc(6 * (100vw \/ 12)), 100vw\" \/>\t\t\t\t\t\t\t\t\t\t\t\t\t\t\t<\/div>\n\t\t\t\t<\/div>\n\t\t\t\t\t<\/div>\n\t\t<\/div>\n\t\t\t\t<div class=\"elementor-column elementor-col-50 elementor-top-column elementor-element elementor-element-39406cd1\" data-id=\"39406cd1\" data-element_type=\"column\" data-e-type=\"column\">\n\t\t\t<div class=\"elementor-widget-wrap elementor-element-populated\">\n\t\t\t\t\t\t<div class=\"elementor-element elementor-element-17b05b4a elementor-widget elementor-widget-text-editor\" data-id=\"17b05b4a\" data-element_type=\"widget\" data-e-type=\"widget\" data-widget_type=\"text-editor.default\">\n\t\t\t\t<div class=\"elementor-widget-container\">\n\t\t\t\t\t\t\t\t\t<p>En Colombia el premio ser\u00e1 otorgado al colectivo de artistas \u2018Magdalenas por el Cauca\u2019 (Yorladi Ruiz, Gabriel Posada). Seg\u00fan el \u201cCentro colombiano por la memoria hist\u00f3rica\u201d, en el 2013 el colectivo Magdalenas por el Cauca convoc\u00f3 a familiares de las v\u00edctimas de la masacre de Trujillo y a las comunidades de Marsella y Beltr\u00e1n para construir 327 balsas y prepararlas para navegar los \u00faltimos 200 metros de un arroyo que nace en Marsella y desemboca en el Cauca. <\/p><p>La idea surgi\u00f3 a partir de las 482 autopsias de personas no identificadas en el cementerio de Marsella, realizadas por el Instituto de Medicina Legal en el 2012. De estas personas, 155 fueron identificadas, pero 327 permanecen sin identificar. <\/p><p>Da qui nasce l\u2019idea delle comunit\u00e0 locali di costruire un cimitero per le persone senza identit\u00e0. Successivamente un gruppo di artisti ha realizzato un festival con installazioni che ricordano i senza nome. <\/p>\t\t\t\t\t\t\t\t<\/div>\n\t\t\t\t<\/div>\n\t\t\t\t\t<\/div>\n\t\t<\/div>\n\t\t\t\t\t<\/div>\n\t\t<\/section>\n\t\t\t\t<section class=\"elementor-section elementor-top-section elementor-element elementor-element-2563e6a3 elementor-section-boxed elementor-section-height-default elementor-section-height-default\" data-id=\"2563e6a3\" data-element_type=\"section\" data-e-type=\"section\">\n\t\t\t\t\t\t<div class=\"elementor-container elementor-column-gap-default\">\n\t\t\t\t\t<div class=\"elementor-column elementor-col-100 elementor-top-column elementor-element elementor-element-23daa7e7\" data-id=\"23daa7e7\" data-element_type=\"column\" data-e-type=\"column\">\n\t\t\t<div class=\"elementor-widget-wrap elementor-element-populated\">\n\t\t\t\t\t\t<div class=\"elementor-element elementor-element-3ccc2eb elementor-widget elementor-widget-heading\" data-id=\"3ccc2eb\" data-element_type=\"widget\" data-e-type=\"widget\" data-widget_type=\"heading.default\">\n\t\t\t\t<div class=\"elementor-widget-container\">\n\t\t\t\t\t<h2 class=\"elementor-heading-title elementor-size-default\">Asignaci\u00f3n Premio Barba Varley 2022<\/h2>\t\t\t\t<\/div>\n\t\t\t\t<\/div>\n\t\t\t\t<div class=\"elementor-element elementor-element-34fda7e elementor-widget elementor-widget-text-editor\" data-id=\"34fda7e\" data-element_type=\"widget\" data-e-type=\"widget\" data-widget_type=\"text-editor.default\">\n\t\t\t\t<div class=\"elementor-widget-container\">\n\t\t\t\t\t\t\t\t\tMensaje de la entonces Ministra de Cultura de Colombia, Patricia Ariza con motivo de la asignaci\u00f3n delPremio Barba Varley \t\t\t\t\t\t\t\t<\/div>\n\t\t\t\t<\/div>\n\t\t\t\t<div class=\"elementor-element elementor-element-76e63589 elementor-widget elementor-widget-image\" data-id=\"76e63589\" data-element_type=\"widget\" data-e-type=\"widget\" data-widget_type=\"image.default\">\n\t\t\t\t<div class=\"elementor-widget-container\">\n\t\t\t\t\t\t\t\t\t\t\t\t\t\t\t<img loading=\"lazy\" decoding=\"async\" width=\"960\" height=\"541\" src=\"https:\/\/fondazionebarbavarley.org\/wp-content\/uploads\/2025\/07\/premio-barba-varley-patricia-ariza.jpg\" class=\"attachment-full size-full wp-image-24494\" alt=\"Patricia Ariza\" srcset=\"https:\/\/fondazionebarbavarley.org\/wp-content\/uploads\/2025\/07\/premio-barba-varley-patricia-ariza.jpg 960w, https:\/\/fondazionebarbavarley.org\/wp-content\/uploads\/2025\/07\/premio-barba-varley-patricia-ariza-300x169.jpg 300w, https:\/\/fondazionebarbavarley.org\/wp-content\/uploads\/2025\/07\/premio-barba-varley-patricia-ariza-768x433.jpg 768w, https:\/\/fondazionebarbavarley.org\/wp-content\/uploads\/2025\/07\/premio-barba-varley-patricia-ariza-600x338.jpg 600w\" sizes=\"(max-width: 34.9rem) calc(100vw - 2rem), (max-width: 53rem) calc(8 * (100vw \/ 12)), (min-width: 53rem) calc(6 * (100vw \/ 12)), 100vw\" \/>\t\t\t\t\t\t\t\t\t\t\t\t\t\t\t<\/div>\n\t\t\t\t<\/div>\n\t\t\t\t\t<\/div>\n\t\t<\/div>\n\t\t\t\t\t<\/div>\n\t\t<\/section>\n\t\t\t\t<\/div>\n\t\t","protected":false},"excerpt":{"rendered":"<p>Premio Internacional Barba Varley 2022 El Premio Barba Varley 2022, de 10.000 euros, fue destinado a dos proyectos diferentes: El proyecto de Francesco Piobicchi, \u201cMemoramica\u201d de Mediterranean Hope\/Fcei de Lampedusa [&hellip;]<\/p>\n","protected":false},"author":5,"featured_media":0,"parent":0,"menu_order":0,"comment_status":"closed","ping_status":"closed","template":"elementor_header_footer","meta":{"_acf_changed":false,"footnotes":""},"class_list":["post-25109","page","type-page","status-publish","hentry","entry"],"acf":[],"yoast_head":"<!-- This site is optimized with the Yoast SEO plugin v27.4 - https:\/\/yoast.com\/product\/yoast-seo-wordpress\/ -->\n<title>2022 | Fondazione Barba Varley - ETS<\/title>\n<meta name=\"robots\" content=\"index, follow, max-snippet:-1, max-image-preview:large, max-video-preview:-1\" \/>\n<link rel=\"canonical\" href=\"https:\/\/fondazionebarbavarley.org\/es\/2022-2\/\" \/>\n<meta property=\"og:locale\" content=\"es_ES\" \/>\n<meta property=\"og:type\" content=\"article\" \/>\n<meta property=\"og:title\" content=\"2022 | Fondazione Barba Varley - ETS\" \/>\n<meta property=\"og:description\" content=\"Premio Internacional Barba Varley 2022 El Premio Barba Varley 2022, de 10.000 euros, fue destinado a dos proyectos diferentes: El proyecto de Francesco Piobicchi, \u201cMemoramica\u201d de Mediterranean Hope\/Fcei de Lampedusa [&hellip;]\" \/>\n<meta property=\"og:url\" content=\"https:\/\/fondazionebarbavarley.org\/es\/2022-2\/\" \/>\n<meta property=\"og:site_name\" content=\"Fondazione Barba Varley - ETS\" \/>\n<meta property=\"article:publisher\" content=\"https:\/\/www.facebook.com\/FondazioneBarbaVarley\" \/>\n<meta property=\"article:modified_time\" content=\"2025-09-11T15:21:49+00:00\" \/>\n<meta property=\"og:image\" content=\"https:\/\/fondazionebarbavarley.org\/wp-content\/uploads\/2025\/07\/fondazione-barba-varley-header.jpg\" \/>\n<meta name=\"twitter:card\" content=\"summary_large_image\" \/>\n<!-- \/ Yoast SEO plugin. -->","yoast_head_json":{"title":"2022 | Fondazione Barba Varley - ETS","robots":{"index":"index","follow":"follow","max-snippet":"max-snippet:-1","max-image-preview":"max-image-preview:large","max-video-preview":"max-video-preview:-1"},"canonical":"https:\/\/fondazionebarbavarley.org\/es\/2022-2\/","og_locale":"es_ES","og_type":"article","og_title":"2022 | Fondazione Barba Varley - ETS","og_description":"Premio Internacional Barba Varley 2022 El Premio Barba Varley 2022, de 10.000 euros, fue destinado a dos proyectos diferentes: El proyecto de Francesco Piobicchi, \u201cMemoramica\u201d de Mediterranean Hope\/Fcei de Lampedusa [&hellip;]","og_url":"https:\/\/fondazionebarbavarley.org\/es\/2022-2\/","og_site_name":"Fondazione Barba Varley - ETS","article_publisher":"https:\/\/www.facebook.com\/FondazioneBarbaVarley","article_modified_time":"2025-09-11T15:21:49+00:00","og_image":[{"url":"https:\/\/fondazionebarbavarley.org\/wp-content\/uploads\/2025\/07\/fondazione-barba-varley-header.jpg","type":"","width":"","height":""}],"twitter_card":"summary_large_image","schema":{"@context":"https:\/\/schema.org","@graph":[{"@type":"WebPage","@id":"https:\/\/fondazionebarbavarley.org\/es\/2022-2\/","url":"https:\/\/fondazionebarbavarley.org\/es\/2022-2\/","name":"2022 | Fondazione Barba Varley - ETS","isPartOf":{"@id":"https:\/\/fondazionebarbavarley.org\/es\/#website"},"primaryImageOfPage":{"@id":"https:\/\/fondazionebarbavarley.org\/es\/2022-2\/#primaryimage"},"image":{"@id":"https:\/\/fondazionebarbavarley.org\/es\/2022-2\/#primaryimage"},"thumbnailUrl":"https:\/\/fondazionebarbavarley.org\/wp-content\/uploads\/2025\/07\/fondazione-barba-varley-header.jpg","datePublished":"2025-04-06T13:27:55+00:00","dateModified":"2025-09-11T15:21:49+00:00","breadcrumb":{"@id":"https:\/\/fondazionebarbavarley.org\/es\/2022-2\/#breadcrumb"},"inLanguage":"es","potentialAction":[{"@type":"ReadAction","target":["https:\/\/fondazionebarbavarley.org\/es\/2022-2\/"]}]},{"@type":"ImageObject","inLanguage":"es","@id":"https:\/\/fondazionebarbavarley.org\/es\/2022-2\/#primaryimage","url":"https:\/\/fondazionebarbavarley.org\/wp-content\/uploads\/2025\/07\/fondazione-barba-varley-header.jpg","contentUrl":"https:\/\/fondazionebarbavarley.org\/wp-content\/uploads\/2025\/07\/fondazione-barba-varley-header.jpg"},{"@type":"BreadcrumbList","@id":"https:\/\/fondazionebarbavarley.org\/es\/2022-2\/#breadcrumb","itemListElement":[{"@type":"ListItem","position":1,"name":"Home"},{"@type":"ListItem","position":2,"name":"2022"}]},{"@type":"WebSite","@id":"https:\/\/fondazionebarbavarley.org\/es\/#website","url":"https:\/\/fondazionebarbavarley.org\/es\/","name":"Fondazione Barba Varley - ETS","description":"","publisher":{"@id":"https:\/\/fondazionebarbavarley.org\/es\/#organization"},"potentialAction":[{"@type":"SearchAction","target":{"@type":"EntryPoint","urlTemplate":"https:\/\/fondazionebarbavarley.org\/es\/?s={search_term_string}"},"query-input":{"@type":"PropertyValueSpecification","valueRequired":true,"valueName":"search_term_string"}}],"inLanguage":"es"},{"@type":"Organization","@id":"https:\/\/fondazionebarbavarley.org\/es\/#organization","name":"Fondazione Barba Varley - ETS","url":"https:\/\/fondazionebarbavarley.org\/es\/","logo":{"@type":"ImageObject","inLanguage":"es","@id":"https:\/\/fondazionebarbavarley.org\/es\/#\/schema\/logo\/image\/","url":"https:\/\/fondazionebarbavarley.org\/wp-content\/uploads\/2025\/06\/logo_bv-e1612267139930.png","contentUrl":"https:\/\/fondazionebarbavarley.org\/wp-content\/uploads\/2025\/06\/logo_bv-e1612267139930.png","width":300,"height":290,"caption":"Fondazione Barba Varley - ETS"},"image":{"@id":"https:\/\/fondazionebarbavarley.org\/es\/#\/schema\/logo\/image\/"},"sameAs":["https:\/\/www.facebook.com\/FondazioneBarbaVarley","https:\/\/www.youtube.com\/c\/FondazioneBarbaVarley"]}]}},"_links":{"self":[{"href":"https:\/\/fondazionebarbavarley.org\/es\/wp-json\/wp\/v2\/pages\/25109","targetHints":{"allow":["GET"]}}],"collection":[{"href":"https:\/\/fondazionebarbavarley.org\/es\/wp-json\/wp\/v2\/pages"}],"about":[{"href":"https:\/\/fondazionebarbavarley.org\/es\/wp-json\/wp\/v2\/types\/page"}],"author":[{"embeddable":true,"href":"https:\/\/fondazionebarbavarley.org\/es\/wp-json\/wp\/v2\/users\/5"}],"replies":[{"embeddable":true,"href":"https:\/\/fondazionebarbavarley.org\/es\/wp-json\/wp\/v2\/comments?post=25109"}],"version-history":[{"count":1,"href":"https:\/\/fondazionebarbavarley.org\/es\/wp-json\/wp\/v2\/pages\/25109\/revisions"}],"predecessor-version":[{"id":25110,"href":"https:\/\/fondazionebarbavarley.org\/es\/wp-json\/wp\/v2\/pages\/25109\/revisions\/25110"}],"wp:attachment":[{"href":"https:\/\/fondazionebarbavarley.org\/es\/wp-json\/wp\/v2\/media?parent=25109"}],"curies":[{"name":"wp","href":"https:\/\/api.w.org\/{rel}","templated":true}]}}