{"id":25113,"date":"2025-06-21T19:51:41","date_gmt":"2025-06-21T17:51:41","guid":{"rendered":"https:\/\/fondazionebarbavarley.org\/donacion-libre\/"},"modified":"2025-09-11T17:30:37","modified_gmt":"2025-09-11T15:30:37","slug":"donacion-libre","status":"publish","type":"page","link":"https:\/\/fondazionebarbavarley.org\/es\/donacion-libre\/","title":{"rendered":"Donaci\u00f3n libre"},"content":{"rendered":"\t\t<div data-elementor-type=\"wp-page\" data-elementor-id=\"25113\" class=\"elementor elementor-25113 elementor-21963\" data-elementor-post-type=\"page\">\n\t\t\t\t\t\t<section class=\"elementor-section elementor-top-section elementor-element elementor-element-15f8046e elementor-section-full_width elementor-section-height-default elementor-section-height-default\" data-id=\"15f8046e\" data-element_type=\"section\" data-e-type=\"section\">\n\t\t\t\t\t\t<div class=\"elementor-container elementor-column-gap-no\">\n\t\t\t\t\t<div class=\"elementor-column elementor-col-100 elementor-top-column elementor-element elementor-element-73380590\" data-id=\"73380590\" data-element_type=\"column\" data-e-type=\"column\">\n\t\t\t<div class=\"elementor-widget-wrap elementor-element-populated\">\n\t\t\t\t\t\t<div class=\"elementor-element elementor-element-234c8fa1 elementor-widget__width-inherit elementor-widget elementor-widget-image\" data-id=\"234c8fa1\" data-element_type=\"widget\" data-e-type=\"widget\" data-widget_type=\"image.default\">\n\t\t\t\t<div class=\"elementor-widget-container\">\n\t\t\t\t\t\t\t\t\t\t\t\t\t\t\t<img fetchpriority=\"high\" decoding=\"async\" width=\"1600\" height=\"468\" src=\"https:\/\/fondazionebarbavarley.org\/wp-content\/uploads\/2025\/07\/header-sostienici.jpg\" class=\"attachment-full size-full wp-image-24636\" alt=\"\" srcset=\"https:\/\/fondazionebarbavarley.org\/wp-content\/uploads\/2025\/07\/header-sostienici.jpg 1600w, https:\/\/fondazionebarbavarley.org\/wp-content\/uploads\/2025\/07\/header-sostienici-300x88.jpg 300w, https:\/\/fondazionebarbavarley.org\/wp-content\/uploads\/2025\/07\/header-sostienici-1024x300.jpg 1024w, https:\/\/fondazionebarbavarley.org\/wp-content\/uploads\/2025\/07\/header-sostienici-768x225.jpg 768w, https:\/\/fondazionebarbavarley.org\/wp-content\/uploads\/2025\/07\/header-sostienici-1536x449.jpg 1536w, https:\/\/fondazionebarbavarley.org\/wp-content\/uploads\/2025\/07\/header-sostienici-1568x459.jpg 1568w, https:\/\/fondazionebarbavarley.org\/wp-content\/uploads\/2025\/07\/header-sostienici-1320x386.jpg 1320w\" sizes=\"(max-width: 34.9rem) calc(100vw - 2rem), (max-width: 53rem) calc(8 * (100vw \/ 12)), (min-width: 53rem) calc(6 * (100vw \/ 12)), 100vw\" \/>\t\t\t\t\t\t\t\t\t\t\t\t\t\t\t<\/div>\n\t\t\t\t<\/div>\n\t\t\t\t\t<\/div>\n\t\t<\/div>\n\t\t\t\t\t<\/div>\n\t\t<\/section>\n\t\t\t\t<section class=\"elementor-section elementor-top-section elementor-element elementor-element-76e8eb13 elementor-section-boxed elementor-section-height-default elementor-section-height-default\" data-id=\"76e8eb13\" data-element_type=\"section\" data-e-type=\"section\">\n\t\t\t\t\t\t<div class=\"elementor-container elementor-column-gap-default\">\n\t\t\t\t\t<div class=\"elementor-column elementor-col-100 elementor-top-column elementor-element elementor-element-683858cf\" data-id=\"683858cf\" data-element_type=\"column\" data-e-type=\"column\">\n\t\t\t<div class=\"elementor-widget-wrap elementor-element-populated\">\n\t\t\t\t\t\t<div class=\"elementor-element elementor-element-55d67e1e elementor-widget elementor-widget-heading\" data-id=\"55d67e1e\" data-element_type=\"widget\" data-e-type=\"widget\" data-widget_type=\"heading.default\">\n\t\t\t\t<div class=\"elementor-widget-container\">\n\t\t\t\t\t<h1 class=\"elementor-heading-title elementor-size-default\">Sostiene a la Fundaci\u00f3n Barba Varley<\/h1>\t\t\t\t<\/div>\n\t\t\t\t<\/div>\n\t\t\t\t\t<\/div>\n\t\t<\/div>\n\t\t\t\t\t<\/div>\n\t\t<\/section>\n\t\t\t\t<section class=\"elementor-section elementor-top-section elementor-element elementor-element-23e7bb51 elementor-section-boxed elementor-section-height-default elementor-section-height-default\" data-id=\"23e7bb51\" data-element_type=\"section\" data-e-type=\"section\">\n\t\t\t\t\t\t<div class=\"elementor-container elementor-column-gap-default\">\n\t\t\t\t\t<div class=\"elementor-column elementor-col-50 elementor-top-column elementor-element elementor-element-760beb4b\" data-id=\"760beb4b\" data-element_type=\"column\" data-e-type=\"column\">\n\t\t\t<div class=\"elementor-widget-wrap elementor-element-populated\">\n\t\t\t\t\t\t<div class=\"elementor-element elementor-element-5a6d3dcb elementor-widget elementor-widget-heading\" data-id=\"5a6d3dcb\" data-element_type=\"widget\" data-e-type=\"widget\" data-widget_type=\"heading.default\">\n\t\t\t\t<div class=\"elementor-widget-container\">\n\t\t\t\t\t<h2 class=\"elementor-heading-title elementor-size-default\">Donaci\u00f3n libre<\/h2>\t\t\t\t<\/div>\n\t\t\t\t<\/div>\n\t\t\t\t<div class=\"elementor-element elementor-element-644997d9 elementor-widget elementor-widget-text-editor\" data-id=\"644997d9\" data-element_type=\"widget\" data-e-type=\"widget\" data-widget_type=\"text-editor.default\">\n\t\t\t\t<div class=\"elementor-widget-container\">\n\t\t\t\t\t\t\t\t\t<p>Con los fondos de los donantes, la Fundaci\u00f3n tiene como objetivo apoyar las actividades de mujeres y hombres de teatro, de grupos que realizan actividades valientes, de personas desfavorecidas por su g\u00e9nero, etnia, geograf\u00eda, edad, forma de pensar y actuar dentro y fuera del teatro. Tu donaci\u00f3n ayuda a la fundaci\u00f3n a actuar con rapidez e independencia, sin ning\u00fan tipo de condicionamiento. <\/p><p>Puedes hacer una donaci\u00f3n a trav\u00e9s de nuestra cuenta PayPal o por transferencia bancaria a nombre de: Fundaci\u00f3n Barba Varley<\/p><p><strong>Banca di Credito Cooperativo di Roma<\/strong><br>Iban: IT24 U083 2739 0800 0000 0003 040<br>Ag. 150 Fiano Romano<br>Via del Capo Croce snc<br>Codice BIC\/SWIFT ICRAITRRROM<\/p><p style=\"text-align: center;\"><strong>Con PayPal es f\u00e1cil y r\u00e1pido, \u00a1solo necesitas un clic para hacer tu donaci\u00f3n!<\/strong><\/p><form style=\"text-align: center;\" action=\"https:\/\/www.paypal.com\/donate\" method=\"post\" target=\"_top\"><input name=\"hosted_button_id\" type=\"hidden\" value=\"74P6469ADMMZU\"><br><input title=\"PayPal: \u00a1la forma m\u00e1s segura y sencilla de pagar en l\u00ednea!\" alt=\"Donaci\u00f3n con el bot\u00f3n PayPal\" name=\"submit\" src=\"https:\/\/www.paypalobjects.com\/it_IT\/i\/btn\/btn_donate_LG.gif\" type=\"image\"><br><img decoding=\"async\" src=\"https:\/\/www.paypal.com\/en_IT\/i\/scr\/pixel.gif\" alt=\"\" width=\"1\" height=\"1\" border=\"0\"><\/form>\t\t\t\t\t\t\t\t<\/div>\n\t\t\t\t<\/div>\n\t\t\t\t\t<\/div>\n\t\t<\/div>\n\t\t\t\t<div class=\"elementor-column elementor-col-50 elementor-top-column elementor-element elementor-element-4980bfe1\" data-id=\"4980bfe1\" data-element_type=\"column\" data-e-type=\"column\">\n\t\t\t<div class=\"elementor-widget-wrap elementor-element-populated\">\n\t\t\t\t\t\t<div class=\"elementor-element elementor-element-7ba80492 elementor-widget elementor-widget-image\" data-id=\"7ba80492\" data-element_type=\"widget\" data-e-type=\"widget\" data-widget_type=\"image.default\">\n\t\t\t\t<div class=\"elementor-widget-container\">\n\t\t\t\t\t\t\t\t\t\t\t\t\t\t\t<img decoding=\"async\" width=\"700\" height=\"467\" src=\"https:\/\/fondazionebarbavarley.org\/wp-content\/uploads\/2025\/07\/foto-donazione.jpg\" class=\"attachment-full size-full wp-image-24634\" alt=\"\" srcset=\"https:\/\/fondazionebarbavarley.org\/wp-content\/uploads\/2025\/07\/foto-donazione.jpg 700w, https:\/\/fondazionebarbavarley.org\/wp-content\/uploads\/2025\/07\/foto-donazione-300x200.jpg 300w\" sizes=\"(max-width: 34.9rem) calc(100vw - 2rem), (max-width: 53rem) calc(8 * (100vw \/ 12)), (min-width: 53rem) calc(6 * (100vw \/ 12)), 100vw\" \/>\t\t\t\t\t\t\t\t\t\t\t\t\t\t\t<\/div>\n\t\t\t\t<\/div>\n\t\t\t\t\t<\/div>\n\t\t<\/div>\n\t\t\t\t\t<\/div>\n\t\t<\/section>\n\t\t\t\t<\/div>\n\t\t","protected":false},"excerpt":{"rendered":"<p>Sostiene a la Fundaci\u00f3n Barba Varley Donaci\u00f3n libre Con los fondos de los donantes, la Fundaci\u00f3n tiene como objetivo apoyar las actividades de mujeres y hombres de teatro, de grupos [&hellip;]<\/p>\n","protected":false},"author":5,"featured_media":0,"parent":0,"menu_order":0,"comment_status":"closed","ping_status":"closed","template":"elementor_header_footer","meta":{"_acf_changed":false,"footnotes":""},"class_list":["post-25113","page","type-page","status-publish","hentry","entry"],"acf":[],"yoast_head":"<!-- This site is optimized with the Yoast SEO plugin v27.5 - https:\/\/yoast.com\/product\/yoast-seo-wordpress\/ -->\n<title>Donaci\u00f3n libre | Fondazione Barba Varley - ETS<\/title>\n<meta name=\"robots\" content=\"index, follow, max-snippet:-1, max-image-preview:large, max-video-preview:-1\" \/>\n<link rel=\"canonical\" href=\"https:\/\/fondazionebarbavarley.org\/es\/donacion-libre\/\" \/>\n<meta property=\"og:locale\" content=\"es_ES\" \/>\n<meta property=\"og:type\" content=\"article\" \/>\n<meta property=\"og:title\" content=\"Donaci\u00f3n libre | Fondazione Barba Varley - ETS\" \/>\n<meta property=\"og:description\" content=\"Sostiene a la Fundaci\u00f3n Barba Varley Donaci\u00f3n libre Con los fondos de los donantes, la Fundaci\u00f3n tiene como objetivo apoyar las actividades de mujeres y hombres de teatro, de grupos [&hellip;]\" \/>\n<meta property=\"og:url\" content=\"https:\/\/fondazionebarbavarley.org\/es\/donacion-libre\/\" \/>\n<meta property=\"og:site_name\" content=\"Fondazione Barba Varley - ETS\" \/>\n<meta property=\"article:publisher\" content=\"https:\/\/www.facebook.com\/FondazioneBarbaVarley\" \/>\n<meta property=\"article:modified_time\" content=\"2025-09-11T15:30:37+00:00\" \/>\n<meta property=\"og:image\" content=\"https:\/\/fondazionebarbavarley.org\/wp-content\/uploads\/2025\/07\/header-sostienici.jpg\" \/>\n<meta name=\"twitter:card\" content=\"summary_large_image\" \/>\n<!-- \/ Yoast SEO plugin. -->","yoast_head_json":{"title":"Donaci\u00f3n libre | Fondazione Barba Varley - ETS","robots":{"index":"index","follow":"follow","max-snippet":"max-snippet:-1","max-image-preview":"max-image-preview:large","max-video-preview":"max-video-preview:-1"},"canonical":"https:\/\/fondazionebarbavarley.org\/es\/donacion-libre\/","og_locale":"es_ES","og_type":"article","og_title":"Donaci\u00f3n libre | Fondazione Barba Varley - ETS","og_description":"Sostiene a la Fundaci\u00f3n Barba Varley Donaci\u00f3n libre Con los fondos de los donantes, la Fundaci\u00f3n tiene como objetivo apoyar las actividades de mujeres y hombres de teatro, de grupos [&hellip;]","og_url":"https:\/\/fondazionebarbavarley.org\/es\/donacion-libre\/","og_site_name":"Fondazione Barba Varley - ETS","article_publisher":"https:\/\/www.facebook.com\/FondazioneBarbaVarley","article_modified_time":"2025-09-11T15:30:37+00:00","og_image":[{"url":"https:\/\/fondazionebarbavarley.org\/wp-content\/uploads\/2025\/07\/header-sostienici.jpg","type":"","width":"","height":""}],"twitter_card":"summary_large_image","schema":{"@context":"https:\/\/schema.org","@graph":[{"@type":"WebPage","@id":"https:\/\/fondazionebarbavarley.org\/es\/donacion-libre\/","url":"https:\/\/fondazionebarbavarley.org\/es\/donacion-libre\/","name":"Donaci\u00f3n libre | Fondazione Barba Varley - ETS","isPartOf":{"@id":"https:\/\/fondazionebarbavarley.org\/es\/#website"},"primaryImageOfPage":{"@id":"https:\/\/fondazionebarbavarley.org\/es\/donacion-libre\/#primaryimage"},"image":{"@id":"https:\/\/fondazionebarbavarley.org\/es\/donacion-libre\/#primaryimage"},"thumbnailUrl":"https:\/\/fondazionebarbavarley.org\/wp-content\/uploads\/2025\/07\/header-sostienici.jpg","datePublished":"2025-06-21T17:51:41+00:00","dateModified":"2025-09-11T15:30:37+00:00","breadcrumb":{"@id":"https:\/\/fondazionebarbavarley.org\/es\/donacion-libre\/#breadcrumb"},"inLanguage":"es","potentialAction":[{"@type":"ReadAction","target":["https:\/\/fondazionebarbavarley.org\/es\/donacion-libre\/"]}]},{"@type":"ImageObject","inLanguage":"es","@id":"https:\/\/fondazionebarbavarley.org\/es\/donacion-libre\/#primaryimage","url":"https:\/\/fondazionebarbavarley.org\/wp-content\/uploads\/2025\/07\/header-sostienici.jpg","contentUrl":"https:\/\/fondazionebarbavarley.org\/wp-content\/uploads\/2025\/07\/header-sostienici.jpg"},{"@type":"BreadcrumbList","@id":"https:\/\/fondazionebarbavarley.org\/es\/donacion-libre\/#breadcrumb","itemListElement":[{"@type":"ListItem","position":1,"name":"Home"},{"@type":"ListItem","position":2,"name":"Donaci\u00f3n libre"}]},{"@type":"WebSite","@id":"https:\/\/fondazionebarbavarley.org\/es\/#website","url":"https:\/\/fondazionebarbavarley.org\/es\/","name":"Fondazione Barba Varley - ETS","description":"","publisher":{"@id":"https:\/\/fondazionebarbavarley.org\/es\/#organization"},"potentialAction":[{"@type":"SearchAction","target":{"@type":"EntryPoint","urlTemplate":"https:\/\/fondazionebarbavarley.org\/es\/?s={search_term_string}"},"query-input":{"@type":"PropertyValueSpecification","valueRequired":true,"valueName":"search_term_string"}}],"inLanguage":"es"},{"@type":"Organization","@id":"https:\/\/fondazionebarbavarley.org\/es\/#organization","name":"Fondazione Barba Varley - ETS","url":"https:\/\/fondazionebarbavarley.org\/es\/","logo":{"@type":"ImageObject","inLanguage":"es","@id":"https:\/\/fondazionebarbavarley.org\/es\/#\/schema\/logo\/image\/","url":"https:\/\/fondazionebarbavarley.org\/wp-content\/uploads\/2025\/06\/logo_bv-e1612267139930.png","contentUrl":"https:\/\/fondazionebarbavarley.org\/wp-content\/uploads\/2025\/06\/logo_bv-e1612267139930.png","width":300,"height":290,"caption":"Fondazione Barba Varley - ETS"},"image":{"@id":"https:\/\/fondazionebarbavarley.org\/es\/#\/schema\/logo\/image\/"},"sameAs":["https:\/\/www.facebook.com\/FondazioneBarbaVarley","https:\/\/www.youtube.com\/c\/FondazioneBarbaVarley"]}]}},"_links":{"self":[{"href":"https:\/\/fondazionebarbavarley.org\/es\/wp-json\/wp\/v2\/pages\/25113","targetHints":{"allow":["GET"]}}],"collection":[{"href":"https:\/\/fondazionebarbavarley.org\/es\/wp-json\/wp\/v2\/pages"}],"about":[{"href":"https:\/\/fondazionebarbavarley.org\/es\/wp-json\/wp\/v2\/types\/page"}],"author":[{"embeddable":true,"href":"https:\/\/fondazionebarbavarley.org\/es\/wp-json\/wp\/v2\/users\/5"}],"replies":[{"embeddable":true,"href":"https:\/\/fondazionebarbavarley.org\/es\/wp-json\/wp\/v2\/comments?post=25113"}],"version-history":[{"count":1,"href":"https:\/\/fondazionebarbavarley.org\/es\/wp-json\/wp\/v2\/pages\/25113\/revisions"}],"predecessor-version":[{"id":25114,"href":"https:\/\/fondazionebarbavarley.org\/es\/wp-json\/wp\/v2\/pages\/25113\/revisions\/25114"}],"wp:attachment":[{"href":"https:\/\/fondazionebarbavarley.org\/es\/wp-json\/wp\/v2\/media?parent=25113"}],"curies":[{"name":"wp","href":"https:\/\/api.w.org\/{rel}","templated":true}]}}