{"id":25213,"date":"2025-06-21T20:30:23","date_gmt":"2025-06-21T18:30:23","guid":{"rendered":"https:\/\/fondazionebarbavarley.org\/condiciones-de-uso\/"},"modified":"2025-06-21T20:30:23","modified_gmt":"2025-06-21T18:30:23","slug":"condiciones-de-uso","status":"publish","type":"page","link":"https:\/\/fondazionebarbavarley.org\/es\/condiciones-de-uso\/","title":{"rendered":"Condiciones de uso"},"content":{"rendered":"<h2>Condiciones de uso<\/h2>\n<p>El presente documento establece las condiciones generales en base a las cuales se ofrece a los usuarios la utilizaci\u00f3n del sitio web <strong>www.fondazionebarbavarley.org<\/strong> que ofrece servicios culturales y asistenciales.<\/p>\n<p><strong>1. Definiciones<\/strong><br \/>\nPara permitir la plena comprensi\u00f3n y aceptaci\u00f3n de las presentes condiciones, los siguientes t\u00e9rminos, en singular y plural, tendr\u00e1n el significado que se indica a continuaci\u00f3n:<\/p>\n<p>\u25cf Propietario: <strong>Fundaci\u00f3n Barba Varley<\/strong>, con domicilio social en  <strong>Via Pian della Casa snc. Civitella San Paolo 00060 Roma <\/strong>NIF\/C\u00f3digo fiscal <strong>96471730588,<\/strong> REA <strong>RM &#8211; 1628836<\/strong>, direcci\u00f3n PEC <strong>fondazionebarbavarley@emailcertificatapec.it<\/strong><\/p>\n<p>\u25cf Aplicaci\u00f3n: el sitio web <strong>www.fondazionebarbavarley.org<\/strong><\/p>\n<p>\u25cf Usuario: cualquier persona que acceda a la Aplicaci\u00f3n y la utilice.<\/p>\n<p>\u25cf Condiciones: el presente contrato que rige la relaci\u00f3n entre el Responsable y los Usuarios.<\/p>\n<p><strong>2. \u00c1mbito de aplicaci\u00f3n de las condiciones<\/strong><\/p>\n<p>El uso de la Aplicaci\u00f3n implica la aceptaci\u00f3n de las Condiciones por parte del Usuario. Si el Usuario no tiene intenci\u00f3n de aceptar las Condiciones y\/o cualquier otra nota, aviso legal, informaci\u00f3n publicada o a la que se haga referencia en las mismas, no podr\u00e1 utilizar la Aplicaci\u00f3n ni sus servicios. <\/p>\n<p>Las Condiciones podr\u00e1n modificarse en cualquier momento. Cualquier modificaci\u00f3n entrar\u00e1 en vigor en el momento en que se publique en la Aplicaci\u00f3n. <\/p>\n<p>Antes de utilizar la Aplicaci\u00f3n, el Usuario debe leer atentamente las Condiciones y guardarlas o imprimirlas para futuras consultas.<\/p>\n<p>El Titular se reserva el derecho a modificar, a su discreci\u00f3n, en cualquier momento, incluso despu\u00e9s del registro del Usuario, la interfaz gr\u00e1fica de la Aplicaci\u00f3n, los Contenidos y su organizaci\u00f3n, as\u00ed como cualquier otro aspecto que caracterice la funcionalidad y gesti\u00f3n de la Aplicaci\u00f3n, notificando al Usuario las instrucciones pertinentes cuando sea necesario.<\/p>\n<p><strong>3. Registro<\/strong><\/p>\n<p>Para beneficiarse de las funcionalidades de la Aplicaci\u00f3n, los Usuarios deber\u00e1n registrarse facilitando, de forma veraz y completa, todos los datos solicitados en el correspondiente formulario de registro y aceptar \u00edntegramente la pol\u00edtica de privacidad ( <strong>https:\/\/fondazionebarbavarley.org\/privacypolicy\/)<\/strong> y las Condiciones.<\/p>\n<p>El Usuario es responsable de custodiar sus credenciales de acceso, que deber\u00e1n ser utilizadas exclusivamente por \u00e9l y no podr\u00e1n ser cedidas a terceros. El Usuario se compromete a mantenerlas en secreto y a garantizar que ning\u00fan tercero tenga acceso a ellas, as\u00ed como a informar inmediatamente al Responsable del Tratamiento si sospecha o tiene conocimiento de cualquier uso indebido o divulgaci\u00f3n indebida de las mismas. <\/p>\n<p>El Usuario garantiza que la informaci\u00f3n personal proporcionada durante el procedimiento de registro es completa y veraz y se compromete a mantener al Responsable indemne e indemnizado por cualquier da\u00f1o, obligaci\u00f3n de indemnizaci\u00f3n y\/o sanci\u00f3n derivada de y\/o relacionada de alguna manera con la violaci\u00f3n por parte del Usuario de las normas de registro en la Aplicaci\u00f3n o el almacenamiento<br \/>\nde las credenciales de registro.<\/p>\n<p><strong>4. Supresi\u00f3n y cierre de cuentas<\/strong><\/p>\n<p>Los Usuarios Registrados pueden dejar de utilizar la Aplicaci\u00f3n en cualquier momento y desactivar su cuenta o solicitar su eliminaci\u00f3n a trav\u00e9s de la interfaz de la Aplicaci\u00f3n, si es posible, o enviando una notificaci\u00f3n por escrito a <strong>fondazionebarbavarley@gmail.com.<\/strong><\/p>\n<p>En caso de incumplimiento por parte del Usuario de las Condiciones o de cualquier disposici\u00f3n legal aplicable, el Propietario se reserva el derecho de suspender o cancelar la cuenta del Usuario en cualquier momento y sin previo aviso.<\/p>\n<p><strong>5. Derechos de propiedad industrial e intelectual<\/strong><\/p>\n<p>El Propietario declara que es el propietario y\/o licenciatario de todos los derechos de propiedad intelectual relativos y\/o pertenecientes a la Aplicaci\u00f3n y\/o al Contenido disponible en la Aplicaci\u00f3n. Por lo tanto, todas las marcas comerciales, figurativas o nominativas y todos los dem\u00e1s signos, nombres comerciales, marcas de servicio, marcas denominativas, nombres comerciales, ilustraciones, im\u00e1genes, logotipos, contenidos relativos a la Aplicaci\u00f3n son y seguir\u00e1n siendo propiedad del Propietario o de sus licenciantes y est\u00e1n protegidos por la legislaci\u00f3n vigente en materia de marcas comerciales y los tratados internacionales pertinentes. <\/p>\n<p>Las Condiciones no conceden al Usuario ninguna licencia para utilizar contenidos individuales y\/o materiales disponibles en las mismas, a menos que se estipule lo contrario.<\/p>\n<p>Cualquier reproducci\u00f3n en cualquier forma de los textos explicativos y contenidos de la Solicitud, si no est\u00e1 autorizada, se considerar\u00e1 una infracci\u00f3n de los derechos de propiedad intelectual e industrial del Titular.<\/p>\n<p><strong>6. Exclusi\u00f3n de garant\u00eda<\/strong><\/p>\n<p>La Aplicaci\u00f3n se proporciona \u00abtal cual\u00bb y \u00abseg\u00fan disponibilidad\u00bb y el Propietario no ofrece ninguna garant\u00eda expresa o impl\u00edcita en relaci\u00f3n con la Aplicaci\u00f3n, ni garantiza que la Aplicaci\u00f3n satisfaga las necesidades de los Usuarios o que no sufra interrupciones o errores o que est\u00e9 libre de virus o errores.<\/p>\n<p>El Propietario se esforzar\u00e1 por garantizar que la Aplicaci\u00f3n est\u00e9 disponible las 24 horas del d\u00eda sin interrupci\u00f3n, pero en ning\u00fan caso ser\u00e1 responsable si, por cualquier motivo, la Aplicaci\u00f3n no es accesible y\/o no est\u00e1 operativa en cualquier momento o durante cualquier periodo. El acceso a la Aplicaci\u00f3n podr\u00e1 suspenderse temporalmente y sin previo aviso en caso de fallo del sistema<br \/>\n, mantenimiento, reparaciones o por razones totalmente ajenas al control del Propietario o por acontecimientos de fuerza mayor. <\/p>\n<p><strong>7. Limitaci\u00f3n de responsabilidad<\/strong><\/p>\n<p>El Titular no ser\u00e1 responsable ante el Usuario, salvo en caso de dolo o negligencia grave, de los disfuncionamientos o fallos relacionados con el uso de Internet ajenos a su voluntad o a la de sus proveedores.<\/p>\n<p>El Titular tampoco ser\u00e1 responsable de los da\u00f1os, perjuicios y gastos en que incurra el Usuario como consecuencia del incumplimiento del contrato por causas que no le sean imputables.<\/p>\n<p>El Titular no asume ninguna responsabilidad por el uso fraudulento e il\u00edcito que puedan hacer terceros de las tarjetas de cr\u00e9dito y otros medios de pago<\/p>\n<p>El Titular no ser\u00e1 responsable de:<\/p>\n<p>\u25cf cualquier p\u00e9rdida de oportunidad comercial y cualquier otra p\u00e9rdida, incluso indirecta, que pueda sufrir el Usuario que no sea consecuencia directa del incumplimiento del contrato por parte del Responsable del tratamiento<\/p>\n<p>uso incorrecto o inapropiado de la Aplicaci\u00f3n por parte de Usuarios o terceros<\/p>\n<p>En ning\u00fan caso el Titular ser\u00e1 responsable de m\u00e1s del doble del importe pagado por el Usuario.<\/p>\n<p><strong>8. 8. Fuerza mayor<\/strong><\/p>\n<p>El Interventor no ser\u00e1 responsable del incumplimiento o retraso en el cumplimiento de sus obligaciones debido a circunstancias ajenas al control razonable del Interventor por causas de fuerza mayor o, en todo caso, por acontecimientos imprevistos e imprevisibles y, en todo caso, ajenos a su control.<\/p>\n<p>El cumplimiento de las obligaciones por parte del Titular se considerar\u00e1 suspendido durante el periodo en que se produzcan acontecimientos de fuerza mayor.<\/p>\n<p>El Responsable del Tratamiento har\u00e1 todo lo que est\u00e9 en su mano para encontrar soluciones que permitan el correcto cumplimiento de sus obligaciones a pesar de la persistencia de acontecimientos de fuerza mayor.<\/p>\n<p><strong>9. Enlaces a sitios de terceros<\/strong><\/p>\n<p>La Aplicaci\u00f3n puede contener enlaces a sitios\/aplicaciones de terceros. El Propietario no ejerce ning\u00fan control sobre ellos y, por lo tanto, no es responsable en modo alguno del contenido de estos sitios\/aplicaciones. <\/p>\n<p>Algunos de estos enlaces pueden remitir a sitios\/aplicaciones de terceros que prestan servicios a trav\u00e9s de la Aplicaci\u00f3n. En estos casos, las condiciones generales de uso del sitio\/aplicaci\u00f3n y de uso del servicio prestado por los terceros se aplicar\u00e1n a los servicios individuales, con respecto a los cuales el Propietario no acepta ninguna responsabilidad. <\/p>\n<p><strong>10. Privacidad<\/strong><\/p>\n<p>Los datos personales se proteger\u00e1n y tratar\u00e1n de acuerdo con la Pol\u00edtica de Privacidad, que puede consultarse en <strong>https:\/\/fondazionebarbavarley.org\/privacy-policy\/.<br \/>\n<\/strong><\/p>\n<p><strong>11. Ley aplicable y jurisdicci\u00f3n<\/strong><\/p>\n<p>Las Condiciones est\u00e1n sujetas a la legislaci\u00f3n italiana.<\/p>\n<p>Para los usuarios no consumidores, cualquier litigio relativo a la aplicaci\u00f3n, ejecuci\u00f3n e interpretaci\u00f3n de las presentes Condiciones ser\u00e1 resuelto por los tribunales del lugar donde est\u00e9 establecido el Titular.<\/p>\n<p>Para los Usuarios Consumidores, cualquier controversia relativa a la aplicaci\u00f3n, ejecuci\u00f3n e interpretaci\u00f3n de las presentes Condiciones se remitir\u00e1 al tribunal del lugar donde el Usuario Consumidor resida o haya elegido domicilio, si est\u00e1 situado en el territorio del Estado italiano, sin perjuicio del derecho del Usuario Consumidor a presentar una demanda ante un juez distinto del \u00abtribunal de consumo\u00bb en virtud del art\u00edculo 66 bis del C\u00f3digo de Consumo, con competencia territorial seg\u00fan uno de los criterios establecidos en los art\u00edculos 18, 19 y 20 del C\u00f3digo de Procedimiento Civil italiano.<\/p>\n<p>Todo ello sin perjuicio de la aplicaci\u00f3n a los Consumidores-Usuarios que no tengan su residencia habitual en Italia de cualesquiera disposiciones m\u00e1s favorables y obligatorias previstas por la legislaci\u00f3n del pa\u00eds en el que tengan su residencia habitual, en particular en relaci\u00f3n con el plazo para el ejercicio del derecho de desistimiento, el plazo para la devoluci\u00f3n de los Productos, en caso de ejercicio de este derecho, las modalidades y formalidades de comunicaci\u00f3n del mismo y la garant\u00eda legal de conformidad.<\/p>\n<p><strong>12. Resoluci\u00f3n de litigios en l\u00ednea para usuarios consumidores<\/strong><\/p>\n<p>El Usuario Consumidor residente en Europa debe saber que la Comisi\u00f3n Europea ha creado una plataforma en l\u00ednea que ofrece una herramienta de resoluci\u00f3n alternativa de litigios. Esta herramienta puede ser utilizada por el Usuario Consumidor para resolver extrajudicialmente cualquier litigio relativo y\/o derivado de contratos de compraventa de bienes y prestaci\u00f3n de servicios celebrados en l\u00ednea. En consecuencia, el Usuario Consumidor podr\u00e1 utilizar esta plataforma para resolver cualquier litigio derivado del contrato celebrado en l\u00ednea. La plataforma est\u00e1 disponible en la siguiente direcci\u00f3n: <strong>ec.europa.eu\/consumers\/odr\/<\/strong>   <\/p>\n<p>&nbsp;<\/p>\n<p>\u00daltima actualizaci\u00f3n: 28\/07\/2026<\/p>\n","protected":false},"excerpt":{"rendered":"<p>Condiciones de uso El presente documento establece las condiciones generales en base a las cuales se ofrece a los usuarios la utilizaci\u00f3n del sitio web www.fondazionebarbavarley.org que ofrece servicios culturales [&hellip;]<\/p>\n","protected":false},"author":5,"featured_media":0,"parent":0,"menu_order":0,"comment_status":"closed","ping_status":"closed","template":"","meta":{"_acf_changed":false,"footnotes":""},"class_list":["post-25213","page","type-page","status-publish","hentry","entry"],"acf":[],"yoast_head":"<!-- This site is optimized with the Yoast SEO plugin v27.4 - https:\/\/yoast.com\/product\/yoast-seo-wordpress\/ -->\n<title>Condiciones de uso | Fondazione Barba Varley - ETS<\/title>\n<meta name=\"robots\" content=\"index, follow, max-snippet:-1, max-image-preview:large, max-video-preview:-1\" \/>\n<link rel=\"canonical\" href=\"https:\/\/fondazionebarbavarley.org\/es\/condiciones-de-uso\/\" \/>\n<meta property=\"og:locale\" content=\"es_ES\" \/>\n<meta property=\"og:type\" content=\"article\" \/>\n<meta property=\"og:title\" content=\"Condiciones de uso | Fondazione Barba Varley - ETS\" \/>\n<meta property=\"og:description\" content=\"Condiciones de uso El presente documento establece las condiciones generales en base a las cuales se ofrece a los usuarios la utilizaci\u00f3n del sitio web www.fondazionebarbavarley.org que ofrece servicios culturales [&hellip;]\" \/>\n<meta property=\"og:url\" content=\"https:\/\/fondazionebarbavarley.org\/es\/condiciones-de-uso\/\" \/>\n<meta property=\"og:site_name\" content=\"Fondazione Barba Varley - ETS\" \/>\n<meta property=\"article:publisher\" content=\"https:\/\/www.facebook.com\/FondazioneBarbaVarley\" \/>\n<meta property=\"og:image\" content=\"https:\/\/fondazionebarbavarley.org\/wp-content\/uploads\/2025\/09\/fbv-sito.jpg\" \/>\n\t<meta property=\"og:image:width\" content=\"1200\" \/>\n\t<meta property=\"og:image:height\" content=\"581\" \/>\n\t<meta property=\"og:image:type\" content=\"image\/jpeg\" \/>\n<meta name=\"twitter:card\" content=\"summary_large_image\" \/>\n<!-- \/ Yoast SEO plugin. -->","yoast_head_json":{"title":"Condiciones de uso | Fondazione Barba Varley - ETS","robots":{"index":"index","follow":"follow","max-snippet":"max-snippet:-1","max-image-preview":"max-image-preview:large","max-video-preview":"max-video-preview:-1"},"canonical":"https:\/\/fondazionebarbavarley.org\/es\/condiciones-de-uso\/","og_locale":"es_ES","og_type":"article","og_title":"Condiciones de uso | Fondazione Barba Varley - ETS","og_description":"Condiciones de uso El presente documento establece las condiciones generales en base a las cuales se ofrece a los usuarios la utilizaci\u00f3n del sitio web www.fondazionebarbavarley.org que ofrece servicios culturales [&hellip;]","og_url":"https:\/\/fondazionebarbavarley.org\/es\/condiciones-de-uso\/","og_site_name":"Fondazione Barba Varley - ETS","article_publisher":"https:\/\/www.facebook.com\/FondazioneBarbaVarley","og_image":[{"width":1200,"height":581,"url":"https:\/\/fondazionebarbavarley.org\/wp-content\/uploads\/2025\/09\/fbv-sito.jpg","type":"image\/jpeg"}],"twitter_card":"summary_large_image","schema":{"@context":"https:\/\/schema.org","@graph":[{"@type":"WebPage","@id":"https:\/\/fondazionebarbavarley.org\/es\/condiciones-de-uso\/","url":"https:\/\/fondazionebarbavarley.org\/es\/condiciones-de-uso\/","name":"Condiciones de uso | Fondazione Barba Varley - ETS","isPartOf":{"@id":"https:\/\/fondazionebarbavarley.org\/es\/#website"},"datePublished":"2025-06-21T18:30:23+00:00","breadcrumb":{"@id":"https:\/\/fondazionebarbavarley.org\/es\/condiciones-de-uso\/#breadcrumb"},"inLanguage":"es","potentialAction":[{"@type":"ReadAction","target":["https:\/\/fondazionebarbavarley.org\/es\/condiciones-de-uso\/"]}]},{"@type":"BreadcrumbList","@id":"https:\/\/fondazionebarbavarley.org\/es\/condiciones-de-uso\/#breadcrumb","itemListElement":[{"@type":"ListItem","position":1,"name":"Home"},{"@type":"ListItem","position":2,"name":"Condiciones de uso"}]},{"@type":"WebSite","@id":"https:\/\/fondazionebarbavarley.org\/es\/#website","url":"https:\/\/fondazionebarbavarley.org\/es\/","name":"Fondazione Barba Varley - ETS","description":"","publisher":{"@id":"https:\/\/fondazionebarbavarley.org\/es\/#organization"},"potentialAction":[{"@type":"SearchAction","target":{"@type":"EntryPoint","urlTemplate":"https:\/\/fondazionebarbavarley.org\/es\/?s={search_term_string}"},"query-input":{"@type":"PropertyValueSpecification","valueRequired":true,"valueName":"search_term_string"}}],"inLanguage":"es"},{"@type":"Organization","@id":"https:\/\/fondazionebarbavarley.org\/es\/#organization","name":"Fondazione Barba Varley - ETS","url":"https:\/\/fondazionebarbavarley.org\/es\/","logo":{"@type":"ImageObject","inLanguage":"es","@id":"https:\/\/fondazionebarbavarley.org\/es\/#\/schema\/logo\/image\/","url":"https:\/\/fondazionebarbavarley.org\/wp-content\/uploads\/2025\/06\/logo_bv-e1612267139930.png","contentUrl":"https:\/\/fondazionebarbavarley.org\/wp-content\/uploads\/2025\/06\/logo_bv-e1612267139930.png","width":300,"height":290,"caption":"Fondazione Barba Varley - ETS"},"image":{"@id":"https:\/\/fondazionebarbavarley.org\/es\/#\/schema\/logo\/image\/"},"sameAs":["https:\/\/www.facebook.com\/FondazioneBarbaVarley","https:\/\/www.youtube.com\/c\/FondazioneBarbaVarley"]}]}},"_links":{"self":[{"href":"https:\/\/fondazionebarbavarley.org\/es\/wp-json\/wp\/v2\/pages\/25213","targetHints":{"allow":["GET"]}}],"collection":[{"href":"https:\/\/fondazionebarbavarley.org\/es\/wp-json\/wp\/v2\/pages"}],"about":[{"href":"https:\/\/fondazionebarbavarley.org\/es\/wp-json\/wp\/v2\/types\/page"}],"author":[{"embeddable":true,"href":"https:\/\/fondazionebarbavarley.org\/es\/wp-json\/wp\/v2\/users\/5"}],"replies":[{"embeddable":true,"href":"https:\/\/fondazionebarbavarley.org\/es\/wp-json\/wp\/v2\/comments?post=25213"}],"version-history":[{"count":0,"href":"https:\/\/fondazionebarbavarley.org\/es\/wp-json\/wp\/v2\/pages\/25213\/revisions"}],"wp:attachment":[{"href":"https:\/\/fondazionebarbavarley.org\/es\/wp-json\/wp\/v2\/media?parent=25213"}],"curies":[{"name":"wp","href":"https:\/\/api.w.org\/{rel}","templated":true}]}}