{"id":25221,"date":"2025-06-21T20:30:02","date_gmt":"2025-06-21T18:30:02","guid":{"rendered":"https:\/\/fondazionebarbavarley.org\/politica-de-privacidad\/"},"modified":"2025-06-21T20:30:02","modified_gmt":"2025-06-21T18:30:02","slug":"politica-de-privacidad","status":"publish","type":"page","link":"https:\/\/fondazionebarbavarley.org\/es\/politica-de-privacidad\/","title":{"rendered":"Pol\u00edtica de privacidad"},"content":{"rendered":"<h2>Pol\u00edtica de privacidad<\/h2>\n<p>&nbsp;<\/p>\n<p>El objetivo del presente documento (en adelante, \u00abPol\u00edtica de privacidad\u00bb) es informar a los usuarios sobre los datos personales, entendidos como cualquier informaci\u00f3n que permita identificar a una persona f\u00edsica (en adelante, \u00abDatos personales\u00bb), recopilados por el sitio web <strong> www.fondazionebarbavarley.org<\/strong> (en adelante, \u00abAplicaci\u00f3n\u00bb).<\/p>\n<p>El Titular del Tratamiento, tal y como se identifica a continuaci\u00f3n, podr\u00e1 modificar o simplemente actualizar, total o parcialmente, la presente Pol\u00edtica informando de ello a los Usuarios. Las modificaciones y actualizaciones ser\u00e1n vinculantes tan pronto como se publiquen en la Aplicaci\u00f3n. Por lo tanto, se invita al Usuario a leer la Pol\u00edtica de Privacidad cada vez que acceda a la Aplicaci\u00f3n.  <\/p>\n<p>En caso de no aceptar las modificaciones realizadas en la Pol\u00edtica de privacidad, el Usuario deber\u00e1 dejar de utilizar esta Aplicaci\u00f3n y podr\u00e1 solicitar al Responsable del tratamiento que elimine sus Datos personales.<\/p>\n<p><strong>1. Datos personales recopilados por la aplicaci\u00f3n<\/strong><\/p>\n<p>El Titular recopila los siguientes tipos de Datos Personales:<\/p>\n<p>A. <strong>Contenidos e informaci\u00f3n proporcionados voluntariamente por el usuario<\/strong><\/p>\n<p>\u25cf <strong>Datos de contacto y contenidos<\/strong>: son aquellos Datos Personales que el Usuario proporciona voluntariamente a la Aplicaci\u00f3n durante su uso, tales como datos personales, direcciones, credenciales de acceso a los servicios y\/o productos proporcionados, intereses y preferencias personales y otros contenidos personales, etc..<\/p>\n<p>El hecho de que el Usuario no facilite los Datos Personales, para los que existe una obligaci\u00f3n legal o contractual, o que constituyan un requisito necesario para el uso del servicio o para la celebraci\u00f3n del contrato, implicar\u00e1 la imposibilidad por parte del Titular de prestar sus servicios, total o parcialmente.<\/p>\n<p>El usuario que comunique al Titular datos personales de terceros es responsable directo y exclusivo de su procedencia, recogida, tratamiento, comunicaci\u00f3n o difusi\u00f3n.<\/p>\n<p>B. <strong>Datos y contenidos adquiridos autom\u00e1ticamente durante el uso de la aplicaci\u00f3n:<\/strong><\/p>\n<p>\u25cf <strong>Datos t\u00e9cnicos<\/strong>: los sistemas inform\u00e1ticos y los procedimientos de software utilizados para el funcionamiento de esta Aplicaci\u00f3n pueden adquirir, durante su funcionamiento normal, algunos Datos Personales cuya transmisi\u00f3n est\u00e1 impl\u00edcita en el uso de los protocolos de comunicaci\u00f3n de Internet. Se trata de informaci\u00f3n que no se recopila para asociarla a usuarios identificados, pero que, por su propia naturaleza, podr\u00eda, mediante su procesamiento y asociaci\u00f3n con datos en poder de terceros, permitir la identificaci\u00f3n de los usuarios. En esta categor\u00eda se incluyen las direcciones IP o los nombres de dominio utilizados por los usuarios que se conectan a la aplicaci\u00f3n, las direcciones URI (Uniform Resource Identifier) de los recursos solicitados, la hora de la solicitud, el m\u00e9todo utilizado para enviar la solicitud al servidor, el tama\u00f1o del archivo obtenido, etc.  <\/p>\n<p>\u25cf <strong>Datos de uso<\/strong>: tambi\u00e9n se pueden recopilar datos personales relacionados con el uso de la aplicaci\u00f3n por parte del usuario, como las p\u00e1ginas visitadas, las acciones realizadas, las funciones y los servicios utilizados.<\/p>\n<p>C. <strong>Datos personales recopilados mediante cookies o tecnolog\u00edas similares:<\/strong><\/p>\n<p>La aplicaci\u00f3n utiliza cookies, balizas web, identificadores \u00fanicos y otras tecnolog\u00edas similares para recopilar datos personales sobre las p\u00e1ginas, los enlaces visitados y otras acciones que se realizan al utilizar nuestros servicios. Estos datos se almacenan para ser retransmitidos en la siguiente visita del mismo usuario. <\/p>\n<p>El usuario puede consultar la Pol\u00edtica de cookies completa en la siguiente direcci\u00f3n: <strong>https:\/\/fondazionebarbavarley.org\/cookiepolicy\/<\/strong><\/p>\n<p><strong>2. Finalidad<\/strong><\/p>\n<p>Los datos personales recopilados pueden utilizarse para el cumplimiento de obligaciones contractuales y precontractuales y para obligaciones legales, as\u00ed como para los siguientes fines:<\/p>\n<p>\u25cf <strong>Asistencia y contacto con el usuario<\/strong>: para responder a las solicitudes del usuario y ayudarle en caso de problemas.<br \/>\n\u25cf <strong>Comunicaci\u00f3n a trav\u00e9s del chat en vivo<\/strong>: para permitir al usuario interactuar con un chat en vivo en la aplicaci\u00f3n.<br \/>\n\u25cf <strong>Comentarios y opiniones<\/strong>:para permitir al usuario enviar rese\u00f1as o comentarios.<br \/>\n\u25cf <strong>Gesti\u00f3n externa de pagos mediante tarjeta de cr\u00e9dito, transferencia bancaria u otros instrumentos<\/strong>:para gestionar los pagos de los Usuarios a trav\u00e9s de plataformas externas que adquieren los datos de pago sin que el titular de la Aplicaci\u00f3n tenga acceso a ellos.<br \/>\n\u25cf <strong>Gesti\u00f3n interna de pagos mediante tarjeta de cr\u00e9dito, transferencia bancaria u otros instrumentos<\/strong>: para gestionar los pagos adquiriendo los datos de pago directamente del Usuario.<br \/>\n\u25cf <strong>Supervisi\u00f3n t\u00e9cnica de la infraestructura para el mantenimiento, la resoluci\u00f3n de problemas y la mejora del rendimiento<\/strong>: para identificar y resolver posibles problemas t\u00e9cnicos y mejorar el rendimiento.<br \/>\n\u25cf <strong>Estad\u00edsticas solo con datos an\u00f3nimos<\/strong>: para realizar an\u00e1lisis estad\u00edsticos basados en datos agregados o que no permiten identificar al usuario.<br \/>\n\u25cf <strong>Supervisi\u00f3n, an\u00e1lisis y seguimiento del comportamiento del usuario<\/strong>: para supervisar y analizar c\u00f3mo se comporta el usuario en la aplicaci\u00f3n.<br \/>\n\u25cf <strong>Env\u00edo de correos electr\u00f3nicos o boletines informativos y gesti\u00f3n de listas de correo<\/strong>: para contactar con el Usuario mediante correos electr\u00f3nicos con informaci\u00f3n comercial y promocional relacionada con la Aplicaci\u00f3n.<br \/>\n\u25cf <strong>Publicidad dirigida y remarketing<\/strong>: para mostrar anuncios m\u00e1s relevantes para el usuario en funci\u00f3n de su comportamiento de navegaci\u00f3n y sus preferencias.<\/p>\n<p><strong>3. Modalidades de tratamiento<\/strong><\/p>\n<p>El tratamiento de los datos personales se lleva a cabo mediante herramientas inform\u00e1ticas y\/o telem\u00e1ticas, con m\u00e9todos organizativos y l\u00f3gicas estrictamente relacionados con los fines indicados.<\/p>\n<p>En algunos casos, tambi\u00e9n podr\u00e1n tener acceso a los Datos Personales las personas involucradas en la organizaci\u00f3n del Titular (como, por ejemplo, el personal encargado de la gesti\u00f3n de personal, el personal del \u00e1rea comercial, los administradores del sistema, etc.) o personas externas (como empresas inform\u00e1ticas, proveedores de servicios, servicios de mensajer\u00eda, proveedores de alojamiento web, etc.). Dichas personas podr\u00e1n ser nombradas, en caso necesario, encargadas del tratamiento por parte del Titular, as\u00ed como acceder a los Datos Personales de los Usuarios siempre que sea necesario, y estar\u00e1n obligadas contractualmente a mantener la confidencialidad de los Datos Personales. <\/p>\n<p>La lista actualizada de los responsables puede solicitarse por correo electr\u00f3nico a la direcci\u00f3n <strong>fondazionebarbavarley@gmail.com<\/strong><\/p>\n<p><strong>4. Base jur\u00eddica del tratamiento<\/strong><\/p>\n<p>El tratamiento de los Datos Personales relativos al Usuario se basa en los siguientes fundamentos jur\u00eddicos:<\/p>\n<p>\u25cf el consentimiento otorgado por el Usuario para uno o m\u00e1s fines espec\u00edficos;<br \/>\n\u25cf el tratamiento es necesario para la ejecuci\u00f3n de un contrato con el Usuario y\/o para la ejecuci\u00f3n de medidas precontractuales<br \/>\n\u25cf el tratamiento es necesario para cumplir una obligaci\u00f3n legal a la que est\u00e1 sujeto el Titular;<br \/>\n\u25cf el tratamiento es necesario para la ejecuci\u00f3n de una tarea de inter\u00e9s p\u00fablico o para el ejercicio de poderes p\u00fablicos conferidos al Titular;<br \/>\n\u25cf el tratamiento es necesario para la consecuci\u00f3n del inter\u00e9s leg\u00edtimo del Titular o de terceros;<br \/>\n\u25cf el tratamiento es necesario para la consecuci\u00f3n de un inter\u00e9s vital del Titular o de terceros.<\/p>\n<p>No obstante, siempre es posible solicitar al Titular que aclare la base jur\u00eddica de cada tratamiento en la direcci\u00f3n <strong>fondazionebarbavarley@gmail.com<\/strong><\/p>\n<p><strong>5. Lugar<\/strong><\/p>\n<p>Los datos personales se tratan en las sedes operativas del Responsable y en cualquier otro lugar en el que se encuentren las partes implicadas en el tratamiento. Para obtener m\u00e1s informaci\u00f3n, p\u00f3ngase en contacto con el Responsable en la siguiente direcci\u00f3n de correo electr\u00f3nico<strong>fondazionebarbavarley@gmail.com<\/strong> o en la siguiente direcci\u00f3n postal  <strong>Via Pian della Casa snc. Civitella San Paolo 00060 Roma <\/strong>.<\/p>\n<p><strong>6. Medidas de seguridad<\/strong><\/p>\n<p>El tratamiento se lleva a cabo seg\u00fan modalidades y con instrumentos adecuados para garantizar la seguridad y la confidencialidad de los datos personales, habiendo adoptado el responsable del tratamiento medidas t\u00e9cnicas y organizativas adecuadas que garantizan y permiten demostrar que el tratamiento se realiza de conformidad con la normativa de referencia.<\/p>\n<p><strong>7. Periodo de conservaci\u00f3n de los datos<\/strong><\/p>\n<p>Los datos personales se conservar\u00e1n durante el tiempo necesario para cumplir con los fines para los que fueron recopilados.<\/p>\n<p>En particular, los Datos Personales se conservar\u00e1n durante toda la vigencia de la relaci\u00f3n contractual, para el cumplimiento de las obligaciones inherentes y derivadas de la misma, para el cumplimiento de las obligaciones legales y reglamentarias aplicables, as\u00ed como para fines defensivos propios o de terceros.<\/p>\n<p>Si el tratamiento de los Datos Personales se basa en el consentimiento del Usuario, el Titular puede conservar los Datos Personales hasta que se revoque el consentimiento.<\/p>\n<p>Los datos personales pueden conservarse durante un per\u00edodo m\u00e1s largo si es necesario para cumplir con una obligaci\u00f3n legal o por orden de una autoridad.<\/p>\n<p>Todos los Datos Personales ser\u00e1n eliminados o conservados de forma que no permitan la identificaci\u00f3n del Usuario en un plazo de 30 d\u00edas a partir de la finalizaci\u00f3n del periodo de conservaci\u00f3n. Una vez transcurrido dicho plazo, ya no se podr\u00e1 ejercer el derecho de acceso, cancelaci\u00f3n, rectificaci\u00f3n y portabilidad de los Datos Personales. <\/p>\n<p><strong>8. Procesos de toma de decisiones automatizados<\/strong><\/p>\n<p>Todos los datos personales recopilados no ser\u00e1n objeto de ning\u00fan proceso de toma de decisiones automatizado, incluida la elaboraci\u00f3n de perfiles, que pueda producir efectos jur\u00eddicos para la persona o que pueda afectarla de manera significativa.<\/p>\n<p><strong>9. Derechos del usuario<\/strong><\/p>\n<p>Los Usuarios pueden ejercer determinados derechos en relaci\u00f3n con los Datos Personales tratados por el Titular. En particular, el Usuario tiene derecho a: <\/p>\n<p>\u25cf revocar el consentimiento en cualquier momento;<br \/>\n\u25cf oponerse al tratamiento de sus datos personales;<br \/>\n\u25cf acceder a sus datos personales;<br \/>\n\u25cf verificar y solicitar la rectificaci\u00f3n;<br \/>\n\u25cf obtener la limitaci\u00f3n del tratamiento;<br \/>\n\u25cf obtener la supresi\u00f3n de sus datos personales;<br \/>\n\u25cf recibir sus datos personales o transferirlos a otro responsable del tratamiento;<br \/>\n\u25cf presentar una reclamaci\u00f3n ante la autoridad de control de la protecci\u00f3n de datos personales y\/o emprender acciones legales.<\/p>\n<p>Para ejercer sus derechos, los usuarios pueden enviar una solicitud a los datos de contacto del Titular indicados en este documento o rellenando este formulario:<\/p>\n\t\t\t<div class=\"cmplz-datarequest cmplz-alert\">\n\t\t\t\t<span class=\"cmplz-close\">&times;<\/span>\n\t\t\t\t<span id=\"cmplz-message\"><\/span>\n\t\t\t<\/div>\n\t\t\t<form id=\"cmplz-datarequest-form\">\n\t\t\t\t<input type=\"hidden\" required value=\"eu\" name=\"cmplz_datarequest_region\" id=\"cmplz_datarequest_region\" >\n\n\t\t\t\t<label for=\"cmplz_datarequest_firstname\" class=\"cmplz-first-name\">Nombre\t\t\t\t\t<input type=\"search\" class=\"datarequest-firstname\" value=\"\" placeholder=\"your first name\" id=\"cmplz_datarequest_firstname\" name=\"cmplz_datarequest_firstname\" >\n\t\t\t\t<\/label>\n\t\t\t\t<div>\n\t\t\t\t\t<label for=\"cmplz_datarequest_name\">Nombre<\/label>\n\t\t\t\t\t<input type=\"text\" required value=\"\" placeholder=\"Tu nombre\" id=\"cmplz_datarequest_name\" name=\"cmplz_datarequest_name\">\n\t\t\t\t<\/div>\n\t\t\t\t<div>\n\t\t\t\t\t<label for=\"cmplz_datarequest_email\">Correo electr\u00f3nico<\/label>\n\t\t\t\t\t<input type=\"email\" required value=\"\" placeholder=\"email@email.com\" id=\"cmplz_datarequest_email\" name=\"cmplz_datarequest_email\">\n\t\t\t\t<\/div>\n\t\t\t\t\t\t\t\t\t\t<div class=\"cmplz_datarequest cmplz_datarequest_request_for_access\">\n\t\t\t\t\t\t\t<label for=\"cmplz_datarequest_request_for_access\">\n\t\t\t\t\t\t\t\t<input type=\"checkbox\" value=\"1\" name=\"cmplz_datarequest_request_for_access\" id=\"cmplz_datarequest_request_for_access\"\/>\n\t\t\t\t\t\t\t\tPresentar una solicitud de acceso a los datos que tratamos sobre usted.\t\t\t\t\t\t\t<\/label>\n\t\t\t\t\t\t<\/div>\n\t\t\t\t\t\t\t\t\t\t<div class=\"cmplz_datarequest cmplz_datarequest_right_to_be_forgotten\">\n\t\t\t\t\t\t\t<label for=\"cmplz_datarequest_right_to_be_forgotten\">\n\t\t\t\t\t\t\t\t<input type=\"checkbox\" value=\"1\" name=\"cmplz_datarequest_right_to_be_forgotten\" id=\"cmplz_datarequest_right_to_be_forgotten\"\/>\n\t\t\t\t\t\t\t\tPresentar una solicitud de supresi\u00f3n de los datos si ya no son pertinentes.\t\t\t\t\t\t\t<\/label>\n\t\t\t\t\t\t<\/div>\n\t\t\t\t\t\t\t\t\t\t<div class=\"cmplz_datarequest cmplz_datarequest_right_to_data_portability\">\n\t\t\t\t\t\t\t<label for=\"cmplz_datarequest_right_to_data_portability\">\n\t\t\t\t\t\t\t\t<input type=\"checkbox\" value=\"1\" name=\"cmplz_datarequest_right_to_data_portability\" id=\"cmplz_datarequest_right_to_data_portability\"\/>\n\t\t\t\t\t\t\t\tPresentar una solicitud para recibir un archivo de exportaci\u00f3n de los datos que tratamos sobre usted.\t\t\t\t\t\t\t<\/label>\n\t\t\t\t\t\t<\/div>\n\t\t\t\t\t\t\t\t<input type=\"button\" id=\"cmplz-datarequest-submit\"  value=\"Enviar\">\n\t\t\t<\/form>\n\n\t\t\t<style>\n\t\t\t\t\/* first-name is honeypot *\/\n\t\t\t\t.cmplz-first-name {\n\t\t\t\t\tposition: absolute !important;\n\t\t\t\t\tleft: -5000px !important;\n\t\t\t\t}\n\t\t\t<\/style>\n\t\t\t\n<p>Las solicitudes se realizan de forma gratuita y son tramitadas por el Titular en el menor tiempo posible, en cualquier caso en un plazo m\u00e1ximo de 30 d\u00edas.<\/p>\n<p><strong>10. Responsable del tratamiento<br \/><\/strong><\/p>\n<p>El responsable del tratamiento es la <strong>Fondazione Barba Varley<\/strong>, con domicilio social en <strong>Via Pian della Casa snc. Civitella San Paolo 00060 Roma <\/strong>, Codice Fiscale \/ Partita IVA <strong>96471730588<\/strong>, REA <strong>RM &#8211; 1628836<\/strong>, indirizzo e-mail <strong>fondazionebarbavarley@gmail.com<\/strong>, indirizzo PEC <strong>fondazionebarbavarley@emailcertificatapec.it<\/strong><\/p>\n<p>\u00daltima actualizaci\u00f3n: 14\/09\/2025<\/p>\n","protected":false},"excerpt":{"rendered":"<p>Pol\u00edtica de privacidad &nbsp; El objetivo del presente documento (en adelante, \u00abPol\u00edtica de privacidad\u00bb) es informar a los usuarios sobre los datos personales, entendidos como cualquier informaci\u00f3n que permita identificar [&hellip;]<\/p>\n","protected":false},"author":5,"featured_media":0,"parent":0,"menu_order":0,"comment_status":"closed","ping_status":"closed","template":"","meta":{"_acf_changed":false,"footnotes":""},"class_list":["post-25221","page","type-page","status-publish","hentry","entry"],"acf":[],"yoast_head":"<!-- This site is optimized with the Yoast SEO plugin v27.4 - https:\/\/yoast.com\/product\/yoast-seo-wordpress\/ -->\n<title>Pol\u00edtica de privacidad | Fondazione Barba Varley - ETS<\/title>\n<meta name=\"robots\" content=\"index, follow, max-snippet:-1, max-image-preview:large, max-video-preview:-1\" \/>\n<link rel=\"canonical\" href=\"https:\/\/fondazionebarbavarley.org\/es\/politica-de-privacidad\/\" \/>\n<meta property=\"og:locale\" content=\"es_ES\" \/>\n<meta property=\"og:type\" content=\"article\" \/>\n<meta property=\"og:title\" content=\"Pol\u00edtica de privacidad | Fondazione Barba Varley - ETS\" \/>\n<meta property=\"og:description\" content=\"Pol\u00edtica de privacidad &nbsp; El objetivo del presente documento (en adelante, \u00abPol\u00edtica de privacidad\u00bb) es informar a los usuarios sobre los datos personales, entendidos como cualquier informaci\u00f3n que permita identificar [&hellip;]\" \/>\n<meta property=\"og:url\" content=\"https:\/\/fondazionebarbavarley.org\/es\/politica-de-privacidad\/\" \/>\n<meta property=\"og:site_name\" content=\"Fondazione Barba Varley - ETS\" \/>\n<meta property=\"article:publisher\" content=\"https:\/\/www.facebook.com\/FondazioneBarbaVarley\" \/>\n<meta property=\"og:image\" content=\"https:\/\/fondazionebarbavarley.org\/wp-content\/uploads\/2025\/09\/fbv-sito.jpg\" \/>\n\t<meta property=\"og:image:width\" content=\"1200\" \/>\n\t<meta property=\"og:image:height\" content=\"581\" \/>\n\t<meta property=\"og:image:type\" content=\"image\/jpeg\" \/>\n<meta name=\"twitter:card\" content=\"summary_large_image\" \/>\n<!-- \/ Yoast SEO plugin. -->","yoast_head_json":{"title":"Pol\u00edtica de privacidad | Fondazione Barba Varley - ETS","robots":{"index":"index","follow":"follow","max-snippet":"max-snippet:-1","max-image-preview":"max-image-preview:large","max-video-preview":"max-video-preview:-1"},"canonical":"https:\/\/fondazionebarbavarley.org\/es\/politica-de-privacidad\/","og_locale":"es_ES","og_type":"article","og_title":"Pol\u00edtica de privacidad | Fondazione Barba Varley - ETS","og_description":"Pol\u00edtica de privacidad &nbsp; El objetivo del presente documento (en adelante, \u00abPol\u00edtica de privacidad\u00bb) es informar a los usuarios sobre los datos personales, entendidos como cualquier informaci\u00f3n que permita identificar [&hellip;]","og_url":"https:\/\/fondazionebarbavarley.org\/es\/politica-de-privacidad\/","og_site_name":"Fondazione Barba Varley - ETS","article_publisher":"https:\/\/www.facebook.com\/FondazioneBarbaVarley","og_image":[{"width":1200,"height":581,"url":"https:\/\/fondazionebarbavarley.org\/wp-content\/uploads\/2025\/09\/fbv-sito.jpg","type":"image\/jpeg"}],"twitter_card":"summary_large_image","schema":{"@context":"https:\/\/schema.org","@graph":[{"@type":"WebPage","@id":"https:\/\/fondazionebarbavarley.org\/es\/politica-de-privacidad\/","url":"https:\/\/fondazionebarbavarley.org\/es\/politica-de-privacidad\/","name":"Pol\u00edtica de privacidad | Fondazione Barba Varley - ETS","isPartOf":{"@id":"https:\/\/fondazionebarbavarley.org\/es\/#website"},"datePublished":"2025-06-21T18:30:02+00:00","breadcrumb":{"@id":"https:\/\/fondazionebarbavarley.org\/es\/politica-de-privacidad\/#breadcrumb"},"inLanguage":"es","potentialAction":[{"@type":"ReadAction","target":["https:\/\/fondazionebarbavarley.org\/es\/politica-de-privacidad\/"]}]},{"@type":"BreadcrumbList","@id":"https:\/\/fondazionebarbavarley.org\/es\/politica-de-privacidad\/#breadcrumb","itemListElement":[{"@type":"ListItem","position":1,"name":"Home"},{"@type":"ListItem","position":2,"name":"Pol\u00edtica de privacidad"}]},{"@type":"WebSite","@id":"https:\/\/fondazionebarbavarley.org\/es\/#website","url":"https:\/\/fondazionebarbavarley.org\/es\/","name":"Fondazione Barba Varley - ETS","description":"","publisher":{"@id":"https:\/\/fondazionebarbavarley.org\/es\/#organization"},"potentialAction":[{"@type":"SearchAction","target":{"@type":"EntryPoint","urlTemplate":"https:\/\/fondazionebarbavarley.org\/es\/?s={search_term_string}"},"query-input":{"@type":"PropertyValueSpecification","valueRequired":true,"valueName":"search_term_string"}}],"inLanguage":"es"},{"@type":"Organization","@id":"https:\/\/fondazionebarbavarley.org\/es\/#organization","name":"Fondazione Barba Varley - ETS","url":"https:\/\/fondazionebarbavarley.org\/es\/","logo":{"@type":"ImageObject","inLanguage":"es","@id":"https:\/\/fondazionebarbavarley.org\/es\/#\/schema\/logo\/image\/","url":"https:\/\/fondazionebarbavarley.org\/wp-content\/uploads\/2025\/06\/logo_bv-e1612267139930.png","contentUrl":"https:\/\/fondazionebarbavarley.org\/wp-content\/uploads\/2025\/06\/logo_bv-e1612267139930.png","width":300,"height":290,"caption":"Fondazione Barba Varley - ETS"},"image":{"@id":"https:\/\/fondazionebarbavarley.org\/es\/#\/schema\/logo\/image\/"},"sameAs":["https:\/\/www.facebook.com\/FondazioneBarbaVarley","https:\/\/www.youtube.com\/c\/FondazioneBarbaVarley"]}]}},"_links":{"self":[{"href":"https:\/\/fondazionebarbavarley.org\/es\/wp-json\/wp\/v2\/pages\/25221","targetHints":{"allow":["GET"]}}],"collection":[{"href":"https:\/\/fondazionebarbavarley.org\/es\/wp-json\/wp\/v2\/pages"}],"about":[{"href":"https:\/\/fondazionebarbavarley.org\/es\/wp-json\/wp\/v2\/types\/page"}],"author":[{"embeddable":true,"href":"https:\/\/fondazionebarbavarley.org\/es\/wp-json\/wp\/v2\/users\/5"}],"replies":[{"embeddable":true,"href":"https:\/\/fondazionebarbavarley.org\/es\/wp-json\/wp\/v2\/comments?post=25221"}],"version-history":[{"count":0,"href":"https:\/\/fondazionebarbavarley.org\/es\/wp-json\/wp\/v2\/pages\/25221\/revisions"}],"wp:attachment":[{"href":"https:\/\/fondazionebarbavarley.org\/es\/wp-json\/wp\/v2\/media?parent=25221"}],"curies":[{"name":"wp","href":"https:\/\/api.w.org\/{rel}","templated":true}]}}