{"id":25478,"date":"2025-11-29T19:31:48","date_gmt":"2025-11-29T18:31:48","guid":{"rendered":"https:\/\/fondazionebarbavarley.org\/premio-barba-varley-2025\/"},"modified":"2025-12-31T20:43:10","modified_gmt":"2025-12-31T19:43:10","slug":"premio-barba-varley-2025","status":"publish","type":"page","link":"https:\/\/fondazionebarbavarley.org\/es\/premio-barba-varley-2025\/","title":{"rendered":"2025"},"content":{"rendered":"\t\t<div data-elementor-type=\"wp-page\" data-elementor-id=\"25478\" class=\"elementor elementor-25478 elementor-25464\" data-elementor-post-type=\"page\">\n\t\t\t\t\t\t<section class=\"elementor-section elementor-top-section elementor-element elementor-element-2da28947 elementor-section-full_width elementor-section-height-default elementor-section-height-default\" data-id=\"2da28947\" data-element_type=\"section\" data-e-type=\"section\">\n\t\t\t\t\t\t<div class=\"elementor-container elementor-column-gap-no\">\n\t\t\t\t\t<div class=\"elementor-column elementor-col-100 elementor-top-column elementor-element elementor-element-496bf896\" data-id=\"496bf896\" data-element_type=\"column\" data-e-type=\"column\">\n\t\t\t<div class=\"elementor-widget-wrap elementor-element-populated\">\n\t\t\t\t\t\t<div class=\"elementor-element elementor-element-2166e481 elementor-widget__width-inherit elementor-widget elementor-widget-image\" data-id=\"2166e481\" data-element_type=\"widget\" data-e-type=\"widget\" data-widget_type=\"image.default\">\n\t\t\t\t<div class=\"elementor-widget-container\">\n\t\t\t\t\t\t\t\t\t\t\t\t\t\t\t<img fetchpriority=\"high\" decoding=\"async\" width=\"1600\" height=\"468\" src=\"https:\/\/fondazionebarbavarley.org\/wp-content\/uploads\/2025\/07\/fondazione-barba-varley-header.jpg\" class=\"attachment-full size-full wp-image-24490\" alt=\"fondazione barba varley\" srcset=\"https:\/\/fondazionebarbavarley.org\/wp-content\/uploads\/2025\/07\/fondazione-barba-varley-header.jpg 1600w, https:\/\/fondazionebarbavarley.org\/wp-content\/uploads\/2025\/07\/fondazione-barba-varley-header-300x88.jpg 300w, https:\/\/fondazionebarbavarley.org\/wp-content\/uploads\/2025\/07\/fondazione-barba-varley-header-1024x300.jpg 1024w, https:\/\/fondazionebarbavarley.org\/wp-content\/uploads\/2025\/07\/fondazione-barba-varley-header-768x225.jpg 768w, https:\/\/fondazionebarbavarley.org\/wp-content\/uploads\/2025\/07\/fondazione-barba-varley-header-1536x449.jpg 1536w, https:\/\/fondazionebarbavarley.org\/wp-content\/uploads\/2025\/07\/fondazione-barba-varley-header-1568x459.jpg 1568w, https:\/\/fondazionebarbavarley.org\/wp-content\/uploads\/2025\/07\/fondazione-barba-varley-header-1320x386.jpg 1320w, https:\/\/fondazionebarbavarley.org\/wp-content\/uploads\/2025\/07\/fondazione-barba-varley-header-600x176.jpg 600w\" sizes=\"(max-width: 1600px) 100vw, 1600px\" \/>\t\t\t\t\t\t\t\t\t\t\t\t\t\t\t<\/div>\n\t\t\t\t<\/div>\n\t\t\t\t\t<\/div>\n\t\t<\/div>\n\t\t\t\t\t<\/div>\n\t\t<\/section>\n\t\t\t\t<section class=\"elementor-section elementor-top-section elementor-element elementor-element-696ec6c7 elementor-section-boxed elementor-section-height-default elementor-section-height-default\" data-id=\"696ec6c7\" data-element_type=\"section\" data-e-type=\"section\">\n\t\t\t\t\t\t<div class=\"elementor-container elementor-column-gap-default\">\n\t\t\t\t\t<div class=\"elementor-column elementor-col-100 elementor-top-column elementor-element elementor-element-13579a16\" data-id=\"13579a16\" data-element_type=\"column\" data-e-type=\"column\">\n\t\t\t<div class=\"elementor-widget-wrap elementor-element-populated\">\n\t\t\t\t\t\t<div class=\"elementor-element elementor-element-365a601e elementor-widget elementor-widget-heading\" data-id=\"365a601e\" data-element_type=\"widget\" data-e-type=\"widget\" data-widget_type=\"heading.default\">\n\t\t\t\t<div class=\"elementor-widget-container\">\n\t\t\t\t\t<h1 class=\"elementor-heading-title elementor-size-default\">Premio Barba Varley 2025 <\/h1>\t\t\t\t<\/div>\n\t\t\t\t<\/div>\n\t\t\t\t\t<\/div>\n\t\t<\/div>\n\t\t\t\t\t<\/div>\n\t\t<\/section>\n\t\t\t\t<section class=\"elementor-section elementor-top-section elementor-element elementor-element-373eb7ee elementor-section-boxed elementor-section-height-default elementor-section-height-default\" data-id=\"373eb7ee\" data-element_type=\"section\" data-e-type=\"section\">\n\t\t\t\t\t\t<div class=\"elementor-container elementor-column-gap-default\">\n\t\t\t\t\t<div class=\"elementor-column elementor-col-50 elementor-top-column elementor-element elementor-element-1a94575a\" data-id=\"1a94575a\" data-element_type=\"column\" data-e-type=\"column\">\n\t\t\t<div class=\"elementor-widget-wrap elementor-element-populated\">\n\t\t\t\t\t\t<div class=\"elementor-element elementor-element-49dc6367 elementor-widget elementor-widget-text-editor\" data-id=\"49dc6367\" data-element_type=\"widget\" data-e-type=\"widget\" data-widget_type=\"text-editor.default\">\n\t\t\t\t<div class=\"elementor-widget-container\">\n\t\t\t\t\t\t\t\t\t<p>El Premio Barba Varley 2025 se otorg\u00f3 a:<\/p><p>El director argentino Gabriel Dombek por su documentaci\u00f3n f\u00edlmica sobre las condiciones de los menores y las prisiones en M\u00e9xico.<\/p><p>A la Asociaci\u00f3n MAST &#8211; Officina delle Arti, por su labor en favor de los menores en el IPM Casal del Marmo.<\/p><p>La ceremonia de premiaci\u00f3n estuvo dedicada a Cosimo Rega, quien decidi\u00f3 iniciar su carrera actoral fuera de la prisi\u00f3n donde estuvo encarcelado.<\/p>\t\t\t\t\t\t\t\t<\/div>\n\t\t\t\t<\/div>\n\t\t\t\t\t<\/div>\n\t\t<\/div>\n\t\t\t\t<div class=\"elementor-column elementor-col-50 elementor-top-column elementor-element elementor-element-24bc18c1\" data-id=\"24bc18c1\" data-element_type=\"column\" data-e-type=\"column\">\n\t\t\t<div class=\"elementor-widget-wrap elementor-element-populated\">\n\t\t\t\t\t\t<div class=\"elementor-element elementor-element-93279ae elementor-widget elementor-widget-image\" data-id=\"93279ae\" data-element_type=\"widget\" data-e-type=\"widget\" data-widget_type=\"image.default\">\n\t\t\t\t<div class=\"elementor-widget-container\">\n\t\t\t\t\t\t\t\t\t\t\t\t\t\t\t<img decoding=\"async\" width=\"700\" height=\"467\" src=\"https:\/\/fondazionebarbavarley.org\/wp-content\/uploads\/2025\/11\/premio-barba-varley-2025.jpg\" class=\"attachment-full size-full wp-image-25479\" alt=\"Premio Barba Varley 2025\" srcset=\"https:\/\/fondazionebarbavarley.org\/wp-content\/uploads\/2025\/11\/premio-barba-varley-2025.jpg 700w, https:\/\/fondazionebarbavarley.org\/wp-content\/uploads\/2025\/11\/premio-barba-varley-2025-300x200.jpg 300w\" sizes=\"(max-width: 700px) 100vw, 700px\" \/>\t\t\t\t\t\t\t\t\t\t\t\t\t\t\t<\/div>\n\t\t\t\t<\/div>\n\t\t\t\t\t<\/div>\n\t\t<\/div>\n\t\t\t\t\t<\/div>\n\t\t<\/section>\n\t\t\t\t<section class=\"elementor-section elementor-top-section elementor-element elementor-element-4449762 elementor-section-boxed elementor-section-height-default elementor-section-height-default\" data-id=\"4449762\" data-element_type=\"section\" data-e-type=\"section\">\n\t\t\t\t\t\t<div class=\"elementor-container elementor-column-gap-default\">\n\t\t\t\t\t<div class=\"elementor-column elementor-col-50 elementor-top-column elementor-element elementor-element-2ea2ff1\" data-id=\"2ea2ff1\" data-element_type=\"column\" data-e-type=\"column\">\n\t\t\t<div class=\"elementor-widget-wrap elementor-element-populated\">\n\t\t\t\t\t\t<div class=\"elementor-element elementor-element-a69962a elementor-widget elementor-widget-image\" data-id=\"a69962a\" data-element_type=\"widget\" data-e-type=\"widget\" data-widget_type=\"image.default\">\n\t\t\t\t<div class=\"elementor-widget-container\">\n\t\t\t\t\t\t\t\t\t\t\t\t\t\t\t<img decoding=\"async\" width=\"700\" height=\"467\" src=\"https:\/\/fondazionebarbavarley.org\/wp-content\/uploads\/2025\/12\/barba-varley.jpg\" class=\"attachment-full size-full wp-image-25548\" alt=\"\" srcset=\"https:\/\/fondazionebarbavarley.org\/wp-content\/uploads\/2025\/12\/barba-varley.jpg 700w, https:\/\/fondazionebarbavarley.org\/wp-content\/uploads\/2025\/12\/barba-varley-300x200.jpg 300w\" sizes=\"(max-width: 700px) 100vw, 700px\" \/>\t\t\t\t\t\t\t\t\t\t\t\t\t\t\t<\/div>\n\t\t\t\t<\/div>\n\t\t\t\t\t<\/div>\n\t\t<\/div>\n\t\t\t\t<div class=\"elementor-column elementor-col-50 elementor-top-column elementor-element elementor-element-6f7d94e\" data-id=\"6f7d94e\" data-element_type=\"column\" data-e-type=\"column\">\n\t\t\t<div class=\"elementor-widget-wrap elementor-element-populated\">\n\t\t\t\t\t\t<div class=\"elementor-element elementor-element-d801ac2 elementor-widget elementor-widget-heading\" data-id=\"d801ac2\" data-element_type=\"widget\" data-e-type=\"widget\" data-widget_type=\"heading.default\">\n\t\t\t\t<div class=\"elementor-widget-container\">\n\t\t\t\t\t<h2 class=\"elementor-heading-title elementor-size-default\">Gabriel Dombek<\/h2>\t\t\t\t<\/div>\n\t\t\t\t<\/div>\n\t\t\t\t<div class=\"elementor-element elementor-element-1888a8a elementor-widget elementor-widget-text-editor\" data-id=\"1888a8a\" data-element_type=\"widget\" data-e-type=\"widget\" data-widget_type=\"text-editor.default\">\n\t\t\t\t<div class=\"elementor-widget-container\">\n\t\t\t\t\t\t\t\t\t<p>Cineasta argentino comprometido con la defensa de los derechos humanos en M\u00e9xico.<\/p><p>Especializado en documentales sociales, ha dedicado su producci\u00f3n cinematogr\u00e1fica a visibilizar problem\u00e1ticas relacionadas con la prevenci\u00f3n del delito, el sistema penitenciario, los derechos humanos y la rehabilitaci\u00f3n, as\u00ed como a explorar la vulnerabilidad de los menores involucrados en el crimen organizado.<\/p><p>Entre sus obras se incluyen \u00abSer Nadie\u00bb, \u00abVisita Privada\u00bb, \u00abEl Estudio\u00bb, \u00abNuestras Ra\u00edces\u00bb y \u00abSue\u00f1o del Mar\u00bb, entre otras. Actualmente dirige la Divisi\u00f3n de Difusi\u00f3n Cultural del Instituto Mexicano para la Justicia A.C. (IMJUS). <\/p>\t\t\t\t\t\t\t\t<\/div>\n\t\t\t\t<\/div>\n\t\t\t\t\t<\/div>\n\t\t<\/div>\n\t\t\t\t\t<\/div>\n\t\t<\/section>\n\t\t\t\t<section class=\"elementor-section elementor-top-section elementor-element elementor-element-d822b2d elementor-section-boxed elementor-section-height-default elementor-section-height-default\" data-id=\"d822b2d\" data-element_type=\"section\" data-e-type=\"section\">\n\t\t\t\t\t\t<div class=\"elementor-container elementor-column-gap-default\">\n\t\t\t\t\t<div class=\"elementor-column elementor-col-50 elementor-top-column elementor-element elementor-element-8ec7f00\" data-id=\"8ec7f00\" data-element_type=\"column\" data-e-type=\"column\">\n\t\t\t<div class=\"elementor-widget-wrap elementor-element-populated\">\n\t\t\t\t\t\t<div class=\"elementor-element elementor-element-bd00ee5 elementor-widget elementor-widget-heading\" data-id=\"bd00ee5\" data-element_type=\"widget\" data-e-type=\"widget\" data-widget_type=\"heading.default\">\n\t\t\t\t<div class=\"elementor-widget-container\">\n\t\t\t\t\t<h2 class=\"elementor-heading-title elementor-size-default\">Francesca Rotolo<\/h2>\t\t\t\t<\/div>\n\t\t\t\t<\/div>\n\t\t\t\t<div class=\"elementor-element elementor-element-2260e23 elementor-widget elementor-widget-text-editor\" data-id=\"2260e23\" data-element_type=\"widget\" data-e-type=\"widget\" data-widget_type=\"text-editor.default\">\n\t\t\t\t<div class=\"elementor-widget-container\">\n\t\t\t\t\t\t\t\t\t<p>Directora, autora y directora de MAST \u2013 Officina delle Arti.<\/p><p>Francesca Rotolo es experta en teatro social y dirige proyectos teatrales como herramienta de inclusi\u00f3n, educaci\u00f3n y transformaci\u00f3n, apoyando la crianza en prisi\u00f3n y educando sobre la legalidad.<\/p><p>Realiza actividades teatrales y art\u00edstico-culturales en las Instituciones penitenciarias de Roma-Casa Rebibbia III, en el Instituto Penitenciario de Menores \u201cCasal del Marmo\u201d de Roma, en Cassino, Sciacca y Palermo-Pagliarelli, para contribuir a la recuperaci\u00f3n de la identidad personal y a la resocializaci\u00f3n de los internos a trav\u00e9s del teatro y las artes.<\/p>\t\t\t\t\t\t\t\t<\/div>\n\t\t\t\t<\/div>\n\t\t\t\t\t<\/div>\n\t\t<\/div>\n\t\t\t\t<div class=\"elementor-column elementor-col-50 elementor-top-column elementor-element elementor-element-f699e03\" data-id=\"f699e03\" data-element_type=\"column\" data-e-type=\"column\">\n\t\t\t<div class=\"elementor-widget-wrap elementor-element-populated\">\n\t\t\t\t\t\t<div class=\"elementor-element elementor-element-8c825d6 elementor-widget elementor-widget-image\" data-id=\"8c825d6\" data-element_type=\"widget\" data-e-type=\"widget\" data-widget_type=\"image.default\">\n\t\t\t\t<div class=\"elementor-widget-container\">\n\t\t\t\t\t\t\t\t\t\t\t\t\t\t\t<img loading=\"lazy\" decoding=\"async\" width=\"700\" height=\"719\" src=\"https:\/\/fondazionebarbavarley.org\/wp-content\/uploads\/2025\/12\/premio-2025.jpg\" class=\"attachment-full size-full wp-image-25547\" alt=\"\" srcset=\"https:\/\/fondazionebarbavarley.org\/wp-content\/uploads\/2025\/12\/premio-2025.jpg 700w, https:\/\/fondazionebarbavarley.org\/wp-content\/uploads\/2025\/12\/premio-2025-292x300.jpg 292w\" sizes=\"(max-width: 700px) 100vw, 700px\" \/>\t\t\t\t\t\t\t\t\t\t\t\t\t\t\t<\/div>\n\t\t\t\t<\/div>\n\t\t\t\t\t<\/div>\n\t\t<\/div>\n\t\t\t\t\t<\/div>\n\t\t<\/section>\n\t\t\t\t<\/div>\n\t\t","protected":false},"excerpt":{"rendered":"<p>Premio Barba Varley 2025 El Premio Barba Varley 2025 se otorg\u00f3 a: El director argentino Gabriel Dombek por su documentaci\u00f3n f\u00edlmica sobre las condiciones de los menores y las prisiones [&hellip;]<\/p>\n","protected":false},"author":5,"featured_media":0,"parent":0,"menu_order":0,"comment_status":"closed","ping_status":"closed","template":"elementor_header_footer","meta":{"_acf_changed":false,"footnotes":""},"class_list":["post-25478","page","type-page","status-publish","hentry","entry"],"acf":[],"yoast_head":"<!-- This site is optimized with the Yoast SEO plugin v27.4 - https:\/\/yoast.com\/product\/yoast-seo-wordpress\/ -->\n<title>2025 | Fondazione Barba Varley - ETS<\/title>\n<meta name=\"robots\" content=\"index, follow, max-snippet:-1, max-image-preview:large, max-video-preview:-1\" \/>\n<link rel=\"canonical\" href=\"https:\/\/fondazionebarbavarley.org\/es\/premio-barba-varley-2025\/\" \/>\n<meta property=\"og:locale\" content=\"es_ES\" \/>\n<meta property=\"og:type\" content=\"article\" \/>\n<meta property=\"og:title\" content=\"2025 | Fondazione Barba Varley - ETS\" \/>\n<meta property=\"og:description\" content=\"Premio Barba Varley 2025 El Premio Barba Varley 2025 se otorg\u00f3 a: El director argentino Gabriel Dombek por su documentaci\u00f3n f\u00edlmica sobre las condiciones de los menores y las prisiones [&hellip;]\" \/>\n<meta property=\"og:url\" content=\"https:\/\/fondazionebarbavarley.org\/es\/premio-barba-varley-2025\/\" \/>\n<meta property=\"og:site_name\" content=\"Fondazione Barba Varley - ETS\" \/>\n<meta property=\"article:publisher\" content=\"https:\/\/www.facebook.com\/FondazioneBarbaVarley\" \/>\n<meta property=\"article:modified_time\" content=\"2025-12-31T19:43:10+00:00\" \/>\n<meta property=\"og:image\" content=\"https:\/\/fondazionebarbavarley.org\/wp-content\/uploads\/2025\/07\/fondazione-barba-varley-header.jpg\" \/>\n\t<meta property=\"og:image:width\" content=\"1600\" \/>\n\t<meta property=\"og:image:height\" content=\"468\" \/>\n\t<meta property=\"og:image:type\" content=\"image\/jpeg\" \/>\n<meta name=\"twitter:card\" content=\"summary_large_image\" \/>\n<!-- \/ Yoast SEO plugin. -->","yoast_head_json":{"title":"2025 | Fondazione Barba Varley - ETS","robots":{"index":"index","follow":"follow","max-snippet":"max-snippet:-1","max-image-preview":"max-image-preview:large","max-video-preview":"max-video-preview:-1"},"canonical":"https:\/\/fondazionebarbavarley.org\/es\/premio-barba-varley-2025\/","og_locale":"es_ES","og_type":"article","og_title":"2025 | Fondazione Barba Varley - ETS","og_description":"Premio Barba Varley 2025 El Premio Barba Varley 2025 se otorg\u00f3 a: El director argentino Gabriel Dombek por su documentaci\u00f3n f\u00edlmica sobre las condiciones de los menores y las prisiones [&hellip;]","og_url":"https:\/\/fondazionebarbavarley.org\/es\/premio-barba-varley-2025\/","og_site_name":"Fondazione Barba Varley - ETS","article_publisher":"https:\/\/www.facebook.com\/FondazioneBarbaVarley","article_modified_time":"2025-12-31T19:43:10+00:00","og_image":[{"width":1600,"height":468,"url":"https:\/\/fondazionebarbavarley.org\/wp-content\/uploads\/2025\/07\/fondazione-barba-varley-header.jpg","type":"image\/jpeg"}],"twitter_card":"summary_large_image","schema":{"@context":"https:\/\/schema.org","@graph":[{"@type":"WebPage","@id":"https:\/\/fondazionebarbavarley.org\/es\/premio-barba-varley-2025\/","url":"https:\/\/fondazionebarbavarley.org\/es\/premio-barba-varley-2025\/","name":"2025 | Fondazione Barba Varley - ETS","isPartOf":{"@id":"https:\/\/fondazionebarbavarley.org\/es\/#website"},"primaryImageOfPage":{"@id":"https:\/\/fondazionebarbavarley.org\/es\/premio-barba-varley-2025\/#primaryimage"},"image":{"@id":"https:\/\/fondazionebarbavarley.org\/es\/premio-barba-varley-2025\/#primaryimage"},"thumbnailUrl":"https:\/\/fondazionebarbavarley.org\/wp-content\/uploads\/2025\/07\/fondazione-barba-varley-header.jpg","datePublished":"2025-11-29T18:31:48+00:00","dateModified":"2025-12-31T19:43:10+00:00","breadcrumb":{"@id":"https:\/\/fondazionebarbavarley.org\/es\/premio-barba-varley-2025\/#breadcrumb"},"inLanguage":"es","potentialAction":[{"@type":"ReadAction","target":["https:\/\/fondazionebarbavarley.org\/es\/premio-barba-varley-2025\/"]}]},{"@type":"ImageObject","inLanguage":"es","@id":"https:\/\/fondazionebarbavarley.org\/es\/premio-barba-varley-2025\/#primaryimage","url":"https:\/\/fondazionebarbavarley.org\/wp-content\/uploads\/2025\/07\/fondazione-barba-varley-header.jpg","contentUrl":"https:\/\/fondazionebarbavarley.org\/wp-content\/uploads\/2025\/07\/fondazione-barba-varley-header.jpg"},{"@type":"BreadcrumbList","@id":"https:\/\/fondazionebarbavarley.org\/es\/premio-barba-varley-2025\/#breadcrumb","itemListElement":[{"@type":"ListItem","position":1,"name":"Home"},{"@type":"ListItem","position":2,"name":"2025"}]},{"@type":"WebSite","@id":"https:\/\/fondazionebarbavarley.org\/es\/#website","url":"https:\/\/fondazionebarbavarley.org\/es\/","name":"Fondazione Barba Varley - ETS","description":"","publisher":{"@id":"https:\/\/fondazionebarbavarley.org\/es\/#organization"},"potentialAction":[{"@type":"SearchAction","target":{"@type":"EntryPoint","urlTemplate":"https:\/\/fondazionebarbavarley.org\/es\/?s={search_term_string}"},"query-input":{"@type":"PropertyValueSpecification","valueRequired":true,"valueName":"search_term_string"}}],"inLanguage":"es"},{"@type":"Organization","@id":"https:\/\/fondazionebarbavarley.org\/es\/#organization","name":"Fondazione Barba Varley - ETS","url":"https:\/\/fondazionebarbavarley.org\/es\/","logo":{"@type":"ImageObject","inLanguage":"es","@id":"https:\/\/fondazionebarbavarley.org\/es\/#\/schema\/logo\/image\/","url":"https:\/\/fondazionebarbavarley.org\/wp-content\/uploads\/2025\/06\/logo_bv-e1612267139930.png","contentUrl":"https:\/\/fondazionebarbavarley.org\/wp-content\/uploads\/2025\/06\/logo_bv-e1612267139930.png","width":300,"height":290,"caption":"Fondazione Barba Varley - ETS"},"image":{"@id":"https:\/\/fondazionebarbavarley.org\/es\/#\/schema\/logo\/image\/"},"sameAs":["https:\/\/www.facebook.com\/FondazioneBarbaVarley","https:\/\/www.youtube.com\/c\/FondazioneBarbaVarley"]}]}},"_links":{"self":[{"href":"https:\/\/fondazionebarbavarley.org\/es\/wp-json\/wp\/v2\/pages\/25478","targetHints":{"allow":["GET"]}}],"collection":[{"href":"https:\/\/fondazionebarbavarley.org\/es\/wp-json\/wp\/v2\/pages"}],"about":[{"href":"https:\/\/fondazionebarbavarley.org\/es\/wp-json\/wp\/v2\/types\/page"}],"author":[{"embeddable":true,"href":"https:\/\/fondazionebarbavarley.org\/es\/wp-json\/wp\/v2\/users\/5"}],"replies":[{"embeddable":true,"href":"https:\/\/fondazionebarbavarley.org\/es\/wp-json\/wp\/v2\/comments?post=25478"}],"version-history":[{"count":3,"href":"https:\/\/fondazionebarbavarley.org\/es\/wp-json\/wp\/v2\/pages\/25478\/revisions"}],"predecessor-version":[{"id":25549,"href":"https:\/\/fondazionebarbavarley.org\/es\/wp-json\/wp\/v2\/pages\/25478\/revisions\/25549"}],"wp:attachment":[{"href":"https:\/\/fondazionebarbavarley.org\/es\/wp-json\/wp\/v2\/media?parent=25478"}],"curies":[{"name":"wp","href":"https:\/\/api.w.org\/{rel}","templated":true}]}}